{"id":1567,"date":"2026-02-16T08:49:54","date_gmt":"2026-02-16T08:49:54","guid":{"rendered":"https:\/\/test.fitnessworldgym27.com\/?post_type=product&#038;p=1567"},"modified":"2026-03-30T19:25:15","modified_gmt":"2026-03-30T19:25:15","slug":"garnier-ultra-doux-apres-shampoing-lait-d-amande","status":"publish","type":"product","link":"https:\/\/cosmeticstoredz.com\/ar\/product\/garnier-ultra-doux-apres-shampoing-lait-d-amande\/","title":{"rendered":"GARNIER ULTRA DOUX APRES SHAMPOING LAIT D AMANDE"},"content":{"rendered":"<p>AU LAIT D&rsquo;AMANDE BIO &amp; S\u00c8VE D&rsquo;AGAVE BIO POUR CHEVEUX D\u00c9SHYDRAT\u00c9S<br \/>\nD\u00e9couvrez la nouvelle recette de nutrition saine\u00a0 et gourmande de Garnier Ultra DOUX pour hydrater les cheveux sans les alourdir.\u00a0 Elle associe :<br \/>\n&#8211; le\u00a0<strong>Lait d&rsquo;Amande bio d&rsquo;Espagne<\/strong>, v\u00e9ritable tr\u00e9sor nutritionnel, id\u00e9al pour hydrater sans alourdir.<br \/>\n&#8211; la\u00a0<strong>S\u00e8ve d&rsquo;Agave Bio du Mexique<\/strong>, nectar dor\u00e9 et gourmand, r\u00e9put\u00e9 pour ses vertus revitalisantes.<\/p>\n<p><strong>R\u00e9sultat<\/strong>\u00a0: hydrat\u00e9s et pleins de vie, vos cheveux sont imm\u00e9diatement d\u00e9m\u00eal\u00e9s sans \u00eatre alourdis. Ils rayonnent de vitalit\u00e9 ! Jour apr\u00e8s jour, ils sont plus soyeux et incroyablement doux au toucher.<\/p>\n<p><strong>Application : <\/strong>Apr\u00e8s chaque shampoing, appliquez une noisette de baume sur toutes les longueurs et massez en douceur jusqu\u2019aux pointes.<br \/>\nLaissez agir quelques instants et rincez.<\/p>\n<p>&nbsp;<\/p>","protected":false},"excerpt":{"rendered":"<p><strong>Apr\u00e8s-Shampooing Lait d\u2019Amande Nourricier<\/strong>, la nouvelle recette de nutrition saine et gourmande de Garnier Ultra DOUX pour hydrater les cheveux sans les alourdir.<\/p>\n<p>D\u00e9couvrez l&rsquo;Apr\u00e8s-Shampooing Lait d\u2019Amande Nourricier, la nouvelle recette de nutrition saine et gourmande de Garnier Ultra DOUX pour hydrater les cheveux sans les alourdir. Elle associe : Le Lait d&rsquo;Amande Bio d&rsquo;Espagne, v\u00e9ritable tr\u00e9sor nutritionnel, id\u00e9al pour hydrater sans alourdir. La S\u00e8ve d&rsquo;Agave Bio du Mexique, nectar dor\u00e9 et gourmand, r\u00e9put\u00e9 pour ses vertus revitalisantes.<\/p>","protected":false},"featured_media":1633,"comment_status":"open","ping_status":"closed","template":"","meta":[],"product_brand":[],"product_cat":[160,192,75,191,72,95,92],"product_tag":[125],"class_list":{"0":"post-1567","1":"product","2":"type-product","3":"status-publish","4":"has-post-thumbnail","6":"product_cat-apres-shampoing-f","7":"product_cat-apres-shampoing-h","8":"product_cat-femme","9":"product_cat-garnier","10":"product_cat-homme","11":"product_cat-soin-cheveux-f","12":"product_cat-soin-cheveux-h","13":"product_tag-made-in-france","15":"first","16":"outofstock","17":"shipping-taxable","18":"purchasable","19":"product-type-simple"},"_links":{"self":[{"href":"https:\/\/cosmeticstoredz.com\/ar\/wp-json\/wp\/v2\/product\/1567","targetHints":{"allow":["GET"]}}],"collection":[{"href":"https:\/\/cosmeticstoredz.com\/ar\/wp-json\/wp\/v2\/product"}],"about":[{"href":"https:\/\/cosmeticstoredz.com\/ar\/wp-json\/wp\/v2\/types\/product"}],"replies":[{"embeddable":true,"href":"https:\/\/cosmeticstoredz.com\/ar\/wp-json\/wp\/v2\/comments?post=1567"}],"version-history":[{"count":1,"href":"https:\/\/cosmeticstoredz.com\/ar\/wp-json\/wp\/v2\/product\/1567\/revisions"}],"predecessor-version":[{"id":1634,"href":"https:\/\/cosmeticstoredz.com\/ar\/wp-json\/wp\/v2\/product\/1567\/revisions\/1634"}],"wp:featuredmedia":[{"embeddable":true,"href":"https:\/\/cosmeticstoredz.com\/ar\/wp-json\/wp\/v2\/media\/1633"}],"wp:attachment":[{"href":"https:\/\/cosmeticstoredz.com\/ar\/wp-json\/wp\/v2\/media?parent=1567"}],"wp:term":[{"taxonomy":"product_brand","embeddable":true,"href":"https:\/\/cosmeticstoredz.com\/ar\/wp-json\/wp\/v2\/product_brand?post=1567"},{"taxonomy":"product_cat","embeddable":true,"href":"https:\/\/cosmeticstoredz.com\/ar\/wp-json\/wp\/v2\/product_cat?post=1567"},{"taxonomy":"product_tag","embeddable":true,"href":"https:\/\/cosmeticstoredz.com\/ar\/wp-json\/wp\/v2\/product_tag?post=1567"}],"curies":[{"name":"wp","href":"https:\/\/api.w.org\/{rel}","templated":true}]}}