{"id":15669,"date":"2025-12-20T14:29:58","date_gmt":"2025-12-20T14:29:58","guid":{"rendered":"https:\/\/test.fitnessworldgym27.com\/?post_type=product&#038;p=15669"},"modified":"2026-04-07T14:23:53","modified_gmt":"2026-04-07T14:23:53","slug":"sabiona-creme-naturel-anti-cerne","status":"publish","type":"product","link":"https:\/\/cosmeticstoredz.com\/ar\/product\/sabiona-creme-naturel-anti-cerne\/","title":{"rendered":"SABIONA CREME NATUREL ANTI CERNE 10G"},"content":{"rendered":"<p>La\u00a0<strong class=\"Yjhzub\" data-complete=\"true\" data-processed=\"true\">Sabiona Cr\u00e8me Naturelle Anti-Cernes<\/strong>\u00a0<mark class=\"HxTRcb\" data-complete=\"true\" data-sae=\"\">est un soin sp\u00e9cifique pour le contour des yeux, formul\u00e9 pour\u00a0<strong class=\"Yjhzub\" data-complete=\"true\">\u00e9claircir la zone, \u00e9liminer les cernes, et att\u00e9nuer le rel\u00e2chement cutan\u00e9 ainsi que les rides<\/strong><\/mark>.<\/p>","protected":false},"excerpt":{"rendered":"<p>La\u00a0Sabiona Cr\u00e8me Naturelle Anti-Cernes\u00a0est un soin sp\u00e9cifique pour le contour des yeux, formul\u00e9 pour\u00a0\u00e9claircir la zone, \u00e9liminer les cernes, et<\/p>","protected":false},"featured_media":23625,"comment_status":"closed","ping_status":"closed","template":"","meta":[],"product_brand":[],"product_cat":[75,293,76],"product_tag":[],"class_list":{"0":"post-15669","1":"product","2":"type-product","3":"status-publish","4":"has-post-thumbnail","6":"product_cat-femme","7":"product_cat-sabiona","8":"product_cat-soin-visage-f","10":"first","11":"instock","12":"sale","13":"shipping-taxable","14":"purchasable","15":"product-type-simple"},"_links":{"self":[{"href":"https:\/\/cosmeticstoredz.com\/ar\/wp-json\/wp\/v2\/product\/15669","targetHints":{"allow":["GET"]}}],"collection":[{"href":"https:\/\/cosmeticstoredz.com\/ar\/wp-json\/wp\/v2\/product"}],"about":[{"href":"https:\/\/cosmeticstoredz.com\/ar\/wp-json\/wp\/v2\/types\/product"}],"replies":[{"embeddable":true,"href":"https:\/\/cosmeticstoredz.com\/ar\/wp-json\/wp\/v2\/comments?post=15669"}],"version-history":[{"count":2,"href":"https:\/\/cosmeticstoredz.com\/ar\/wp-json\/wp\/v2\/product\/15669\/revisions"}],"predecessor-version":[{"id":25536,"href":"https:\/\/cosmeticstoredz.com\/ar\/wp-json\/wp\/v2\/product\/15669\/revisions\/25536"}],"wp:featuredmedia":[{"embeddable":true,"href":"https:\/\/cosmeticstoredz.com\/ar\/wp-json\/wp\/v2\/media\/23625"}],"wp:attachment":[{"href":"https:\/\/cosmeticstoredz.com\/ar\/wp-json\/wp\/v2\/media?parent=15669"}],"wp:term":[{"taxonomy":"product_brand","embeddable":true,"href":"https:\/\/cosmeticstoredz.com\/ar\/wp-json\/wp\/v2\/product_brand?post=15669"},{"taxonomy":"product_cat","embeddable":true,"href":"https:\/\/cosmeticstoredz.com\/ar\/wp-json\/wp\/v2\/product_cat?post=15669"},{"taxonomy":"product_tag","embeddable":true,"href":"https:\/\/cosmeticstoredz.com\/ar\/wp-json\/wp\/v2\/product_tag?post=15669"}],"curies":[{"name":"wp","href":"https:\/\/api.w.org\/{rel}","templated":true}]}}