{"id":15668,"date":"2025-12-20T14:29:57","date_gmt":"2025-12-20T14:29:57","guid":{"rendered":"https:\/\/test.fitnessworldgym27.com\/?post_type=product&#038;p=15668"},"modified":"2026-04-07T14:23:53","modified_gmt":"2026-04-07T14:23:53","slug":"sabiona-lhuile-depilatoire-anti-repousse","status":"publish","type":"product","link":"https:\/\/cosmeticstoredz.com\/ar\/product\/sabiona-lhuile-depilatoire-anti-repousse\/","title":{"rendered":"SABIONA L&rsquo;HUILE DEPILATOIRE ANTI REPOUSSE"},"content":{"rendered":"<p>L&rsquo;<strong class=\"Yjhzub\" data-complete=\"true\" data-processed=\"true\">huile d\u00e9pilatoire anti-repousse Sabiona<\/strong>\u00a0est un produit principalement connu via les r\u00e9seaux sociaux, qui pr\u00e9tend offrir une efficacit\u00e9 sup\u00e9rieure \u00e0 l&rsquo;\u00e9pilation laser pour faire dispara\u00eetre les poils<\/p>","protected":false},"excerpt":{"rendered":"<p>L&rsquo;huile d\u00e9pilatoire anti-repousse Sabiona\u00a0est un produit principalement connu via les r\u00e9seaux sociaux, qui pr\u00e9tend offrir une efficacit\u00e9 sup\u00e9rieure \u00e0 l&rsquo;\u00e9pilation<\/p>","protected":false},"featured_media":23623,"comment_status":"closed","ping_status":"closed","template":"","meta":[],"product_brand":[],"product_cat":[100,293,81],"product_tag":[],"class_list":{"0":"post-15668","1":"product","2":"type-product","3":"status-publish","4":"has-post-thumbnail","6":"product_cat-huile-de-massage","7":"product_cat-sabiona","8":"product_cat-soin-corps-f","10":"first","11":"instock","12":"sale","13":"shipping-taxable","14":"purchasable","15":"product-type-simple"},"_links":{"self":[{"href":"https:\/\/cosmeticstoredz.com\/ar\/wp-json\/wp\/v2\/product\/15668","targetHints":{"allow":["GET"]}}],"collection":[{"href":"https:\/\/cosmeticstoredz.com\/ar\/wp-json\/wp\/v2\/product"}],"about":[{"href":"https:\/\/cosmeticstoredz.com\/ar\/wp-json\/wp\/v2\/types\/product"}],"replies":[{"embeddable":true,"href":"https:\/\/cosmeticstoredz.com\/ar\/wp-json\/wp\/v2\/comments?post=15668"}],"version-history":[{"count":1,"href":"https:\/\/cosmeticstoredz.com\/ar\/wp-json\/wp\/v2\/product\/15668\/revisions"}],"predecessor-version":[{"id":23624,"href":"https:\/\/cosmeticstoredz.com\/ar\/wp-json\/wp\/v2\/product\/15668\/revisions\/23624"}],"wp:featuredmedia":[{"embeddable":true,"href":"https:\/\/cosmeticstoredz.com\/ar\/wp-json\/wp\/v2\/media\/23623"}],"wp:attachment":[{"href":"https:\/\/cosmeticstoredz.com\/ar\/wp-json\/wp\/v2\/media?parent=15668"}],"wp:term":[{"taxonomy":"product_brand","embeddable":true,"href":"https:\/\/cosmeticstoredz.com\/ar\/wp-json\/wp\/v2\/product_brand?post=15668"},{"taxonomy":"product_cat","embeddable":true,"href":"https:\/\/cosmeticstoredz.com\/ar\/wp-json\/wp\/v2\/product_cat?post=15668"},{"taxonomy":"product_tag","embeddable":true,"href":"https:\/\/cosmeticstoredz.com\/ar\/wp-json\/wp\/v2\/product_tag?post=15668"}],"curies":[{"name":"wp","href":"https:\/\/api.w.org\/{rel}","templated":true}]}}