{"id":15667,"date":"2025-12-20T14:29:53","date_gmt":"2025-12-20T14:29:53","guid":{"rendered":"https:\/\/test.fitnessworldgym27.com\/?post_type=product&#038;p=15667"},"modified":"2026-03-30T19:24:10","modified_gmt":"2026-03-30T19:24:10","slug":"sabiona-savon-naturel-charbon-active-pour-peaux-grasse","status":"publish","type":"product","link":"https:\/\/cosmeticstoredz.com\/ar\/product\/sabiona-savon-naturel-charbon-active-pour-peaux-grasse\/","title":{"rendered":"SABIONA SAVON NATUREL CHARBON ACTIVE POUR PEAUX GRASSE"},"content":{"rendered":"<p>Le\u00a0<strong class=\"Yjhzub\" data-complete=\"true\" data-processed=\"true\">Sabiona Savon Naturel au Charbon Actif<\/strong>\u00a0<mark class=\"HxTRcb\" data-complete=\"true\" data-sae=\"\">est sp\u00e9cialement formul\u00e9 pour les\u00a0<strong class=\"Yjhzub\" data-complete=\"true\">peaux grasses, mixtes, acn\u00e9iques ou \u00e0 imperfections<\/strong><\/mark>. Il agit en profondeur pour purifier la peau, absorber l&rsquo;exc\u00e8s de s\u00e9bum et d\u00e9sincruster les pores, offrant un effet d\u00e9toxifiant<\/p>","protected":false},"excerpt":{"rendered":"<p>Le\u00a0Sabiona Savon Naturel au Charbon Actif\u00a0est sp\u00e9cialement formul\u00e9 pour les\u00a0peaux grasses, mixtes, acn\u00e9iques ou \u00e0 imperfections. Il agit en profondeur<\/p>","protected":false},"featured_media":23621,"comment_status":"closed","ping_status":"closed","template":"","meta":[],"product_brand":[],"product_cat":[293,103,76],"product_tag":[],"class_list":{"0":"post-15667","1":"product","2":"type-product","3":"status-publish","4":"has-post-thumbnail","6":"product_cat-sabiona","7":"product_cat-savon-soin-visage-f","8":"product_cat-soin-visage-f","10":"first","11":"outofstock","12":"sale","13":"shipping-taxable","14":"purchasable","15":"product-type-simple"},"_links":{"self":[{"href":"https:\/\/cosmeticstoredz.com\/ar\/wp-json\/wp\/v2\/product\/15667","targetHints":{"allow":["GET"]}}],"collection":[{"href":"https:\/\/cosmeticstoredz.com\/ar\/wp-json\/wp\/v2\/product"}],"about":[{"href":"https:\/\/cosmeticstoredz.com\/ar\/wp-json\/wp\/v2\/types\/product"}],"replies":[{"embeddable":true,"href":"https:\/\/cosmeticstoredz.com\/ar\/wp-json\/wp\/v2\/comments?post=15667"}],"version-history":[{"count":1,"href":"https:\/\/cosmeticstoredz.com\/ar\/wp-json\/wp\/v2\/product\/15667\/revisions"}],"predecessor-version":[{"id":23622,"href":"https:\/\/cosmeticstoredz.com\/ar\/wp-json\/wp\/v2\/product\/15667\/revisions\/23622"}],"wp:featuredmedia":[{"embeddable":true,"href":"https:\/\/cosmeticstoredz.com\/ar\/wp-json\/wp\/v2\/media\/23621"}],"wp:attachment":[{"href":"https:\/\/cosmeticstoredz.com\/ar\/wp-json\/wp\/v2\/media?parent=15667"}],"wp:term":[{"taxonomy":"product_brand","embeddable":true,"href":"https:\/\/cosmeticstoredz.com\/ar\/wp-json\/wp\/v2\/product_brand?post=15667"},{"taxonomy":"product_cat","embeddable":true,"href":"https:\/\/cosmeticstoredz.com\/ar\/wp-json\/wp\/v2\/product_cat?post=15667"},{"taxonomy":"product_tag","embeddable":true,"href":"https:\/\/cosmeticstoredz.com\/ar\/wp-json\/wp\/v2\/product_tag?post=15667"}],"curies":[{"name":"wp","href":"https:\/\/api.w.org\/{rel}","templated":true}]}}