{"id":15665,"date":"2025-12-20T14:29:52","date_gmt":"2025-12-20T14:29:52","guid":{"rendered":"https:\/\/test.fitnessworldgym27.com\/?post_type=product&#038;p=15665"},"modified":"2026-04-11T00:18:33","modified_gmt":"2026-04-11T00:18:33","slug":"sabiona-savon-naturel-aloe-vera-pour-lhydratation","status":"publish","type":"product","link":"https:\/\/cosmeticstoredz.com\/ar\/product\/sabiona-savon-naturel-aloe-vera-pour-lhydratation\/","title":{"rendered":"SABIONA SAVON NATUREL ALOE VERA POUR L&rsquo;HYDRATATION"},"content":{"rendered":"<p>Le savon naturel \u00e0 l&rsquo;aloe vera\u00a0<strong class=\"Yjhzub\" data-complete=\"true\" data-processed=\"true\">Sabiona<\/strong>\u00a0est con\u00e7u pour l&rsquo;hydratation et le soin des peaux sensibles, offrant des propri\u00e9t\u00e9s apaisantes et r\u00e9paratrices<\/p>","protected":false},"excerpt":{"rendered":"<p>Le savon naturel \u00e0 l&rsquo;aloe vera\u00a0Sabiona\u00a0est con\u00e7u pour l&rsquo;hydratation et le soin des peaux sensibles, offrant des propri\u00e9t\u00e9s apaisantes et<\/p>","protected":false},"featured_media":23617,"comment_status":"closed","ping_status":"closed","template":"","meta":[],"product_brand":[],"product_cat":[293,102,81,76],"product_tag":[],"class_list":{"0":"post-15665","1":"product","2":"type-product","3":"status-publish","4":"has-post-thumbnail","6":"product_cat-sabiona","7":"product_cat-savon","8":"product_cat-soin-corps-f","9":"product_cat-soin-visage-f","11":"first","12":"instock","13":"sale","14":"shipping-taxable","15":"purchasable","16":"product-type-simple"},"_links":{"self":[{"href":"https:\/\/cosmeticstoredz.com\/ar\/wp-json\/wp\/v2\/product\/15665","targetHints":{"allow":["GET"]}}],"collection":[{"href":"https:\/\/cosmeticstoredz.com\/ar\/wp-json\/wp\/v2\/product"}],"about":[{"href":"https:\/\/cosmeticstoredz.com\/ar\/wp-json\/wp\/v2\/types\/product"}],"replies":[{"embeddable":true,"href":"https:\/\/cosmeticstoredz.com\/ar\/wp-json\/wp\/v2\/comments?post=15665"}],"version-history":[{"count":1,"href":"https:\/\/cosmeticstoredz.com\/ar\/wp-json\/wp\/v2\/product\/15665\/revisions"}],"predecessor-version":[{"id":23618,"href":"https:\/\/cosmeticstoredz.com\/ar\/wp-json\/wp\/v2\/product\/15665\/revisions\/23618"}],"wp:featuredmedia":[{"embeddable":true,"href":"https:\/\/cosmeticstoredz.com\/ar\/wp-json\/wp\/v2\/media\/23617"}],"wp:attachment":[{"href":"https:\/\/cosmeticstoredz.com\/ar\/wp-json\/wp\/v2\/media?parent=15665"}],"wp:term":[{"taxonomy":"product_brand","embeddable":true,"href":"https:\/\/cosmeticstoredz.com\/ar\/wp-json\/wp\/v2\/product_brand?post=15665"},{"taxonomy":"product_cat","embeddable":true,"href":"https:\/\/cosmeticstoredz.com\/ar\/wp-json\/wp\/v2\/product_cat?post=15665"},{"taxonomy":"product_tag","embeddable":true,"href":"https:\/\/cosmeticstoredz.com\/ar\/wp-json\/wp\/v2\/product_tag?post=15665"}],"curies":[{"name":"wp","href":"https:\/\/api.w.org\/{rel}","templated":true}]}}