{"id":15662,"date":"2025-12-20T14:29:48","date_gmt":"2025-12-20T14:29:48","guid":{"rendered":"https:\/\/test.fitnessworldgym27.com\/?post_type=product&#038;p=15662"},"modified":"2026-03-30T19:24:10","modified_gmt":"2026-03-30T19:24:10","slug":"sabiona-savon-naturel-au-cafe-exfoliant-80g","status":"publish","type":"product","link":"https:\/\/cosmeticstoredz.com\/ar\/product\/sabiona-savon-naturel-au-cafe-exfoliant-80g\/","title":{"rendered":"SABIONA SAVON NATUREL AU CAFE EXFOLIANT 80G"},"content":{"rendered":"<p>Le savon SABIONA SAVON NATUREL AU CAFE EXFOLIANT 80G est un produit sp\u00e9cifique qui offre une exfoliation naturelle gr\u00e2ce au marc de caf\u00e9, stimulant la microcirculation et laissant la peau douce<\/p>","protected":false},"excerpt":{"rendered":"<p>Le savon SABIONA SAVON NATUREL AU CAFE EXFOLIANT 80G est un produit sp\u00e9cifique qui offre une exfoliation naturelle gr\u00e2ce au<\/p>","protected":false},"featured_media":23611,"comment_status":"closed","ping_status":"closed","template":"","meta":[],"product_brand":[],"product_cat":[94,293,81],"product_tag":[],"class_list":{"0":"post-15662","1":"product","2":"type-product","3":"status-publish","4":"has-post-thumbnail","6":"product_cat-gommage-fc","7":"product_cat-sabiona","8":"product_cat-soin-corps-f","10":"first","11":"instock","12":"sale","13":"shipping-taxable","14":"purchasable","15":"product-type-simple"},"_links":{"self":[{"href":"https:\/\/cosmeticstoredz.com\/ar\/wp-json\/wp\/v2\/product\/15662","targetHints":{"allow":["GET"]}}],"collection":[{"href":"https:\/\/cosmeticstoredz.com\/ar\/wp-json\/wp\/v2\/product"}],"about":[{"href":"https:\/\/cosmeticstoredz.com\/ar\/wp-json\/wp\/v2\/types\/product"}],"replies":[{"embeddable":true,"href":"https:\/\/cosmeticstoredz.com\/ar\/wp-json\/wp\/v2\/comments?post=15662"}],"version-history":[{"count":1,"href":"https:\/\/cosmeticstoredz.com\/ar\/wp-json\/wp\/v2\/product\/15662\/revisions"}],"predecessor-version":[{"id":23612,"href":"https:\/\/cosmeticstoredz.com\/ar\/wp-json\/wp\/v2\/product\/15662\/revisions\/23612"}],"wp:featuredmedia":[{"embeddable":true,"href":"https:\/\/cosmeticstoredz.com\/ar\/wp-json\/wp\/v2\/media\/23611"}],"wp:attachment":[{"href":"https:\/\/cosmeticstoredz.com\/ar\/wp-json\/wp\/v2\/media?parent=15662"}],"wp:term":[{"taxonomy":"product_brand","embeddable":true,"href":"https:\/\/cosmeticstoredz.com\/ar\/wp-json\/wp\/v2\/product_brand?post=15662"},{"taxonomy":"product_cat","embeddable":true,"href":"https:\/\/cosmeticstoredz.com\/ar\/wp-json\/wp\/v2\/product_cat?post=15662"},{"taxonomy":"product_tag","embeddable":true,"href":"https:\/\/cosmeticstoredz.com\/ar\/wp-json\/wp\/v2\/product_tag?post=15662"}],"curies":[{"name":"wp","href":"https:\/\/api.w.org\/{rel}","templated":true}]}}