{"id":15661,"date":"2025-12-20T14:29:47","date_gmt":"2025-12-20T14:29:47","guid":{"rendered":"https:\/\/test.fitnessworldgym27.com\/?post_type=product&#038;p=15661"},"modified":"2026-03-30T19:24:09","modified_gmt":"2026-03-30T19:24:09","slug":"sabiona-baume-a-levre-naturel","status":"publish","type":"product","link":"https:\/\/cosmeticstoredz.com\/ar\/product\/sabiona-baume-a-levre-naturel\/","title":{"rendered":"SABIONA BAUME A LEVRE NATUREL"},"content":{"rendered":"<p><mark class=\"HxTRcb\" data-complete=\"true\" data-sae=\"\">est un produit con\u00e7u pour\u00a0<strong class=\"Yjhzub\" data-complete=\"true\">hydrater et r\u00e9parer<\/strong>\u00a0les l\u00e8vres s\u00e8ches ou gerc\u00e9es gr\u00e2ce \u00e0 une formulation \u00e0 base d&rsquo;ingr\u00e9dients naturels<\/mark>.<span class=\"uJ19be notranslate\" data-wiz-uids=\"xrv0Ie_f,xrv0Ie_g,xrv0Ie_h\" data-complete=\"true\" data-processed=\"true\"><span class=\"vKEkVd\" data-animation-atomic=\"\" data-wiz-attrbind=\"class=xrv0Ie_f\/TKHnVd;\" data-sae=\"\">\u00a0<\/span><\/span><\/p>","protected":false},"excerpt":{"rendered":"<p>est un produit con\u00e7u pour\u00a0hydrater et r\u00e9parer\u00a0les l\u00e8vres s\u00e8ches ou gerc\u00e9es gr\u00e2ce \u00e0 une formulation \u00e0 base d&rsquo;ingr\u00e9dients naturels.\u00a0<\/p>","protected":false},"featured_media":23609,"comment_status":"closed","ping_status":"closed","template":"","meta":[],"product_brand":[],"product_cat":[75,293,76],"product_tag":[],"class_list":{"0":"post-15661","1":"product","2":"type-product","3":"status-publish","4":"has-post-thumbnail","6":"product_cat-femme","7":"product_cat-sabiona","8":"product_cat-soin-visage-f","10":"first","11":"instock","12":"shipping-taxable","13":"purchasable","14":"product-type-simple"},"_links":{"self":[{"href":"https:\/\/cosmeticstoredz.com\/ar\/wp-json\/wp\/v2\/product\/15661","targetHints":{"allow":["GET"]}}],"collection":[{"href":"https:\/\/cosmeticstoredz.com\/ar\/wp-json\/wp\/v2\/product"}],"about":[{"href":"https:\/\/cosmeticstoredz.com\/ar\/wp-json\/wp\/v2\/types\/product"}],"replies":[{"embeddable":true,"href":"https:\/\/cosmeticstoredz.com\/ar\/wp-json\/wp\/v2\/comments?post=15661"}],"version-history":[{"count":1,"href":"https:\/\/cosmeticstoredz.com\/ar\/wp-json\/wp\/v2\/product\/15661\/revisions"}],"predecessor-version":[{"id":23610,"href":"https:\/\/cosmeticstoredz.com\/ar\/wp-json\/wp\/v2\/product\/15661\/revisions\/23610"}],"wp:featuredmedia":[{"embeddable":true,"href":"https:\/\/cosmeticstoredz.com\/ar\/wp-json\/wp\/v2\/media\/23609"}],"wp:attachment":[{"href":"https:\/\/cosmeticstoredz.com\/ar\/wp-json\/wp\/v2\/media?parent=15661"}],"wp:term":[{"taxonomy":"product_brand","embeddable":true,"href":"https:\/\/cosmeticstoredz.com\/ar\/wp-json\/wp\/v2\/product_brand?post=15661"},{"taxonomy":"product_cat","embeddable":true,"href":"https:\/\/cosmeticstoredz.com\/ar\/wp-json\/wp\/v2\/product_cat?post=15661"},{"taxonomy":"product_tag","embeddable":true,"href":"https:\/\/cosmeticstoredz.com\/ar\/wp-json\/wp\/v2\/product_tag?post=15661"}],"curies":[{"name":"wp","href":"https:\/\/api.w.org\/{rel}","templated":true}]}}