{"id":15660,"date":"2025-12-20T14:29:46","date_gmt":"2025-12-20T14:29:46","guid":{"rendered":"https:\/\/test.fitnessworldgym27.com\/?post_type=product&#038;p=15660"},"modified":"2026-03-30T19:24:10","modified_gmt":"2026-03-30T19:24:10","slug":"sabiona-savon-naturel-au-figue-de-barbarie-80g","status":"publish","type":"product","link":"https:\/\/cosmeticstoredz.com\/ar\/product\/sabiona-savon-naturel-au-figue-de-barbarie-80g\/","title":{"rendered":"SABIONA SAVON NATUREL AU FIGUE DE BARBARIE 80G"},"content":{"rendered":"<p>Le\u00a0<strong class=\"Yjhzub\" data-complete=\"true\" data-processed=\"true\">Savon Naturel SABIONA au Figue de Barbarie 80g<\/strong>\u00a0<mark class=\"HxTRcb\" data-complete=\"true\" data-sae=\"\">est un produit hydratant et nourrissant con\u00e7u pour la peau<\/mark>. Ce savon est enrichi en huile de p\u00e9pins de figue de barbarie, reconnue pour ses vertus anti-\u00e2ge et r\u00e9g\u00e9n\u00e9rantes<\/p>","protected":false},"excerpt":{"rendered":"<p>Le\u00a0Savon Naturel SABIONA au Figue de Barbarie 80g\u00a0est un produit hydratant et nourrissant con\u00e7u pour la peau. Ce savon est<\/p>","protected":false},"featured_media":23607,"comment_status":"closed","ping_status":"closed","template":"","meta":[],"product_brand":[],"product_cat":[293,103,76],"product_tag":[],"class_list":{"0":"post-15660","1":"product","2":"type-product","3":"status-publish","4":"has-post-thumbnail","6":"product_cat-sabiona","7":"product_cat-savon-soin-visage-f","8":"product_cat-soin-visage-f","10":"first","11":"instock","12":"sale","13":"shipping-taxable","14":"purchasable","15":"product-type-simple"},"_links":{"self":[{"href":"https:\/\/cosmeticstoredz.com\/ar\/wp-json\/wp\/v2\/product\/15660","targetHints":{"allow":["GET"]}}],"collection":[{"href":"https:\/\/cosmeticstoredz.com\/ar\/wp-json\/wp\/v2\/product"}],"about":[{"href":"https:\/\/cosmeticstoredz.com\/ar\/wp-json\/wp\/v2\/types\/product"}],"replies":[{"embeddable":true,"href":"https:\/\/cosmeticstoredz.com\/ar\/wp-json\/wp\/v2\/comments?post=15660"}],"version-history":[{"count":2,"href":"https:\/\/cosmeticstoredz.com\/ar\/wp-json\/wp\/v2\/product\/15660\/revisions"}],"predecessor-version":[{"id":25510,"href":"https:\/\/cosmeticstoredz.com\/ar\/wp-json\/wp\/v2\/product\/15660\/revisions\/25510"}],"wp:featuredmedia":[{"embeddable":true,"href":"https:\/\/cosmeticstoredz.com\/ar\/wp-json\/wp\/v2\/media\/23607"}],"wp:attachment":[{"href":"https:\/\/cosmeticstoredz.com\/ar\/wp-json\/wp\/v2\/media?parent=15660"}],"wp:term":[{"taxonomy":"product_brand","embeddable":true,"href":"https:\/\/cosmeticstoredz.com\/ar\/wp-json\/wp\/v2\/product_brand?post=15660"},{"taxonomy":"product_cat","embeddable":true,"href":"https:\/\/cosmeticstoredz.com\/ar\/wp-json\/wp\/v2\/product_cat?post=15660"},{"taxonomy":"product_tag","embeddable":true,"href":"https:\/\/cosmeticstoredz.com\/ar\/wp-json\/wp\/v2\/product_tag?post=15660"}],"curies":[{"name":"wp","href":"https:\/\/api.w.org\/{rel}","templated":true}]}}