{"id":1565,"date":"2026-02-16T08:49:54","date_gmt":"2026-02-16T08:49:54","guid":{"rendered":"https:\/\/test.fitnessworldgym27.com\/?post_type=product&#038;p=1565"},"modified":"2026-03-30T19:25:15","modified_gmt":"2026-03-30T19:25:15","slug":"garnier-ultra-doux-apres-shampoing-lait-de-coco","status":"publish","type":"product","link":"https:\/\/cosmeticstoredz.com\/ar\/product\/garnier-ultra-doux-apres-shampoing-lait-de-coco\/","title":{"rendered":"GARNIER ULTRA DOUX APRES SHAMPOING LAIT DE COCO"},"content":{"rendered":"<p>LAIT DE COCO ET HUILE DE MACADAMIA POUR LES CHEVEUX SECS \u00c0 TR\u00c8S SECS<\/p>\n<p>V\u00e9ritable recette de nutrition con\u00e7ue pour nourrir et assouplir les cheveux secs \u00e0 tr\u00e8s secs sans les alourdir, Garnier Ultra Doux associe le lait de Coco pour nourrir et assouplir intens\u00e9ment \u00e0 l\u2019huile de Macadamia qui poss\u00e8de des vertus nutritives exceptionnelles, offrant souplesse et douceur aux cheveux.<\/p>\n<p><strong>R\u00e9sultat<\/strong> : intens\u00e9ment nourris et d\u00e9m\u00eal\u00e9s, vos cheveux sont plus souples, brillants, doux au toucher et rayonnent de beaut\u00e9. Sa texture cr\u00e9meuse au parfum gourmand enveloppe g\u00e9n\u00e9reusement les cheveux de soin.<\/p>\n<p><strong>Application :<\/strong> Apr\u00e8s chaque shampooing, appliquez et massez en douceur jusqu\u2019aux pointes. Laissez agir quelques instants et rincez.<\/p>\n<p>&nbsp;<\/p>","protected":false},"excerpt":{"rendered":"<p>Apr\u00e8s-shampooing nourrissant <strong>Garnier Ultra DOUX au lait de coco<\/strong> et macadamia pour nourrir, adoucir et d\u00e9m\u00ealer les cheveux. R\u00e9sultat : intens\u00e9ment nourris et d\u00e9m\u00eal\u00e9s, vos cheveux sont plus souples, brillants, doux au toucher et rayonnent de beaut\u00e9.<\/p>","protected":false},"featured_media":1629,"comment_status":"open","ping_status":"closed","template":"","meta":[],"product_brand":[],"product_cat":[160,192,75,191,72,95,92],"product_tag":[125],"class_list":{"0":"post-1565","1":"product","2":"type-product","3":"status-publish","4":"has-post-thumbnail","6":"product_cat-apres-shampoing-f","7":"product_cat-apres-shampoing-h","8":"product_cat-femme","9":"product_cat-garnier","10":"product_cat-homme","11":"product_cat-soin-cheveux-f","12":"product_cat-soin-cheveux-h","13":"product_tag-made-in-france","15":"first","16":"outofstock","17":"shipping-taxable","18":"purchasable","19":"product-type-simple"},"_links":{"self":[{"href":"https:\/\/cosmeticstoredz.com\/ar\/wp-json\/wp\/v2\/product\/1565","targetHints":{"allow":["GET"]}}],"collection":[{"href":"https:\/\/cosmeticstoredz.com\/ar\/wp-json\/wp\/v2\/product"}],"about":[{"href":"https:\/\/cosmeticstoredz.com\/ar\/wp-json\/wp\/v2\/types\/product"}],"replies":[{"embeddable":true,"href":"https:\/\/cosmeticstoredz.com\/ar\/wp-json\/wp\/v2\/comments?post=1565"}],"version-history":[{"count":1,"href":"https:\/\/cosmeticstoredz.com\/ar\/wp-json\/wp\/v2\/product\/1565\/revisions"}],"predecessor-version":[{"id":1630,"href":"https:\/\/cosmeticstoredz.com\/ar\/wp-json\/wp\/v2\/product\/1565\/revisions\/1630"}],"wp:featuredmedia":[{"embeddable":true,"href":"https:\/\/cosmeticstoredz.com\/ar\/wp-json\/wp\/v2\/media\/1629"}],"wp:attachment":[{"href":"https:\/\/cosmeticstoredz.com\/ar\/wp-json\/wp\/v2\/media?parent=1565"}],"wp:term":[{"taxonomy":"product_brand","embeddable":true,"href":"https:\/\/cosmeticstoredz.com\/ar\/wp-json\/wp\/v2\/product_brand?post=1565"},{"taxonomy":"product_cat","embeddable":true,"href":"https:\/\/cosmeticstoredz.com\/ar\/wp-json\/wp\/v2\/product_cat?post=1565"},{"taxonomy":"product_tag","embeddable":true,"href":"https:\/\/cosmeticstoredz.com\/ar\/wp-json\/wp\/v2\/product_tag?post=1565"}],"curies":[{"name":"wp","href":"https:\/\/api.w.org\/{rel}","templated":true}]}}