{"id":1563,"date":"2026-02-16T08:49:54","date_gmt":"2026-02-16T08:49:54","guid":{"rendered":"https:\/\/test.fitnessworldgym27.com\/?post_type=product&#038;p=1563"},"modified":"2026-03-30T19:25:15","modified_gmt":"2026-03-30T19:25:15","slug":"garnier-ultra-doux-apres-shampoing-huile-d-avocat","status":"publish","type":"product","link":"https:\/\/cosmeticstoredz.com\/ar\/product\/garnier-ultra-doux-apres-shampoing-huile-d-avocat\/","title":{"rendered":"GARNIER ULTRA DOUX APRES SHAMPOING HUILE D AVOCAT"},"content":{"rendered":"<p>\u00c0 L&rsquo;HUILE D&rsquo;AVOCAT ET AU BEURRE DE KARIT\u00c9 POUR LES CHEVEUX BOUCL\u00c9S \u00c0 FRIS\u00c9S<br \/>\nV\u00e9ritable recette de nutrition intense pour les cheveux boucl\u00e9s \u00e0 fris\u00e9s, Garnier Ultra Doux associe l\u2019Huile d\u2019Avocat reconnue pour ses propri\u00e9t\u00e9s assouplissantes au Beurre de Karit\u00e9, issu d\u2019un commerce \u00e9quitable, r\u00e9put\u00e9 pour ses vertus hautement nutritives dans une texture cr\u00e9meuse et onctueuse qui n\u2019alourdit pas vos cheveux.<\/p>\n<p><strong>R\u00e9sultat<\/strong> : extr\u00eamement faciles \u00e0 coiffer, vos cheveux retrouvent une douceur irr\u00e9sistible. Sans \u00eatre alourdis, ils sont nourris en profondeur, sont vraiment plus brillants et regorgent de sant\u00e9.<\/p>\n<p><strong>Application :<\/strong> Apr\u00e8s chaque shampooing, appliquez une noisette de baume sur toutes les longueurs et massez en douceur jusqu\u2019aux pointes. Laissez agir quelques instants et rincez.<\/p>\n<div class=\"container\">\n<div class=\"content-cube\">\n<h2 class=\"cube-title\"><\/h2>\n<\/div>\n<\/div>","protected":false},"excerpt":{"rendered":"<p><strong>Apr\u00e8s-shampooing cr\u00e8me riche Garnier Ultra DOUX \u00e0 l&rsquo;huile d&rsquo;avocat et au beurre de karit\u00e9<\/strong> pour cheveux tr\u00e8s secs ou fris\u00e9s. R\u00e9sultat : extr\u00eamement faciles \u00e0 coiffer, vos cheveux retrouvent une douceur irr\u00e9sistible. Sans \u00eatre alourdis, ils sont nourris en profondeur, sont vraiment plus brillants et regorgent de sant\u00e9.<\/p>","protected":false},"featured_media":1625,"comment_status":"open","ping_status":"closed","template":"","meta":[],"product_brand":[],"product_cat":[160,192,75,191,72,95,92],"product_tag":[125],"class_list":{"0":"post-1563","1":"product","2":"type-product","3":"status-publish","4":"has-post-thumbnail","6":"product_cat-apres-shampoing-f","7":"product_cat-apres-shampoing-h","8":"product_cat-femme","9":"product_cat-garnier","10":"product_cat-homme","11":"product_cat-soin-cheveux-f","12":"product_cat-soin-cheveux-h","13":"product_tag-made-in-france","15":"first","16":"instock","17":"shipping-taxable","18":"purchasable","19":"product-type-simple"},"_links":{"self":[{"href":"https:\/\/cosmeticstoredz.com\/ar\/wp-json\/wp\/v2\/product\/1563","targetHints":{"allow":["GET"]}}],"collection":[{"href":"https:\/\/cosmeticstoredz.com\/ar\/wp-json\/wp\/v2\/product"}],"about":[{"href":"https:\/\/cosmeticstoredz.com\/ar\/wp-json\/wp\/v2\/types\/product"}],"replies":[{"embeddable":true,"href":"https:\/\/cosmeticstoredz.com\/ar\/wp-json\/wp\/v2\/comments?post=1563"}],"version-history":[{"count":1,"href":"https:\/\/cosmeticstoredz.com\/ar\/wp-json\/wp\/v2\/product\/1563\/revisions"}],"predecessor-version":[{"id":1626,"href":"https:\/\/cosmeticstoredz.com\/ar\/wp-json\/wp\/v2\/product\/1563\/revisions\/1626"}],"wp:featuredmedia":[{"embeddable":true,"href":"https:\/\/cosmeticstoredz.com\/ar\/wp-json\/wp\/v2\/media\/1625"}],"wp:attachment":[{"href":"https:\/\/cosmeticstoredz.com\/ar\/wp-json\/wp\/v2\/media?parent=1563"}],"wp:term":[{"taxonomy":"product_brand","embeddable":true,"href":"https:\/\/cosmeticstoredz.com\/ar\/wp-json\/wp\/v2\/product_brand?post=1563"},{"taxonomy":"product_cat","embeddable":true,"href":"https:\/\/cosmeticstoredz.com\/ar\/wp-json\/wp\/v2\/product_cat?post=1563"},{"taxonomy":"product_tag","embeddable":true,"href":"https:\/\/cosmeticstoredz.com\/ar\/wp-json\/wp\/v2\/product_tag?post=1563"}],"curies":[{"name":"wp","href":"https:\/\/api.w.org\/{rel}","templated":true}]}}