{"id":15583,"date":"2025-12-18T19:38:14","date_gmt":"2025-12-18T19:38:14","guid":{"rendered":"https:\/\/test.fitnessworldgym27.com\/?post_type=product&#038;p=15583"},"modified":"2026-03-30T19:24:11","modified_gmt":"2026-03-30T19:24:11","slug":"sabiona-serum-botox-30ml","status":"publish","type":"product","link":"https:\/\/cosmeticstoredz.com\/ar\/product\/sabiona-serum-botox-30ml\/","title":{"rendered":"SABIONA SERUM BOTOX 30ML"},"content":{"rendered":"<p>Le\u00a0<strong class=\"Yjhzub\" data-complete=\"true\" data-processed=\"true\">Sabiona S\u00e9rum Botox 30ml<\/strong>\u00a0<mark class=\"HxTRcb\" data-complete=\"true\" data-sae=\"\">est un soin cosm\u00e9tique anti-\u00e2ge con\u00e7u pour offrir un effet tenseur et lissant sans injection<\/mark>.<\/p>","protected":false},"excerpt":{"rendered":"<p>Le\u00a0Sabiona S\u00e9rum Botox 30ml\u00a0est un soin cosm\u00e9tique anti-\u00e2ge con\u00e7u pour offrir un effet tenseur et lissant sans injection.<\/p>","protected":false},"featured_media":23601,"comment_status":"closed","ping_status":"closed","template":"","meta":[],"product_brand":[],"product_cat":[171,293,76],"product_tag":[],"class_list":{"0":"post-15583","1":"product","2":"type-product","3":"status-publish","4":"has-post-thumbnail","6":"product_cat-creme-anti-age","7":"product_cat-sabiona","8":"product_cat-soin-visage-f","10":"first","11":"instock","12":"sale","13":"shipping-taxable","14":"purchasable","15":"product-type-simple"},"_links":{"self":[{"href":"https:\/\/cosmeticstoredz.com\/ar\/wp-json\/wp\/v2\/product\/15583","targetHints":{"allow":["GET"]}}],"collection":[{"href":"https:\/\/cosmeticstoredz.com\/ar\/wp-json\/wp\/v2\/product"}],"about":[{"href":"https:\/\/cosmeticstoredz.com\/ar\/wp-json\/wp\/v2\/types\/product"}],"replies":[{"embeddable":true,"href":"https:\/\/cosmeticstoredz.com\/ar\/wp-json\/wp\/v2\/comments?post=15583"}],"version-history":[{"count":1,"href":"https:\/\/cosmeticstoredz.com\/ar\/wp-json\/wp\/v2\/product\/15583\/revisions"}],"predecessor-version":[{"id":23602,"href":"https:\/\/cosmeticstoredz.com\/ar\/wp-json\/wp\/v2\/product\/15583\/revisions\/23602"}],"wp:featuredmedia":[{"embeddable":true,"href":"https:\/\/cosmeticstoredz.com\/ar\/wp-json\/wp\/v2\/media\/23601"}],"wp:attachment":[{"href":"https:\/\/cosmeticstoredz.com\/ar\/wp-json\/wp\/v2\/media?parent=15583"}],"wp:term":[{"taxonomy":"product_brand","embeddable":true,"href":"https:\/\/cosmeticstoredz.com\/ar\/wp-json\/wp\/v2\/product_brand?post=15583"},{"taxonomy":"product_cat","embeddable":true,"href":"https:\/\/cosmeticstoredz.com\/ar\/wp-json\/wp\/v2\/product_cat?post=15583"},{"taxonomy":"product_tag","embeddable":true,"href":"https:\/\/cosmeticstoredz.com\/ar\/wp-json\/wp\/v2\/product_tag?post=15583"}],"curies":[{"name":"wp","href":"https:\/\/api.w.org\/{rel}","templated":true}]}}