{"id":15582,"date":"2025-12-18T19:38:14","date_gmt":"2025-12-18T19:38:14","guid":{"rendered":"https:\/\/test.fitnessworldgym27.com\/?post_type=product&#038;p=15582"},"modified":"2026-03-30T19:24:10","modified_gmt":"2026-03-30T19:24:10","slug":"sabiona-huile-de-lavande-50ml","status":"publish","type":"product","link":"https:\/\/cosmeticstoredz.com\/ar\/product\/sabiona-huile-de-lavande-50ml\/","title":{"rendered":"SABIONA HUILE DE LAVANDE 50ML"},"content":{"rendered":"<p>L&rsquo;huile de lavande est largement reconnue pour ses nombreuses vertus. Selon diverses sources, elle poss\u00e8de des propri\u00e9t\u00e9s b\u00e9n\u00e9fiques pour le bien-\u00eatre et les soins de la peau<\/p>\n<ul class=\"KsbFXc U6u95\" data-complete=\"true\" data-processed=\"true\">\n<li data-hveid=\"CAEIBhAA\" data-complete=\"true\" data-sae=\"\"><span class=\"T286Pc\" data-sfc-cp=\"\" data-complete=\"true\"><strong class=\"Yjhzub\" data-complete=\"true\">Cicatrisation et R\u00e9g\u00e9n\u00e9ration :<\/strong>\u00a0Elle aide \u00e0 r\u00e9parer la peau en cas de petites coupures, br\u00fblures l\u00e9g\u00e8res ou piq\u00fbres d&rsquo;insectes.<\/span><\/li>\n<li data-hveid=\"CAEIBhAB\" data-complete=\"true\" data-sae=\"\"><span class=\"T286Pc\" data-sfc-cp=\"\" data-complete=\"true\"><strong class=\"Yjhzub\" data-complete=\"true\">Action Anti-imperfections :<\/strong>\u00a0Ses propri\u00e9t\u00e9s antiseptiques et antibact\u00e9riennes sont efficaces pour purifier les peaux \u00e0 tendance acn\u00e9ique et r\u00e9guler l&rsquo;exc\u00e8s de s\u00e9bum.<\/span><\/li>\n<li data-hveid=\"CAEIBhAC\" data-complete=\"true\" data-sae=\"\"><span class=\"T286Pc\" data-sfc-cp=\"\" data-complete=\"true\"><strong class=\"Yjhzub\" data-complete=\"true\">Apaisement :<\/strong>\u00a0Elle calme les irritations cutan\u00e9es, les rougeurs et les d\u00e9mangeaisons li\u00e9es \u00e0 la s\u00e9cheresse.<\/span><span class=\"uJ19be notranslate\" data-wiz-uids=\"gL9Ghf_1h,gL9Ghf_1i,gL9Ghf_1j\" data-complete=\"true\"><span class=\"vKEkVd\" data-animation-atomic=\"\" data-wiz-attrbind=\"class=gL9Ghf_1h\/TKHnVd;\" data-sae=\"\">\u00a0<\/span><\/span><\/li>\n<\/ul>","protected":false},"excerpt":{"rendered":"<p>L&rsquo;huile de lavande est largement reconnue pour ses nombreuses vertus. Selon diverses sources, elle poss\u00e8de des propri\u00e9t\u00e9s b\u00e9n\u00e9fiques pour le<\/p>","protected":false},"featured_media":23599,"comment_status":"closed","ping_status":"closed","template":"","meta":[],"product_brand":[],"product_cat":[293,81,76],"product_tag":[],"class_list":{"0":"post-15582","1":"product","2":"type-product","3":"status-publish","4":"has-post-thumbnail","6":"product_cat-sabiona","7":"product_cat-soin-corps-f","8":"product_cat-soin-visage-f","10":"first","11":"instock","12":"sale","13":"shipping-taxable","14":"purchasable","15":"product-type-simple"},"_links":{"self":[{"href":"https:\/\/cosmeticstoredz.com\/ar\/wp-json\/wp\/v2\/product\/15582","targetHints":{"allow":["GET"]}}],"collection":[{"href":"https:\/\/cosmeticstoredz.com\/ar\/wp-json\/wp\/v2\/product"}],"about":[{"href":"https:\/\/cosmeticstoredz.com\/ar\/wp-json\/wp\/v2\/types\/product"}],"replies":[{"embeddable":true,"href":"https:\/\/cosmeticstoredz.com\/ar\/wp-json\/wp\/v2\/comments?post=15582"}],"version-history":[{"count":1,"href":"https:\/\/cosmeticstoredz.com\/ar\/wp-json\/wp\/v2\/product\/15582\/revisions"}],"predecessor-version":[{"id":23600,"href":"https:\/\/cosmeticstoredz.com\/ar\/wp-json\/wp\/v2\/product\/15582\/revisions\/23600"}],"wp:featuredmedia":[{"embeddable":true,"href":"https:\/\/cosmeticstoredz.com\/ar\/wp-json\/wp\/v2\/media\/23599"}],"wp:attachment":[{"href":"https:\/\/cosmeticstoredz.com\/ar\/wp-json\/wp\/v2\/media?parent=15582"}],"wp:term":[{"taxonomy":"product_brand","embeddable":true,"href":"https:\/\/cosmeticstoredz.com\/ar\/wp-json\/wp\/v2\/product_brand?post=15582"},{"taxonomy":"product_cat","embeddable":true,"href":"https:\/\/cosmeticstoredz.com\/ar\/wp-json\/wp\/v2\/product_cat?post=15582"},{"taxonomy":"product_tag","embeddable":true,"href":"https:\/\/cosmeticstoredz.com\/ar\/wp-json\/wp\/v2\/product_tag?post=15582"}],"curies":[{"name":"wp","href":"https:\/\/api.w.org\/{rel}","templated":true}]}}