{"id":15579,"date":"2025-12-18T19:36:18","date_gmt":"2025-12-18T19:36:18","guid":{"rendered":"https:\/\/test.fitnessworldgym27.com\/?post_type=product&#038;p=15579"},"modified":"2026-03-30T19:27:23","modified_gmt":"2026-03-30T19:27:23","slug":"mixa-le-lait-de-corps-essentiels-peau-sensible-nourrissant-peaux-seches","status":"publish","type":"product","link":"https:\/\/cosmeticstoredz.com\/ar\/product\/mixa-le-lait-de-corps-essentiels-peau-sensible-nourrissant-peaux-seches\/","title":{"rendered":"MIXA LE LAIT DE CORPS ESSENTIELS PEAU SENSIBLE NOURRISSANT PEAUX SECHES"},"content":{"rendered":"<p>Le\u00a0<strong class=\"Yjhzub\" data-complete=\"true\" data-processed=\"true\">Mixa Lait de Corps Essentiels Peau Sensible Nourrissant Peaux S\u00e8ches<\/strong>\u00a0<mark class=\"HxTRcb\" data-complete=\"true\" data-sae=\"\">est un lait corporel con\u00e7u pour nourrir intens\u00e9ment et apaiser les peaux s\u00e8ches et sensibles, en utilisant des ingr\u00e9dients comme la glyc\u00e9rine et les huiles naturelles<\/mark>.<span class=\"uJ19be notranslate\" data-wiz-uids=\"YXVcOb_e,YXVcOb_f,YXVcOb_g\" data-complete=\"true\" data-processed=\"true\"><span class=\"vKEkVd\" data-animation-atomic=\"\" data-wiz-attrbind=\"class=YXVcOb_e\/TKHnVd;\" data-sae=\"\">\u00a0<\/span><\/span><\/p>","protected":false},"excerpt":{"rendered":"<p>Le\u00a0Mixa Lait de Corps Essentiels Peau Sensible Nourrissant Peaux S\u00e8ches\u00a0est un lait corporel con\u00e7u pour nourrir intens\u00e9ment et apaiser les<\/p>","protected":false},"featured_media":23593,"comment_status":"closed","ping_status":"closed","template":"","meta":[],"product_brand":[],"product_cat":[98,239],"product_tag":[],"class_list":{"0":"post-15579","1":"product","2":"type-product","3":"status-publish","4":"has-post-thumbnail","6":"product_cat-lait-de-corps","7":"product_cat-mixa","9":"first","10":"instock","11":"shipping-taxable","12":"purchasable","13":"product-type-simple"},"_links":{"self":[{"href":"https:\/\/cosmeticstoredz.com\/ar\/wp-json\/wp\/v2\/product\/15579","targetHints":{"allow":["GET"]}}],"collection":[{"href":"https:\/\/cosmeticstoredz.com\/ar\/wp-json\/wp\/v2\/product"}],"about":[{"href":"https:\/\/cosmeticstoredz.com\/ar\/wp-json\/wp\/v2\/types\/product"}],"replies":[{"embeddable":true,"href":"https:\/\/cosmeticstoredz.com\/ar\/wp-json\/wp\/v2\/comments?post=15579"}],"version-history":[{"count":1,"href":"https:\/\/cosmeticstoredz.com\/ar\/wp-json\/wp\/v2\/product\/15579\/revisions"}],"predecessor-version":[{"id":23594,"href":"https:\/\/cosmeticstoredz.com\/ar\/wp-json\/wp\/v2\/product\/15579\/revisions\/23594"}],"wp:featuredmedia":[{"embeddable":true,"href":"https:\/\/cosmeticstoredz.com\/ar\/wp-json\/wp\/v2\/media\/23593"}],"wp:attachment":[{"href":"https:\/\/cosmeticstoredz.com\/ar\/wp-json\/wp\/v2\/media?parent=15579"}],"wp:term":[{"taxonomy":"product_brand","embeddable":true,"href":"https:\/\/cosmeticstoredz.com\/ar\/wp-json\/wp\/v2\/product_brand?post=15579"},{"taxonomy":"product_cat","embeddable":true,"href":"https:\/\/cosmeticstoredz.com\/ar\/wp-json\/wp\/v2\/product_cat?post=15579"},{"taxonomy":"product_tag","embeddable":true,"href":"https:\/\/cosmeticstoredz.com\/ar\/wp-json\/wp\/v2\/product_tag?post=15579"}],"curies":[{"name":"wp","href":"https:\/\/api.w.org\/{rel}","templated":true}]}}