{"id":15578,"date":"2025-12-18T19:36:18","date_gmt":"2025-12-18T19:36:18","guid":{"rendered":"https:\/\/test.fitnessworldgym27.com\/?post_type=product&#038;p=15578"},"modified":"2026-03-30T19:27:23","modified_gmt":"2026-03-30T19:27:23","slug":"mixa-lait-de-toilette-bebe-300ml","status":"publish","type":"product","link":"https:\/\/cosmeticstoredz.com\/ar\/product\/mixa-lait-de-toilette-bebe-300ml\/","title":{"rendered":"MIXA LAIT DE TOILETTE BEBE 300ML"},"content":{"rendered":"<p>Le\u00a0<strong class=\"Yjhzub\" data-complete=\"true\" data-processed=\"true\">Mixa Lait de Toilette Tr\u00e8s Doux B\u00e9b\u00e9 300ml<\/strong>\u00a0<mark class=\"HxTRcb\" data-complete=\"true\" data-sae=\"\">est con\u00e7u pour nettoyer efficacement et hydrater la peau d\u00e9licate des b\u00e9b\u00e9s et des adultes, tout en respectant son \u00e9quilibre naturel<\/mark>.<span class=\"uJ19be notranslate\" data-wiz-uids=\"rhw1hb_e,rhw1hb_f,rhw1hb_g\" data-complete=\"true\" data-processed=\"true\"><span class=\"vKEkVd\" data-animation-atomic=\"\" data-wiz-attrbind=\"class=rhw1hb_e\/TKHnVd;\" data-sae=\"\">\u00a0<\/span><\/span><\/p>","protected":false},"excerpt":{"rendered":"<p>Le\u00a0Mixa Lait de Toilette Tr\u00e8s Doux B\u00e9b\u00e9 300ml\u00a0est con\u00e7u pour nettoyer efficacement et hydrater la peau d\u00e9licate des b\u00e9b\u00e9s et<\/p>","protected":false},"featured_media":23591,"comment_status":"closed","ping_status":"closed","template":"","meta":[],"product_brand":[],"product_cat":[97,98,239],"product_tag":[],"class_list":{"0":"post-15578","1":"product","2":"type-product","3":"status-publish","4":"has-post-thumbnail","6":"product_cat-bebe","7":"product_cat-lait-de-corps","8":"product_cat-mixa","10":"first","11":"instock","12":"shipping-taxable","13":"purchasable","14":"product-type-simple"},"_links":{"self":[{"href":"https:\/\/cosmeticstoredz.com\/ar\/wp-json\/wp\/v2\/product\/15578","targetHints":{"allow":["GET"]}}],"collection":[{"href":"https:\/\/cosmeticstoredz.com\/ar\/wp-json\/wp\/v2\/product"}],"about":[{"href":"https:\/\/cosmeticstoredz.com\/ar\/wp-json\/wp\/v2\/types\/product"}],"replies":[{"embeddable":true,"href":"https:\/\/cosmeticstoredz.com\/ar\/wp-json\/wp\/v2\/comments?post=15578"}],"version-history":[{"count":1,"href":"https:\/\/cosmeticstoredz.com\/ar\/wp-json\/wp\/v2\/product\/15578\/revisions"}],"predecessor-version":[{"id":23592,"href":"https:\/\/cosmeticstoredz.com\/ar\/wp-json\/wp\/v2\/product\/15578\/revisions\/23592"}],"wp:featuredmedia":[{"embeddable":true,"href":"https:\/\/cosmeticstoredz.com\/ar\/wp-json\/wp\/v2\/media\/23591"}],"wp:attachment":[{"href":"https:\/\/cosmeticstoredz.com\/ar\/wp-json\/wp\/v2\/media?parent=15578"}],"wp:term":[{"taxonomy":"product_brand","embeddable":true,"href":"https:\/\/cosmeticstoredz.com\/ar\/wp-json\/wp\/v2\/product_brand?post=15578"},{"taxonomy":"product_cat","embeddable":true,"href":"https:\/\/cosmeticstoredz.com\/ar\/wp-json\/wp\/v2\/product_cat?post=15578"},{"taxonomy":"product_tag","embeddable":true,"href":"https:\/\/cosmeticstoredz.com\/ar\/wp-json\/wp\/v2\/product_tag?post=15578"}],"curies":[{"name":"wp","href":"https:\/\/api.w.org\/{rel}","templated":true}]}}