{"id":15577,"date":"2025-12-18T19:36:17","date_gmt":"2025-12-18T19:36:17","guid":{"rendered":"https:\/\/test.fitnessworldgym27.com\/?post_type=product&#038;p=15577"},"modified":"2026-03-30T19:27:23","modified_gmt":"2026-03-30T19:27:23","slug":"mixa-creme-ceramide-protection-nourrissante-protectrice-400ml","status":"publish","type":"product","link":"https:\/\/cosmeticstoredz.com\/ar\/product\/mixa-creme-ceramide-protection-nourrissante-protectrice-400ml\/","title":{"rendered":"MIXA CREME CERAMIDE PROTECTION NOURRISSANTE PROTECTRICE 400ML"},"content":{"rendered":"<p>La\u00a0<strong class=\"Yjhzub\" data-complete=\"true\" data-processed=\"true\">Mixa Cr\u00e8me C\u00e9ramide Protection Nourrissante Protectrice 400ml<\/strong>\u00a0<mark class=\"HxTRcb\" data-complete=\"true\" data-sae=\"\">est un soin con\u00e7u pour les\u00a0<strong class=\"Yjhzub\" data-complete=\"true\">peaux tr\u00e8s s\u00e8ches, fragilis\u00e9es et sensibles<\/strong>\u00a0du visage, du corps et des mains<\/mark>. Enrichie en c\u00e9ramides et formul\u00e9e sous contr\u00f4le m\u00e9dical, elle hydrate intens\u00e9ment et renforce la barri\u00e8re cutan\u00e9e.<\/p>","protected":false},"excerpt":{"rendered":"<p>La\u00a0Mixa Cr\u00e8me C\u00e9ramide Protection Nourrissante Protectrice 400ml\u00a0est un soin con\u00e7u pour les\u00a0peaux tr\u00e8s s\u00e8ches, fragilis\u00e9es et sensibles\u00a0du visage, du corps<\/p>","protected":false},"featured_media":23589,"comment_status":"closed","ping_status":"closed","template":"","meta":[],"product_brand":[],"product_cat":[82,239,81],"product_tag":[],"class_list":{"0":"post-15577","1":"product","2":"type-product","3":"status-publish","4":"has-post-thumbnail","6":"product_cat-creme-hydratante-fc","7":"product_cat-mixa","8":"product_cat-soin-corps-f","10":"first","11":"instock","12":"shipping-taxable","13":"purchasable","14":"product-type-simple"},"_links":{"self":[{"href":"https:\/\/cosmeticstoredz.com\/ar\/wp-json\/wp\/v2\/product\/15577","targetHints":{"allow":["GET"]}}],"collection":[{"href":"https:\/\/cosmeticstoredz.com\/ar\/wp-json\/wp\/v2\/product"}],"about":[{"href":"https:\/\/cosmeticstoredz.com\/ar\/wp-json\/wp\/v2\/types\/product"}],"replies":[{"embeddable":true,"href":"https:\/\/cosmeticstoredz.com\/ar\/wp-json\/wp\/v2\/comments?post=15577"}],"version-history":[{"count":1,"href":"https:\/\/cosmeticstoredz.com\/ar\/wp-json\/wp\/v2\/product\/15577\/revisions"}],"predecessor-version":[{"id":23590,"href":"https:\/\/cosmeticstoredz.com\/ar\/wp-json\/wp\/v2\/product\/15577\/revisions\/23590"}],"wp:featuredmedia":[{"embeddable":true,"href":"https:\/\/cosmeticstoredz.com\/ar\/wp-json\/wp\/v2\/media\/23589"}],"wp:attachment":[{"href":"https:\/\/cosmeticstoredz.com\/ar\/wp-json\/wp\/v2\/media?parent=15577"}],"wp:term":[{"taxonomy":"product_brand","embeddable":true,"href":"https:\/\/cosmeticstoredz.com\/ar\/wp-json\/wp\/v2\/product_brand?post=15577"},{"taxonomy":"product_cat","embeddable":true,"href":"https:\/\/cosmeticstoredz.com\/ar\/wp-json\/wp\/v2\/product_cat?post=15577"},{"taxonomy":"product_tag","embeddable":true,"href":"https:\/\/cosmeticstoredz.com\/ar\/wp-json\/wp\/v2\/product_tag?post=15577"}],"curies":[{"name":"wp","href":"https:\/\/api.w.org\/{rel}","templated":true}]}}