{"id":15575,"date":"2025-12-18T19:35:30","date_gmt":"2025-12-18T19:35:30","guid":{"rendered":"https:\/\/test.fitnessworldgym27.com\/?post_type=product&#038;p=15575"},"modified":"2026-03-30T19:27:01","modified_gmt":"2026-03-30T19:27:01","slug":"loreal-soin-anti-rides-hydratant-joir-35","status":"publish","type":"product","link":"https:\/\/cosmeticstoredz.com\/ar\/product\/loreal-soin-anti-rides-hydratant-joir-35\/","title":{"rendered":"L&rsquo;OREAL SOIN ANTI RIDES HYDRATANT JOIR +35"},"content":{"rendered":"<p>Le L&rsquo;Or\u00e9al Paris Age Expertise Soin de Jour 35+ est une cr\u00e8me hydratante anti-rides formul\u00e9e avec du collag\u00e8ne pour aider \u00e0 repulper la peau et \u00e0 lisser les premi\u00e8res ride<\/p>","protected":false},"excerpt":{"rendered":"<p>Le L&rsquo;Or\u00e9al Paris Age Expertise Soin de Jour 35+ est une cr\u00e8me hydratante anti-rides formul\u00e9e avec du collag\u00e8ne pour aider<\/p>","protected":false},"featured_media":23585,"comment_status":"closed","ping_status":"closed","template":"","meta":[],"product_brand":[409],"product_cat":[129,75,153,76],"product_tag":[],"class_list":{"0":"post-15575","1":"product","2":"type-product","3":"status-publish","4":"has-post-thumbnail","6":"product_brand-loreal","7":"product_cat-creme-hydratante-fv","8":"product_cat-femme","9":"product_cat-loreal","10":"product_cat-soin-visage-f","12":"first","13":"instock","14":"shipping-taxable","15":"purchasable","16":"product-type-simple"},"_links":{"self":[{"href":"https:\/\/cosmeticstoredz.com\/ar\/wp-json\/wp\/v2\/product\/15575","targetHints":{"allow":["GET"]}}],"collection":[{"href":"https:\/\/cosmeticstoredz.com\/ar\/wp-json\/wp\/v2\/product"}],"about":[{"href":"https:\/\/cosmeticstoredz.com\/ar\/wp-json\/wp\/v2\/types\/product"}],"replies":[{"embeddable":true,"href":"https:\/\/cosmeticstoredz.com\/ar\/wp-json\/wp\/v2\/comments?post=15575"}],"version-history":[{"count":1,"href":"https:\/\/cosmeticstoredz.com\/ar\/wp-json\/wp\/v2\/product\/15575\/revisions"}],"predecessor-version":[{"id":23586,"href":"https:\/\/cosmeticstoredz.com\/ar\/wp-json\/wp\/v2\/product\/15575\/revisions\/23586"}],"wp:featuredmedia":[{"embeddable":true,"href":"https:\/\/cosmeticstoredz.com\/ar\/wp-json\/wp\/v2\/media\/23585"}],"wp:attachment":[{"href":"https:\/\/cosmeticstoredz.com\/ar\/wp-json\/wp\/v2\/media?parent=15575"}],"wp:term":[{"taxonomy":"product_brand","embeddable":true,"href":"https:\/\/cosmeticstoredz.com\/ar\/wp-json\/wp\/v2\/product_brand?post=15575"},{"taxonomy":"product_cat","embeddable":true,"href":"https:\/\/cosmeticstoredz.com\/ar\/wp-json\/wp\/v2\/product_cat?post=15575"},{"taxonomy":"product_tag","embeddable":true,"href":"https:\/\/cosmeticstoredz.com\/ar\/wp-json\/wp\/v2\/product_tag?post=15575"}],"curies":[{"name":"wp","href":"https:\/\/api.w.org\/{rel}","templated":true}]}}