{"id":15573,"date":"2025-12-18T19:35:21","date_gmt":"2025-12-18T19:35:21","guid":{"rendered":"https:\/\/test.fitnessworldgym27.com\/?post_type=product&#038;p=15573"},"modified":"2026-03-30T19:26:56","modified_gmt":"2026-03-30T19:26:56","slug":"loreal-age-expertise-soin-anti-rides-redensifiant-55","status":"publish","type":"product","link":"https:\/\/cosmeticstoredz.com\/ar\/product\/loreal-age-expertise-soin-anti-rides-redensifiant-55\/","title":{"rendered":"L&rsquo;OREAL AGE EXPERTISE SOIN ANTI-RIDES REDENSIFIANT 55+"},"content":{"rendered":"<p>Le\u00a0<strong class=\"Yjhzub\" data-complete=\"true\" data-processed=\"true\">L&rsquo;Or\u00e9al Paris Age Expertise Soin Anti-Rides Redensifiant 55+<\/strong>\u00a0<mark class=\"HxTRcb\" data-complete=\"true\" data-sae=\"\">est une cr\u00e8me de jour ou de nuit (selon la variante) enrichie en calcium, con\u00e7ue pour les peaux matures qui se fragilisent, se rel\u00e2chent et se dess\u00e8chent avec l&rsquo;\u00e2ge<\/mark><\/p>\n<p>&nbsp;<\/p>","protected":false},"excerpt":{"rendered":"<p>Le\u00a0L&rsquo;Or\u00e9al Paris Age Expertise Soin Anti-Rides Redensifiant 55+\u00a0est une cr\u00e8me de jour ou de nuit (selon la variante) enrichie en<\/p>","protected":false},"featured_media":23581,"comment_status":"closed","ping_status":"closed","template":"","meta":[],"product_brand":[409],"product_cat":[129,75,153,76],"product_tag":[],"class_list":{"0":"post-15573","1":"product","2":"type-product","3":"status-publish","4":"has-post-thumbnail","6":"product_brand-loreal","7":"product_cat-creme-hydratante-fv","8":"product_cat-femme","9":"product_cat-loreal","10":"product_cat-soin-visage-f","12":"first","13":"outofstock","14":"shipping-taxable","15":"purchasable","16":"product-type-simple"},"_links":{"self":[{"href":"https:\/\/cosmeticstoredz.com\/ar\/wp-json\/wp\/v2\/product\/15573","targetHints":{"allow":["GET"]}}],"collection":[{"href":"https:\/\/cosmeticstoredz.com\/ar\/wp-json\/wp\/v2\/product"}],"about":[{"href":"https:\/\/cosmeticstoredz.com\/ar\/wp-json\/wp\/v2\/types\/product"}],"replies":[{"embeddable":true,"href":"https:\/\/cosmeticstoredz.com\/ar\/wp-json\/wp\/v2\/comments?post=15573"}],"version-history":[{"count":1,"href":"https:\/\/cosmeticstoredz.com\/ar\/wp-json\/wp\/v2\/product\/15573\/revisions"}],"predecessor-version":[{"id":23582,"href":"https:\/\/cosmeticstoredz.com\/ar\/wp-json\/wp\/v2\/product\/15573\/revisions\/23582"}],"wp:featuredmedia":[{"embeddable":true,"href":"https:\/\/cosmeticstoredz.com\/ar\/wp-json\/wp\/v2\/media\/23581"}],"wp:attachment":[{"href":"https:\/\/cosmeticstoredz.com\/ar\/wp-json\/wp\/v2\/media?parent=15573"}],"wp:term":[{"taxonomy":"product_brand","embeddable":true,"href":"https:\/\/cosmeticstoredz.com\/ar\/wp-json\/wp\/v2\/product_brand?post=15573"},{"taxonomy":"product_cat","embeddable":true,"href":"https:\/\/cosmeticstoredz.com\/ar\/wp-json\/wp\/v2\/product_cat?post=15573"},{"taxonomy":"product_tag","embeddable":true,"href":"https:\/\/cosmeticstoredz.com\/ar\/wp-json\/wp\/v2\/product_tag?post=15573"}],"curies":[{"name":"wp","href":"https:\/\/api.w.org\/{rel}","templated":true}]}}