{"id":15572,"date":"2025-12-18T19:35:21","date_gmt":"2025-12-18T19:35:21","guid":{"rendered":"https:\/\/test.fitnessworldgym27.com\/?post_type=product&#038;p=15572"},"modified":"2026-04-02T19:19:15","modified_gmt":"2026-04-02T19:19:15","slug":"loreal-age-expertise-soin-anti-rides-intensif-jour-45","status":"publish","type":"product","link":"https:\/\/cosmeticstoredz.com\/ar\/product\/loreal-age-expertise-soin-anti-rides-intensif-jour-45\/","title":{"rendered":"L&rsquo;OREAL AGE EXPERTISE SOIN ANTI-RIDES INTENSIF JOUR 45+"},"content":{"rendered":"<p>Le\u00a0<strong class=\"Yjhzub\" data-complete=\"true\" data-processed=\"true\">L&rsquo;OREAL AGE EXPERTISE Soin Anti-Rides Intensif Jour 45+<\/strong>\u00a0<mark class=\"HxTRcb\" data-complete=\"true\" data-sae=\"\">est une cr\u00e8me de jour hydratante formul\u00e9e pour cibler les signes de l&rsquo;\u00e2ge sp\u00e9cifiques aux femmes de 45 ans et plus<\/mark><\/p>","protected":false},"excerpt":{"rendered":"<p>Le\u00a0L&rsquo;OREAL AGE EXPERTISE Soin Anti-Rides Intensif Jour 45+\u00a0est une cr\u00e8me de jour hydratante formul\u00e9e pour cibler les signes de l&rsquo;\u00e2ge<\/p>","protected":false},"featured_media":23579,"comment_status":"closed","ping_status":"closed","template":"","meta":[],"product_brand":[409],"product_cat":[171,75,153,76],"product_tag":[],"class_list":{"0":"post-15572","1":"product","2":"type-product","3":"status-publish","4":"has-post-thumbnail","6":"product_brand-loreal","7":"product_cat-creme-anti-age","8":"product_cat-femme","9":"product_cat-loreal","10":"product_cat-soin-visage-f","12":"first","13":"outofstock","14":"shipping-taxable","15":"purchasable","16":"product-type-simple"},"_links":{"self":[{"href":"https:\/\/cosmeticstoredz.com\/ar\/wp-json\/wp\/v2\/product\/15572","targetHints":{"allow":["GET"]}}],"collection":[{"href":"https:\/\/cosmeticstoredz.com\/ar\/wp-json\/wp\/v2\/product"}],"about":[{"href":"https:\/\/cosmeticstoredz.com\/ar\/wp-json\/wp\/v2\/types\/product"}],"replies":[{"embeddable":true,"href":"https:\/\/cosmeticstoredz.com\/ar\/wp-json\/wp\/v2\/comments?post=15572"}],"version-history":[{"count":1,"href":"https:\/\/cosmeticstoredz.com\/ar\/wp-json\/wp\/v2\/product\/15572\/revisions"}],"predecessor-version":[{"id":23580,"href":"https:\/\/cosmeticstoredz.com\/ar\/wp-json\/wp\/v2\/product\/15572\/revisions\/23580"}],"wp:featuredmedia":[{"embeddable":true,"href":"https:\/\/cosmeticstoredz.com\/ar\/wp-json\/wp\/v2\/media\/23579"}],"wp:attachment":[{"href":"https:\/\/cosmeticstoredz.com\/ar\/wp-json\/wp\/v2\/media?parent=15572"}],"wp:term":[{"taxonomy":"product_brand","embeddable":true,"href":"https:\/\/cosmeticstoredz.com\/ar\/wp-json\/wp\/v2\/product_brand?post=15572"},{"taxonomy":"product_cat","embeddable":true,"href":"https:\/\/cosmeticstoredz.com\/ar\/wp-json\/wp\/v2\/product_cat?post=15572"},{"taxonomy":"product_tag","embeddable":true,"href":"https:\/\/cosmeticstoredz.com\/ar\/wp-json\/wp\/v2\/product_tag?post=15572"}],"curies":[{"name":"wp","href":"https:\/\/api.w.org\/{rel}","templated":true}]}}