{"id":15571,"date":"2025-12-18T19:35:06","date_gmt":"2025-12-18T19:35:06","guid":{"rendered":"https:\/\/test.fitnessworldgym27.com\/?post_type=product&#038;p=15571"},"modified":"2026-03-30T19:26:47","modified_gmt":"2026-03-30T19:26:47","slug":"franck-olivier-eau-de-toilette-sunrise-ice-men","status":"publish","type":"product","link":"https:\/\/cosmeticstoredz.com\/ar\/product\/franck-olivier-eau-de-toilette-sunrise-ice-men\/","title":{"rendered":"FRANCK OLIVIER EAU DE TOILETTE SUNRISE ICE MEN"},"content":{"rendered":"<p>L&rsquo;<strong class=\"Yjhzub\" data-complete=\"true\" data-processed=\"true\">Eau de Toilette Sunrise Ice Men<\/strong>\u00a0de\u00a0<strong class=\"Yjhzub\" data-complete=\"true\" data-processed=\"true\">Franck Olivier<\/strong>\u00a0est une\u00a0<mark class=\"HxTRcb\" data-complete=\"true\" data-sae=\"\">fragrance masculine sophistiqu\u00e9e, caract\u00e9ris\u00e9e par des notes\u00a0<strong class=\"Yjhzub\" data-complete=\"true\">bois\u00e9es et vivifiantes<\/strong>\u00a0qui incarnent la fra\u00eecheur et l&rsquo;\u00e9l\u00e9gance moderne<\/mark>.<span class=\"uJ19be notranslate\" data-wiz-uids=\"INCkTc_g,INCkTc_h,INCkTc_i\" data-complete=\"true\" data-processed=\"true\"><span class=\"vKEkVd\" data-animation-atomic=\"\" data-wiz-attrbind=\"class=INCkTc_g\/TKHnVd;\" data-sae=\"\">\u00a0<\/span><\/span><\/p>","protected":false},"excerpt":{"rendered":"<p>L&rsquo;Eau de Toilette Sunrise Ice Men\u00a0de\u00a0Franck Olivier\u00a0est une\u00a0fragrance masculine sophistiqu\u00e9e, caract\u00e9ris\u00e9e par des notes\u00a0bois\u00e9es et vivifiantes\u00a0qui incarnent la fra\u00eecheur et<\/p>","protected":false},"featured_media":23577,"comment_status":"closed","ping_status":"closed","template":"","meta":[],"product_brand":[],"product_cat":[133,300,72,84],"product_tag":[],"class_list":{"0":"post-15571","1":"product","2":"type-product","3":"status-publish","4":"has-post-thumbnail","6":"product_cat-eau-de-toilette-h","7":"product_cat-franck-olivier","8":"product_cat-homme","9":"product_cat-parfum-h","11":"first","12":"instock","13":"shipping-taxable","14":"purchasable","15":"product-type-simple"},"_links":{"self":[{"href":"https:\/\/cosmeticstoredz.com\/ar\/wp-json\/wp\/v2\/product\/15571","targetHints":{"allow":["GET"]}}],"collection":[{"href":"https:\/\/cosmeticstoredz.com\/ar\/wp-json\/wp\/v2\/product"}],"about":[{"href":"https:\/\/cosmeticstoredz.com\/ar\/wp-json\/wp\/v2\/types\/product"}],"replies":[{"embeddable":true,"href":"https:\/\/cosmeticstoredz.com\/ar\/wp-json\/wp\/v2\/comments?post=15571"}],"version-history":[{"count":1,"href":"https:\/\/cosmeticstoredz.com\/ar\/wp-json\/wp\/v2\/product\/15571\/revisions"}],"predecessor-version":[{"id":23578,"href":"https:\/\/cosmeticstoredz.com\/ar\/wp-json\/wp\/v2\/product\/15571\/revisions\/23578"}],"wp:featuredmedia":[{"embeddable":true,"href":"https:\/\/cosmeticstoredz.com\/ar\/wp-json\/wp\/v2\/media\/23577"}],"wp:attachment":[{"href":"https:\/\/cosmeticstoredz.com\/ar\/wp-json\/wp\/v2\/media?parent=15571"}],"wp:term":[{"taxonomy":"product_brand","embeddable":true,"href":"https:\/\/cosmeticstoredz.com\/ar\/wp-json\/wp\/v2\/product_brand?post=15571"},{"taxonomy":"product_cat","embeddable":true,"href":"https:\/\/cosmeticstoredz.com\/ar\/wp-json\/wp\/v2\/product_cat?post=15571"},{"taxonomy":"product_tag","embeddable":true,"href":"https:\/\/cosmeticstoredz.com\/ar\/wp-json\/wp\/v2\/product_tag?post=15571"}],"curies":[{"name":"wp","href":"https:\/\/api.w.org\/{rel}","templated":true}]}}