{"id":15568,"date":"2025-12-18T19:35:05","date_gmt":"2025-12-18T19:35:05","guid":{"rendered":"https:\/\/test.fitnessworldgym27.com\/?post_type=product&#038;p=15568"},"modified":"2026-03-30T19:26:47","modified_gmt":"2026-03-30T19:26:47","slug":"franck-olivier-eau-de-toilette-night-touch","status":"publish","type":"product","link":"https:\/\/cosmeticstoredz.com\/ar\/product\/franck-olivier-eau-de-toilette-night-touch\/","title":{"rendered":"FRANCK OLIVIER EAU DE TOILETTE NIGHT TOUCH"},"content":{"rendered":"<p>L&rsquo;<strong class=\"Yjhzub\" data-complete=\"true\" data-processed=\"true\">Eau de Toilette Night Touch de Franck Olivier<\/strong>\u00a0est un\u00a0<mark class=\"HxTRcb\" data-complete=\"true\" data-sae=\"\">parfum masculin\u00a0<strong class=\"Yjhzub\" data-complete=\"true\">aromatique bois\u00e9<\/strong>\u00a0lanc\u00e9 en 2015, caract\u00e9ris\u00e9 par des notes d&rsquo;agrumes p\u00e9tillantes et un fond bois\u00e9 et musqu\u00e9<\/mark><\/p>","protected":false},"excerpt":{"rendered":"<p>L&rsquo;Eau de Toilette Night Touch de Franck Olivier\u00a0est un\u00a0parfum masculin\u00a0aromatique bois\u00e9\u00a0lanc\u00e9 en 2015, caract\u00e9ris\u00e9 par des notes d&rsquo;agrumes p\u00e9tillantes et<\/p>","protected":false},"featured_media":23571,"comment_status":"closed","ping_status":"closed","template":"","meta":[],"product_brand":[],"product_cat":[133,300,72,84],"product_tag":[],"class_list":{"0":"post-15568","1":"product","2":"type-product","3":"status-publish","4":"has-post-thumbnail","6":"product_cat-eau-de-toilette-h","7":"product_cat-franck-olivier","8":"product_cat-homme","9":"product_cat-parfum-h","11":"first","12":"instock","13":"shipping-taxable","14":"purchasable","15":"product-type-simple"},"_links":{"self":[{"href":"https:\/\/cosmeticstoredz.com\/ar\/wp-json\/wp\/v2\/product\/15568","targetHints":{"allow":["GET"]}}],"collection":[{"href":"https:\/\/cosmeticstoredz.com\/ar\/wp-json\/wp\/v2\/product"}],"about":[{"href":"https:\/\/cosmeticstoredz.com\/ar\/wp-json\/wp\/v2\/types\/product"}],"replies":[{"embeddable":true,"href":"https:\/\/cosmeticstoredz.com\/ar\/wp-json\/wp\/v2\/comments?post=15568"}],"version-history":[{"count":1,"href":"https:\/\/cosmeticstoredz.com\/ar\/wp-json\/wp\/v2\/product\/15568\/revisions"}],"predecessor-version":[{"id":23572,"href":"https:\/\/cosmeticstoredz.com\/ar\/wp-json\/wp\/v2\/product\/15568\/revisions\/23572"}],"wp:featuredmedia":[{"embeddable":true,"href":"https:\/\/cosmeticstoredz.com\/ar\/wp-json\/wp\/v2\/media\/23571"}],"wp:attachment":[{"href":"https:\/\/cosmeticstoredz.com\/ar\/wp-json\/wp\/v2\/media?parent=15568"}],"wp:term":[{"taxonomy":"product_brand","embeddable":true,"href":"https:\/\/cosmeticstoredz.com\/ar\/wp-json\/wp\/v2\/product_brand?post=15568"},{"taxonomy":"product_cat","embeddable":true,"href":"https:\/\/cosmeticstoredz.com\/ar\/wp-json\/wp\/v2\/product_cat?post=15568"},{"taxonomy":"product_tag","embeddable":true,"href":"https:\/\/cosmeticstoredz.com\/ar\/wp-json\/wp\/v2\/product_tag?post=15568"}],"curies":[{"name":"wp","href":"https:\/\/api.w.org\/{rel}","templated":true}]}}