{"id":15565,"date":"2025-12-18T19:35:04","date_gmt":"2025-12-18T19:35:04","guid":{"rendered":"https:\/\/test.fitnessworldgym27.com\/?post_type=product&#038;p=15565"},"modified":"2026-03-30T19:26:47","modified_gmt":"2026-03-30T19:26:47","slug":"franck-olivier-eau-de-toilette-blue-touch","status":"publish","type":"product","link":"https:\/\/cosmeticstoredz.com\/ar\/product\/franck-olivier-eau-de-toilette-blue-touch\/","title":{"rendered":"FRANCK OLIVIER EAU DE TOILETTE BLUE TOUCH"},"content":{"rendered":"<p>L&rsquo;<strong class=\"Yjhzub\" data-complete=\"true\" data-processed=\"true\">Eau de Toilette Blue Touch de Franck Olivier<\/strong>\u00a0est une\u00a0<mark class=\"HxTRcb\" data-complete=\"true\" data-sae=\"\">fragrance masculine fra\u00eeche, aquatique et bois\u00e9e<\/mark>, pris\u00e9e pour son excellent rapport qualit\u00e9-prix et souvent compar\u00e9e \u00e0 Acqua di Gio<\/p>","protected":false},"excerpt":{"rendered":"<p>L&rsquo;Eau de Toilette Blue Touch de Franck Olivier\u00a0est une\u00a0fragrance masculine fra\u00eeche, aquatique et bois\u00e9e, pris\u00e9e pour son excellent rapport qualit\u00e9-prix<\/p>","protected":false},"featured_media":23565,"comment_status":"closed","ping_status":"closed","template":"","meta":[],"product_brand":[],"product_cat":[133,300,72,84],"product_tag":[],"class_list":{"0":"post-15565","1":"product","2":"type-product","3":"status-publish","4":"has-post-thumbnail","6":"product_cat-eau-de-toilette-h","7":"product_cat-franck-olivier","8":"product_cat-homme","9":"product_cat-parfum-h","11":"first","12":"instock","13":"shipping-taxable","14":"purchasable","15":"product-type-simple"},"_links":{"self":[{"href":"https:\/\/cosmeticstoredz.com\/ar\/wp-json\/wp\/v2\/product\/15565","targetHints":{"allow":["GET"]}}],"collection":[{"href":"https:\/\/cosmeticstoredz.com\/ar\/wp-json\/wp\/v2\/product"}],"about":[{"href":"https:\/\/cosmeticstoredz.com\/ar\/wp-json\/wp\/v2\/types\/product"}],"replies":[{"embeddable":true,"href":"https:\/\/cosmeticstoredz.com\/ar\/wp-json\/wp\/v2\/comments?post=15565"}],"version-history":[{"count":1,"href":"https:\/\/cosmeticstoredz.com\/ar\/wp-json\/wp\/v2\/product\/15565\/revisions"}],"predecessor-version":[{"id":23566,"href":"https:\/\/cosmeticstoredz.com\/ar\/wp-json\/wp\/v2\/product\/15565\/revisions\/23566"}],"wp:featuredmedia":[{"embeddable":true,"href":"https:\/\/cosmeticstoredz.com\/ar\/wp-json\/wp\/v2\/media\/23565"}],"wp:attachment":[{"href":"https:\/\/cosmeticstoredz.com\/ar\/wp-json\/wp\/v2\/media?parent=15565"}],"wp:term":[{"taxonomy":"product_brand","embeddable":true,"href":"https:\/\/cosmeticstoredz.com\/ar\/wp-json\/wp\/v2\/product_brand?post=15565"},{"taxonomy":"product_cat","embeddable":true,"href":"https:\/\/cosmeticstoredz.com\/ar\/wp-json\/wp\/v2\/product_cat?post=15565"},{"taxonomy":"product_tag","embeddable":true,"href":"https:\/\/cosmeticstoredz.com\/ar\/wp-json\/wp\/v2\/product_tag?post=15565"}],"curies":[{"name":"wp","href":"https:\/\/api.w.org\/{rel}","templated":true}]}}