{"id":15563,"date":"2025-12-18T19:35:04","date_gmt":"2025-12-18T19:35:04","guid":{"rendered":"https:\/\/test.fitnessworldgym27.com\/?post_type=product&#038;p=15563"},"modified":"2026-03-30T19:26:47","modified_gmt":"2026-03-30T19:26:47","slug":"franck-olivier-eau-de-parfum-oud-touche","status":"publish","type":"product","link":"https:\/\/cosmeticstoredz.com\/ar\/product\/franck-olivier-eau-de-parfum-oud-touche\/","title":{"rendered":"FRANCK OLIVIER EAU DE PARFUM OUD TOUCHE"},"content":{"rendered":"<p>L&rsquo;<strong class=\"Yjhzub\" data-complete=\"true\" data-processed=\"true\">Eau de Parfum Franck Olivier Oud Touch<\/strong>\u00a0est une\u00a0<mark class=\"HxTRcb\" data-complete=\"true\" data-sae=\"\">fragrance bois\u00e9e aromatique lanc\u00e9e en 2014<\/mark>, appr\u00e9ci\u00e9e pour son m\u00e9lange sophistiqu\u00e9 de notes riches, notamment de oud et de rose.<span class=\"uJ19be notranslate\" data-wiz-uids=\"qoN2S_e,qoN2S_f,qoN2S_g\" data-complete=\"true\" data-processed=\"true\"><span class=\"vKEkVd\" data-animation-atomic=\"\" data-wiz-attrbind=\"class=qoN2S_e\/TKHnVd;\" data-sae=\"\">\u00a0<\/span><\/span><\/p>","protected":false},"excerpt":{"rendered":"<p>L&rsquo;Eau de Parfum Franck Olivier Oud Touch\u00a0est une\u00a0fragrance bois\u00e9e aromatique lanc\u00e9e en 2014, appr\u00e9ci\u00e9e pour son m\u00e9lange sophistiqu\u00e9 de notes<\/p>","protected":false},"featured_media":23561,"comment_status":"closed","ping_status":"closed","template":"","meta":[],"product_brand":[],"product_cat":[316,300,72,84],"product_tag":[],"class_list":{"0":"post-15563","1":"product","2":"type-product","3":"status-publish","4":"has-post-thumbnail","6":"product_cat-eau-de-parfum-h","7":"product_cat-franck-olivier","8":"product_cat-homme","9":"product_cat-parfum-h","11":"first","12":"outofstock","13":"shipping-taxable","14":"purchasable","15":"product-type-simple"},"_links":{"self":[{"href":"https:\/\/cosmeticstoredz.com\/ar\/wp-json\/wp\/v2\/product\/15563","targetHints":{"allow":["GET"]}}],"collection":[{"href":"https:\/\/cosmeticstoredz.com\/ar\/wp-json\/wp\/v2\/product"}],"about":[{"href":"https:\/\/cosmeticstoredz.com\/ar\/wp-json\/wp\/v2\/types\/product"}],"replies":[{"embeddable":true,"href":"https:\/\/cosmeticstoredz.com\/ar\/wp-json\/wp\/v2\/comments?post=15563"}],"version-history":[{"count":1,"href":"https:\/\/cosmeticstoredz.com\/ar\/wp-json\/wp\/v2\/product\/15563\/revisions"}],"predecessor-version":[{"id":23562,"href":"https:\/\/cosmeticstoredz.com\/ar\/wp-json\/wp\/v2\/product\/15563\/revisions\/23562"}],"wp:featuredmedia":[{"embeddable":true,"href":"https:\/\/cosmeticstoredz.com\/ar\/wp-json\/wp\/v2\/media\/23561"}],"wp:attachment":[{"href":"https:\/\/cosmeticstoredz.com\/ar\/wp-json\/wp\/v2\/media?parent=15563"}],"wp:term":[{"taxonomy":"product_brand","embeddable":true,"href":"https:\/\/cosmeticstoredz.com\/ar\/wp-json\/wp\/v2\/product_brand?post=15563"},{"taxonomy":"product_cat","embeddable":true,"href":"https:\/\/cosmeticstoredz.com\/ar\/wp-json\/wp\/v2\/product_cat?post=15563"},{"taxonomy":"product_tag","embeddable":true,"href":"https:\/\/cosmeticstoredz.com\/ar\/wp-json\/wp\/v2\/product_tag?post=15563"}],"curies":[{"name":"wp","href":"https:\/\/api.w.org\/{rel}","templated":true}]}}