{"id":15560,"date":"2025-12-18T19:32:57","date_gmt":"2025-12-18T19:32:57","guid":{"rendered":"https:\/\/test.fitnessworldgym27.com\/?post_type=product&#038;p=15560"},"modified":"2026-04-08T22:04:29","modified_gmt":"2026-04-08T22:04:29","slug":"garnier-ultra-doux-apres-shampooing-couleur-a-lhuile-dargan-et-cranberry-250ml","status":"publish","type":"product","link":"https:\/\/cosmeticstoredz.com\/ar\/product\/garnier-ultra-doux-apres-shampooing-couleur-a-lhuile-dargan-et-cranberry-250ml\/","title":{"rendered":"GARNIER ULTRA DOUX APRES SHAMPOOING COULEUR A L&rsquo;HUILE D&rsquo;ARGAN ET CRANBERRY 250ML"},"content":{"rendered":"<p>L&rsquo;apr\u00e8s-shampooing Garnier Ultra Doux Couleur \u00e0 l&rsquo;huile d&rsquo;argan et de cranberry 250 ml\u00a0<mark class=\"HxTRcb\" data-complete=\"true\" data-sae=\"\">est con\u00e7u pour\u00a0<strong class=\"Yjhzub\" data-complete=\"true\">nourrir<\/strong>\u00a0les cheveux et\u00a0<strong class=\"Yjhzub\" data-complete=\"true\">prot\u00e9ger l&rsquo;\u00e9clat des cheveux color\u00e9s ou m\u00e9ch\u00e9s<\/strong>, facilitant ainsi le d\u00e9m\u00ealage<\/mark>.<\/p>","protected":false},"excerpt":{"rendered":"<p>L&rsquo;apr\u00e8s-shampooing Garnier Ultra Doux Couleur \u00e0 l&rsquo;huile d&rsquo;argan et de cranberry 250 ml\u00a0est con\u00e7u pour\u00a0nourrir\u00a0les cheveux et\u00a0prot\u00e9ger l&rsquo;\u00e9clat des cheveux<\/p>","protected":false},"featured_media":23555,"comment_status":"closed","ping_status":"closed","template":"","meta":[],"product_brand":[],"product_cat":[160,75,191,95],"product_tag":[],"class_list":{"0":"post-15560","1":"product","2":"type-product","3":"status-publish","4":"has-post-thumbnail","6":"product_cat-apres-shampoing-f","7":"product_cat-femme","8":"product_cat-garnier","9":"product_cat-soin-cheveux-f","11":"first","12":"instock","13":"shipping-taxable","14":"purchasable","15":"product-type-simple"},"yoast_head":"<!-- This site is optimized with the Yoast SEO plugin v27.3 - https:\/\/yoast.com\/product\/yoast-seo-wordpress\/ -->\n<title>GARNIER ULTRA DOUX APRES SHAMPOOING COULEUR A L&#039;HUILE D&#039;ARGAN ET CRANBERRY 250ML - Cosmetic Store<\/title>\n<meta name=\"robots\" content=\"index, follow, max-snippet:-1, max-image-preview:large, max-video-preview:-1\" \/>\n<link rel=\"canonical\" href=\"https:\/\/cosmeticstoredz.com\/ar\/product\/garnier-ultra-doux-apres-shampooing-couleur-a-lhuile-dargan-et-cranberry-250ml\/\" \/>\n<meta property=\"og:locale\" content=\"ar_AR\" \/>\n<meta property=\"og:type\" content=\"article\" \/>\n<meta property=\"og:title\" content=\"GARNIER ULTRA DOUX APRES SHAMPOOING COULEUR A L&#039;HUILE D&#039;ARGAN ET CRANBERRY 250ML - Cosmetic Store\" \/>\n<meta property=\"og:description\" content=\"L&rsquo;apr\u00e8s-shampooing Garnier Ultra Doux Couleur \u00e0 l&rsquo;huile d&rsquo;argan et de cranberry 250 ml\u00a0est con\u00e7u pour\u00a0nourrir\u00a0les cheveux et\u00a0prot\u00e9ger l&rsquo;\u00e9clat des cheveux\" \/>\n<meta property=\"og:url\" content=\"https:\/\/cosmeticstoredz.com\/ar\/product\/garnier-ultra-doux-apres-shampooing-couleur-a-lhuile-dargan-et-cranberry-250ml\/\" \/>\n<meta property=\"og:site_name\" content=\"Cosmetic Store\" \/>\n<meta property=\"article:publisher\" content=\"https:\/\/www.facebook.com\/profile.php?id=61564954260683\" \/>\n<meta property=\"article:modified_time\" content=\"2026-04-08T22:04:29+00:00\" \/>\n<meta property=\"og:image\" content=\"https:\/\/cosmeticstoredz.com\/wp-content\/uploads\/2026\/02\/CC-101-4.png\" \/>\n\t<meta property=\"og:image:width\" content=\"1563\" \/>\n\t<meta property=\"og:image:height\" content=\"1563\" \/>\n\t<meta property=\"og:image:type\" content=\"image\/png\" \/>\n<meta name=\"twitter:card\" content=\"summary_large_image\" \/>\n<script type=\"application\/ld+json\" class=\"yoast-schema-graph\">{\"@context\":\"https:\\\/\\\/schema.org\",\"@graph\":[{\"@type\":\"WebPage\",\"@id\":\"https:\\\/\\\/cosmeticstoredz.com\\\/produit\\\/garnier-ultra-doux-apres-shampooing-couleur-a-lhuile-dargan-et-cranberry-250ml\\\/\",\"url\":\"https:\\\/\\\/cosmeticstoredz.com\\\/produit\\\/garnier-ultra-doux-apres-shampooing-couleur-a-lhuile-dargan-et-cranberry-250ml\\\/\",\"name\":\"GARNIER ULTRA DOUX APRES SHAMPOOING COULEUR A L'HUILE D'ARGAN ET CRANBERRY 250ML - Cosmetic Store\",\"isPartOf\":{\"@id\":\"https:\\\/\\\/cosmeticstoredz.com\\\/#website\"},\"primaryImageOfPage\":{\"@id\":\"https:\\\/\\\/cosmeticstoredz.com\\\/produit\\\/garnier-ultra-doux-apres-shampooing-couleur-a-lhuile-dargan-et-cranberry-250ml\\\/#primaryimage\"},\"image\":{\"@id\":\"https:\\\/\\\/cosmeticstoredz.com\\\/produit\\\/garnier-ultra-doux-apres-shampooing-couleur-a-lhuile-dargan-et-cranberry-250ml\\\/#primaryimage\"},\"thumbnailUrl\":\"https:\\\/\\\/cosmeticstoredz.com\\\/wp-content\\\/uploads\\\/2026\\\/02\\\/CC-101-4.png\",\"datePublished\":\"2025-12-18T19:32:57+00:00\",\"dateModified\":\"2026-04-08T22:04:29+00:00\",\"breadcrumb\":{\"@id\":\"https:\\\/\\\/cosmeticstoredz.com\\\/produit\\\/garnier-ultra-doux-apres-shampooing-couleur-a-lhuile-dargan-et-cranberry-250ml\\\/#breadcrumb\"},\"inLanguage\":\"ar\",\"potentialAction\":[{\"@type\":\"ReadAction\",\"target\":[\"https:\\\/\\\/cosmeticstoredz.com\\\/produit\\\/garnier-ultra-doux-apres-shampooing-couleur-a-lhuile-dargan-et-cranberry-250ml\\\/\"]}]},{\"@type\":\"ImageObject\",\"inLanguage\":\"ar\",\"@id\":\"https:\\\/\\\/cosmeticstoredz.com\\\/produit\\\/garnier-ultra-doux-apres-shampooing-couleur-a-lhuile-dargan-et-cranberry-250ml\\\/#primaryimage\",\"url\":\"https:\\\/\\\/cosmeticstoredz.com\\\/wp-content\\\/uploads\\\/2026\\\/02\\\/CC-101-4.png\",\"contentUrl\":\"https:\\\/\\\/cosmeticstoredz.com\\\/wp-content\\\/uploads\\\/2026\\\/02\\\/CC-101-4.png\",\"width\":1563,\"height\":1563},{\"@type\":\"BreadcrumbList\",\"@id\":\"https:\\\/\\\/cosmeticstoredz.com\\\/produit\\\/garnier-ultra-doux-apres-shampooing-couleur-a-lhuile-dargan-et-cranberry-250ml\\\/#breadcrumb\",\"itemListElement\":[{\"@type\":\"ListItem\",\"position\":1,\"name\":\"Accueil\",\"item\":\"https:\\\/\\\/cosmeticstoredz.com\\\/\"},{\"@type\":\"ListItem\",\"position\":2,\"name\":\"Boutique\",\"item\":\"https:\\\/\\\/cosmeticstoredz.com\\\/boutique\\\/\"},{\"@type\":\"ListItem\",\"position\":3,\"name\":\"GARNIER ULTRA DOUX APRES SHAMPOOING COULEUR A L&rsquo;HUILE D&rsquo;ARGAN ET CRANBERRY 250ML\"}]},{\"@type\":\"WebSite\",\"@id\":\"https:\\\/\\\/cosmeticstoredz.com\\\/#website\",\"url\":\"https:\\\/\\\/cosmeticstoredz.com\\\/\",\"name\":\"Cosmetic Store\",\"description\":\"\",\"publisher\":{\"@id\":\"https:\\\/\\\/cosmeticstoredz.com\\\/#organization\"},\"potentialAction\":[{\"@type\":\"SearchAction\",\"target\":{\"@type\":\"EntryPoint\",\"urlTemplate\":\"https:\\\/\\\/cosmeticstoredz.com\\\/?s={search_term_string}\"},\"query-input\":{\"@type\":\"PropertyValueSpecification\",\"valueRequired\":true,\"valueName\":\"search_term_string\"}}],\"inLanguage\":\"ar\"},{\"@type\":\"Organization\",\"@id\":\"https:\\\/\\\/cosmeticstoredz.com\\\/#organization\",\"name\":\"Cosmetic Store\",\"url\":\"https:\\\/\\\/cosmeticstoredz.com\\\/\",\"logo\":{\"@type\":\"ImageObject\",\"inLanguage\":\"ar\",\"@id\":\"https:\\\/\\\/cosmeticstoredz.com\\\/#\\\/schema\\\/logo\\\/image\\\/\",\"url\":\"https:\\\/\\\/cosmeticstoredz.com\\\/wp-content\\\/uploads\\\/2026\\\/02\\\/cropped-LOGO_CS-512x512-1-1-e1771275285345.webp\",\"contentUrl\":\"https:\\\/\\\/cosmeticstoredz.com\\\/wp-content\\\/uploads\\\/2026\\\/02\\\/cropped-LOGO_CS-512x512-1-1-e1771275285345.webp\",\"width\":265,\"height\":319,\"caption\":\"Cosmetic Store\"},\"image\":{\"@id\":\"https:\\\/\\\/cosmeticstoredz.com\\\/#\\\/schema\\\/logo\\\/image\\\/\"},\"sameAs\":[\"https:\\\/\\\/www.facebook.com\\\/profile.php?id=61564954260683\",\"https:\\\/\\\/www.instagram.com\\\/cosmetic.storedz\\\/\"]}]}<\/script>\n<!-- \/ Yoast SEO plugin. -->","yoast_head_json":{"title":"GARNIER ULTRA DOUX APRES SHAMPOOING COULEUR A L'HUILE D'ARGAN ET CRANBERRY 250ML - Cosmetic Store","robots":{"index":"index","follow":"follow","max-snippet":"max-snippet:-1","max-image-preview":"max-image-preview:large","max-video-preview":"max-video-preview:-1"},"canonical":"https:\/\/cosmeticstoredz.com\/ar\/product\/garnier-ultra-doux-apres-shampooing-couleur-a-lhuile-dargan-et-cranberry-250ml\/","og_locale":"ar_AR","og_type":"article","og_title":"GARNIER ULTRA DOUX APRES SHAMPOOING COULEUR A L'HUILE D'ARGAN ET CRANBERRY 250ML - Cosmetic Store","og_description":"L&rsquo;apr\u00e8s-shampooing Garnier Ultra Doux Couleur \u00e0 l&rsquo;huile d&rsquo;argan et de cranberry 250 ml\u00a0est con\u00e7u pour\u00a0nourrir\u00a0les cheveux et\u00a0prot\u00e9ger l&rsquo;\u00e9clat des cheveux","og_url":"https:\/\/cosmeticstoredz.com\/ar\/product\/garnier-ultra-doux-apres-shampooing-couleur-a-lhuile-dargan-et-cranberry-250ml\/","og_site_name":"Cosmetic Store","article_publisher":"https:\/\/www.facebook.com\/profile.php?id=61564954260683","article_modified_time":"2026-04-08T22:04:29+00:00","og_image":[{"width":1563,"height":1563,"url":"https:\/\/cosmeticstoredz.com\/wp-content\/uploads\/2026\/02\/CC-101-4.png","type":"image\/png"}],"twitter_card":"summary_large_image","schema":{"@context":"https:\/\/schema.org","@graph":[{"@type":"WebPage","@id":"https:\/\/cosmeticstoredz.com\/produit\/garnier-ultra-doux-apres-shampooing-couleur-a-lhuile-dargan-et-cranberry-250ml\/","url":"https:\/\/cosmeticstoredz.com\/produit\/garnier-ultra-doux-apres-shampooing-couleur-a-lhuile-dargan-et-cranberry-250ml\/","name":"GARNIER ULTRA DOUX APRES SHAMPOOING COULEUR A L'HUILE D'ARGAN ET CRANBERRY 250ML - Cosmetic Store","isPartOf":{"@id":"https:\/\/cosmeticstoredz.com\/#website"},"primaryImageOfPage":{"@id":"https:\/\/cosmeticstoredz.com\/produit\/garnier-ultra-doux-apres-shampooing-couleur-a-lhuile-dargan-et-cranberry-250ml\/#primaryimage"},"image":{"@id":"https:\/\/cosmeticstoredz.com\/produit\/garnier-ultra-doux-apres-shampooing-couleur-a-lhuile-dargan-et-cranberry-250ml\/#primaryimage"},"thumbnailUrl":"https:\/\/cosmeticstoredz.com\/wp-content\/uploads\/2026\/02\/CC-101-4.png","datePublished":"2025-12-18T19:32:57+00:00","dateModified":"2026-04-08T22:04:29+00:00","breadcrumb":{"@id":"https:\/\/cosmeticstoredz.com\/produit\/garnier-ultra-doux-apres-shampooing-couleur-a-lhuile-dargan-et-cranberry-250ml\/#breadcrumb"},"inLanguage":"ar","potentialAction":[{"@type":"ReadAction","target":["https:\/\/cosmeticstoredz.com\/produit\/garnier-ultra-doux-apres-shampooing-couleur-a-lhuile-dargan-et-cranberry-250ml\/"]}]},{"@type":"ImageObject","inLanguage":"ar","@id":"https:\/\/cosmeticstoredz.com\/produit\/garnier-ultra-doux-apres-shampooing-couleur-a-lhuile-dargan-et-cranberry-250ml\/#primaryimage","url":"https:\/\/cosmeticstoredz.com\/wp-content\/uploads\/2026\/02\/CC-101-4.png","contentUrl":"https:\/\/cosmeticstoredz.com\/wp-content\/uploads\/2026\/02\/CC-101-4.png","width":1563,"height":1563},{"@type":"BreadcrumbList","@id":"https:\/\/cosmeticstoredz.com\/produit\/garnier-ultra-doux-apres-shampooing-couleur-a-lhuile-dargan-et-cranberry-250ml\/#breadcrumb","itemListElement":[{"@type":"ListItem","position":1,"name":"Accueil","item":"https:\/\/cosmeticstoredz.com\/"},{"@type":"ListItem","position":2,"name":"Boutique","item":"https:\/\/cosmeticstoredz.com\/boutique\/"},{"@type":"ListItem","position":3,"name":"GARNIER ULTRA DOUX APRES SHAMPOOING COULEUR A L&rsquo;HUILE D&rsquo;ARGAN ET CRANBERRY 250ML"}]},{"@type":"WebSite","@id":"https:\/\/cosmeticstoredz.com\/#website","url":"https:\/\/cosmeticstoredz.com\/","name":"Cosmetic Store","description":"","publisher":{"@id":"https:\/\/cosmeticstoredz.com\/#organization"},"potentialAction":[{"@type":"SearchAction","target":{"@type":"EntryPoint","urlTemplate":"https:\/\/cosmeticstoredz.com\/?s={search_term_string}"},"query-input":{"@type":"PropertyValueSpecification","valueRequired":true,"valueName":"search_term_string"}}],"inLanguage":"ar"},{"@type":"Organization","@id":"https:\/\/cosmeticstoredz.com\/#organization","name":"Cosmetic Store","url":"https:\/\/cosmeticstoredz.com\/","logo":{"@type":"ImageObject","inLanguage":"ar","@id":"https:\/\/cosmeticstoredz.com\/#\/schema\/logo\/image\/","url":"https:\/\/cosmeticstoredz.com\/wp-content\/uploads\/2026\/02\/cropped-LOGO_CS-512x512-1-1-e1771275285345.webp","contentUrl":"https:\/\/cosmeticstoredz.com\/wp-content\/uploads\/2026\/02\/cropped-LOGO_CS-512x512-1-1-e1771275285345.webp","width":265,"height":319,"caption":"Cosmetic Store"},"image":{"@id":"https:\/\/cosmeticstoredz.com\/#\/schema\/logo\/image\/"},"sameAs":["https:\/\/www.facebook.com\/profile.php?id=61564954260683","https:\/\/www.instagram.com\/cosmetic.storedz\/"]}]}},"_links":{"self":[{"href":"https:\/\/cosmeticstoredz.com\/ar\/wp-json\/wp\/v2\/product\/15560","targetHints":{"allow":["GET"]}}],"collection":[{"href":"https:\/\/cosmeticstoredz.com\/ar\/wp-json\/wp\/v2\/product"}],"about":[{"href":"https:\/\/cosmeticstoredz.com\/ar\/wp-json\/wp\/v2\/types\/product"}],"replies":[{"embeddable":true,"href":"https:\/\/cosmeticstoredz.com\/ar\/wp-json\/wp\/v2\/comments?post=15560"}],"version-history":[{"count":1,"href":"https:\/\/cosmeticstoredz.com\/ar\/wp-json\/wp\/v2\/product\/15560\/revisions"}],"predecessor-version":[{"id":23556,"href":"https:\/\/cosmeticstoredz.com\/ar\/wp-json\/wp\/v2\/product\/15560\/revisions\/23556"}],"wp:featuredmedia":[{"embeddable":true,"href":"https:\/\/cosmeticstoredz.com\/ar\/wp-json\/wp\/v2\/media\/23555"}],"wp:attachment":[{"href":"https:\/\/cosmeticstoredz.com\/ar\/wp-json\/wp\/v2\/media?parent=15560"}],"wp:term":[{"taxonomy":"product_brand","embeddable":true,"href":"https:\/\/cosmeticstoredz.com\/ar\/wp-json\/wp\/v2\/product_brand?post=15560"},{"taxonomy":"product_cat","embeddable":true,"href":"https:\/\/cosmeticstoredz.com\/ar\/wp-json\/wp\/v2\/product_cat?post=15560"},{"taxonomy":"product_tag","embeddable":true,"href":"https:\/\/cosmeticstoredz.com\/ar\/wp-json\/wp\/v2\/product_tag?post=15560"}],"curies":[{"name":"wp","href":"https:\/\/api.w.org\/{rel}","templated":true}]}}