{"id":15547,"date":"2025-12-18T19:31:44","date_gmt":"2025-12-18T19:31:44","guid":{"rendered":"https:\/\/test.fitnessworldgym27.com\/?post_type=product&#038;p=15547"},"modified":"2026-03-30T19:25:09","modified_gmt":"2026-03-30T19:25:09","slug":"fella-beauty-creme-pieds-advanced-repair-250ml","status":"publish","type":"product","link":"https:\/\/cosmeticstoredz.com\/ar\/product\/fella-beauty-creme-pieds-advanced-repair-250ml\/","title":{"rendered":"FELLA BEAUTY CREME PIEDS ADVANCED REPAIR 250ML"},"content":{"rendered":"<p>La\u00a0<strong class=\"Yjhzub\" data-complete=\"true\" data-processed=\"true\">FELLA BEAUTY CR\u00c8ME PIEDS ADVANCED REPAIR 250ML<\/strong>\u00a0<mark class=\"HxTRcb\" data-complete=\"true\" data-sae=\"\">est un soin intensif con\u00e7u pour nourrir et r\u00e9parer les pieds secs, rugueux et ab\u00eem\u00e9s, contenant de l&rsquo;<strong class=\"Yjhzub\" data-complete=\"true\">ur\u00e9e, de l&rsquo;acide salicylique et de l&rsquo;huile de carotte<\/strong><\/mark><\/p>\n<p>&nbsp;<\/p>","protected":false},"excerpt":{"rendered":"<p>La\u00a0FELLA BEAUTY CR\u00c8ME PIEDS ADVANCED REPAIR 250ML\u00a0est un soin intensif con\u00e7u pour nourrir et r\u00e9parer les pieds secs, rugueux et<\/p>","protected":false},"featured_media":23529,"comment_status":"closed","ping_status":"closed","template":"","meta":[],"product_brand":[],"product_cat":[82,81],"product_tag":[],"class_list":{"0":"post-15547","1":"product","2":"type-product","3":"status-publish","4":"has-post-thumbnail","6":"product_cat-creme-hydratante-fc","7":"product_cat-soin-corps-f","9":"first","10":"instock","11":"shipping-taxable","12":"purchasable","13":"product-type-simple"},"_links":{"self":[{"href":"https:\/\/cosmeticstoredz.com\/ar\/wp-json\/wp\/v2\/product\/15547","targetHints":{"allow":["GET"]}}],"collection":[{"href":"https:\/\/cosmeticstoredz.com\/ar\/wp-json\/wp\/v2\/product"}],"about":[{"href":"https:\/\/cosmeticstoredz.com\/ar\/wp-json\/wp\/v2\/types\/product"}],"replies":[{"embeddable":true,"href":"https:\/\/cosmeticstoredz.com\/ar\/wp-json\/wp\/v2\/comments?post=15547"}],"version-history":[{"count":1,"href":"https:\/\/cosmeticstoredz.com\/ar\/wp-json\/wp\/v2\/product\/15547\/revisions"}],"predecessor-version":[{"id":23530,"href":"https:\/\/cosmeticstoredz.com\/ar\/wp-json\/wp\/v2\/product\/15547\/revisions\/23530"}],"wp:featuredmedia":[{"embeddable":true,"href":"https:\/\/cosmeticstoredz.com\/ar\/wp-json\/wp\/v2\/media\/23529"}],"wp:attachment":[{"href":"https:\/\/cosmeticstoredz.com\/ar\/wp-json\/wp\/v2\/media?parent=15547"}],"wp:term":[{"taxonomy":"product_brand","embeddable":true,"href":"https:\/\/cosmeticstoredz.com\/ar\/wp-json\/wp\/v2\/product_brand?post=15547"},{"taxonomy":"product_cat","embeddable":true,"href":"https:\/\/cosmeticstoredz.com\/ar\/wp-json\/wp\/v2\/product_cat?post=15547"},{"taxonomy":"product_tag","embeddable":true,"href":"https:\/\/cosmeticstoredz.com\/ar\/wp-json\/wp\/v2\/product_tag?post=15547"}],"curies":[{"name":"wp","href":"https:\/\/api.w.org\/{rel}","templated":true}]}}