{"id":15545,"date":"2025-12-18T19:31:30","date_gmt":"2025-12-18T19:31:30","guid":{"rendered":"https:\/\/test.fitnessworldgym27.com\/?post_type=product&#038;p=15545"},"modified":"2026-04-02T00:31:33","modified_gmt":"2026-04-02T00:31:33","slug":"celimax-retinol-shot-15ml","status":"publish","type":"product","link":"https:\/\/cosmeticstoredz.com\/ar\/product\/celimax-retinol-shot-15ml\/","title":{"rendered":"CELIMAX RETINOL SHOT 15ML"},"content":{"rendered":"<p>Le produit\u00a0<strong class=\"Yjhzub\" data-complete=\"true\" data-processed=\"true\">Celimax The Vita-A Retinal Shot Tightening Booster 15ml<\/strong>\u00a0<mark class=\"HxTRcb\" data-complete=\"true\" data-sae=\"\">est un soin anti-\u00e2ge disponible aupr\u00e8s de divers d\u00e9taillants en ligne et en magasin<\/mark>. Il est formul\u00e9 pour lisser les rides, raffermir la peau et affiner le grain de peau gr\u00e2ce \u00e0 sa haute teneur en r\u00e9tinal<\/p>","protected":false},"excerpt":{"rendered":"<p>Le produit\u00a0Celimax The Vita-A Retinal Shot Tightening Booster 15ml\u00a0est un soin anti-\u00e2ge disponible aupr\u00e8s de divers d\u00e9taillants en ligne et<\/p>","protected":false},"featured_media":23525,"comment_status":"closed","ping_status":"closed","template":"","meta":[],"product_brand":[],"product_cat":[395,171,76],"product_tag":[],"class_list":{"0":"post-15545","1":"product","2":"type-product","3":"status-publish","4":"has-post-thumbnail","6":"product_cat-celimax","7":"product_cat-creme-anti-age","8":"product_cat-soin-visage-f","10":"first","11":"instock","12":"sale","13":"shipping-taxable","14":"purchasable","15":"product-type-simple"},"_links":{"self":[{"href":"https:\/\/cosmeticstoredz.com\/ar\/wp-json\/wp\/v2\/product\/15545","targetHints":{"allow":["GET"]}}],"collection":[{"href":"https:\/\/cosmeticstoredz.com\/ar\/wp-json\/wp\/v2\/product"}],"about":[{"href":"https:\/\/cosmeticstoredz.com\/ar\/wp-json\/wp\/v2\/types\/product"}],"replies":[{"embeddable":true,"href":"https:\/\/cosmeticstoredz.com\/ar\/wp-json\/wp\/v2\/comments?post=15545"}],"version-history":[{"count":1,"href":"https:\/\/cosmeticstoredz.com\/ar\/wp-json\/wp\/v2\/product\/15545\/revisions"}],"predecessor-version":[{"id":23526,"href":"https:\/\/cosmeticstoredz.com\/ar\/wp-json\/wp\/v2\/product\/15545\/revisions\/23526"}],"wp:featuredmedia":[{"embeddable":true,"href":"https:\/\/cosmeticstoredz.com\/ar\/wp-json\/wp\/v2\/media\/23525"}],"wp:attachment":[{"href":"https:\/\/cosmeticstoredz.com\/ar\/wp-json\/wp\/v2\/media?parent=15545"}],"wp:term":[{"taxonomy":"product_brand","embeddable":true,"href":"https:\/\/cosmeticstoredz.com\/ar\/wp-json\/wp\/v2\/product_brand?post=15545"},{"taxonomy":"product_cat","embeddable":true,"href":"https:\/\/cosmeticstoredz.com\/ar\/wp-json\/wp\/v2\/product_cat?post=15545"},{"taxonomy":"product_tag","embeddable":true,"href":"https:\/\/cosmeticstoredz.com\/ar\/wp-json\/wp\/v2\/product_tag?post=15545"}],"curies":[{"name":"wp","href":"https:\/\/api.w.org\/{rel}","templated":true}]}}