{"id":15426,"date":"2025-12-11T11:59:57","date_gmt":"2025-12-11T11:59:57","guid":{"rendered":"https:\/\/test.fitnessworldgym27.com\/?post_type=product&#038;p=15426"},"modified":"2026-04-18T19:19:10","modified_gmt":"2026-04-18T19:19:10","slug":"arvea-coloration-a-faible-taux-dammoniaue-8-0-blond-clair-naturel","status":"publish","type":"product","link":"https:\/\/cosmeticstoredz.com\/ar\/product\/arvea-coloration-a-faible-taux-dammoniaue-8-0-blond-clair-naturel\/","title":{"rendered":"ARVEA COLORATION A FAIBLE TAUX D&rsquo;AMMONIAUE 8.0 BLOND CLAIR NATUREL"},"content":{"rendered":"<p>La coloration capillaire\u00a0<strong class=\"Yjhzub\" data-complete=\"true\" data-processed=\"true\">ARVEA COLORATION A FAIBLE TAUX D&rsquo;AMMONIAQUE 8.0 BLOND CLAIR NATUREL<\/strong>\u00a0<mark class=\"HxTRcb\" data-complete=\"true\" data-sae=\"\">est une coloration permanente con\u00e7ue pour offrir une couleur \u00e9clatante, une brillance intense et une couverture totale des cheveux blancs, tout en \u00e9tant douce pour les cheveux et le cuir chevelu gr\u00e2ce \u00e0 sa formule enrichie<\/mark>.<\/p>","protected":false},"excerpt":{"rendered":"<p>La coloration capillaire\u00a0ARVEA COLORATION A FAIBLE TAUX D&rsquo;AMMONIAQUE 8.0 BLOND CLAIR NATUREL\u00a0est une coloration permanente con\u00e7ue pour offrir une couleur<\/p>","protected":false},"featured_media":23501,"comment_status":"closed","ping_status":"closed","template":"","meta":[],"product_brand":[],"product_cat":[390,75,95,115],"product_tag":[],"class_list":{"0":"post-15426","1":"product","2":"type-product","3":"status-publish","4":"has-post-thumbnail","6":"product_cat-arvea","7":"product_cat-femme","8":"product_cat-soin-cheveux-f","9":"product_cat-teinte-cheveux","11":"first","12":"instock","13":"shipping-taxable","14":"purchasable","15":"product-type-simple"},"yoast_head":"<!-- This site is optimized with the Yoast SEO plugin v27.3 - https:\/\/yoast.com\/product\/yoast-seo-wordpress\/ -->\n<title>ARVEA COLORATION A FAIBLE TAUX D&#039;AMMONIAUE 8.0 BLOND CLAIR NATUREL - Cosmetic Store<\/title>\n<meta name=\"robots\" content=\"index, follow, max-snippet:-1, max-image-preview:large, max-video-preview:-1\" \/>\n<link rel=\"canonical\" href=\"https:\/\/cosmeticstoredz.com\/ar\/product\/arvea-coloration-a-faible-taux-dammoniaue-8-0-blond-clair-naturel\/\" \/>\n<meta property=\"og:locale\" content=\"ar_AR\" \/>\n<meta property=\"og:type\" content=\"article\" \/>\n<meta property=\"og:title\" content=\"ARVEA COLORATION A FAIBLE TAUX D&#039;AMMONIAUE 8.0 BLOND CLAIR NATUREL - Cosmetic Store\" \/>\n<meta property=\"og:description\" content=\"La coloration capillaire\u00a0ARVEA COLORATION A FAIBLE TAUX D&rsquo;AMMONIAQUE 8.0 BLOND CLAIR NATUREL\u00a0est une coloration permanente con\u00e7ue pour offrir une couleur\" \/>\n<meta property=\"og:url\" content=\"https:\/\/cosmeticstoredz.com\/ar\/product\/arvea-coloration-a-faible-taux-dammoniaue-8-0-blond-clair-naturel\/\" \/>\n<meta property=\"og:site_name\" content=\"Cosmetic Store\" \/>\n<meta property=\"article:publisher\" content=\"https:\/\/www.facebook.com\/profile.php?id=61564954260683\" \/>\n<meta property=\"article:modified_time\" content=\"2026-04-18T19:19:10+00:00\" \/>\n<meta property=\"og:image\" content=\"https:\/\/cosmeticstoredz.com\/wp-content\/uploads\/2026\/02\/ARVEA-76.png\" \/>\n\t<meta property=\"og:image:width\" content=\"1563\" \/>\n\t<meta property=\"og:image:height\" content=\"1563\" \/>\n\t<meta property=\"og:image:type\" content=\"image\/png\" \/>\n<meta name=\"twitter:card\" content=\"summary_large_image\" \/>\n<script type=\"application\/ld+json\" class=\"yoast-schema-graph\">{\"@context\":\"https:\\\/\\\/schema.org\",\"@graph\":[{\"@type\":\"WebPage\",\"@id\":\"https:\\\/\\\/cosmeticstoredz.com\\\/produit\\\/arvea-coloration-a-faible-taux-dammoniaue-8-0-blond-clair-naturel\\\/\",\"url\":\"https:\\\/\\\/cosmeticstoredz.com\\\/produit\\\/arvea-coloration-a-faible-taux-dammoniaue-8-0-blond-clair-naturel\\\/\",\"name\":\"ARVEA COLORATION A FAIBLE TAUX D'AMMONIAUE 8.0 BLOND CLAIR NATUREL - Cosmetic Store\",\"isPartOf\":{\"@id\":\"https:\\\/\\\/cosmeticstoredz.com\\\/#website\"},\"primaryImageOfPage\":{\"@id\":\"https:\\\/\\\/cosmeticstoredz.com\\\/produit\\\/arvea-coloration-a-faible-taux-dammoniaue-8-0-blond-clair-naturel\\\/#primaryimage\"},\"image\":{\"@id\":\"https:\\\/\\\/cosmeticstoredz.com\\\/produit\\\/arvea-coloration-a-faible-taux-dammoniaue-8-0-blond-clair-naturel\\\/#primaryimage\"},\"thumbnailUrl\":\"https:\\\/\\\/cosmeticstoredz.com\\\/wp-content\\\/uploads\\\/2026\\\/02\\\/ARVEA-76.png\",\"datePublished\":\"2025-12-11T11:59:57+00:00\",\"dateModified\":\"2026-04-18T19:19:10+00:00\",\"breadcrumb\":{\"@id\":\"https:\\\/\\\/cosmeticstoredz.com\\\/produit\\\/arvea-coloration-a-faible-taux-dammoniaue-8-0-blond-clair-naturel\\\/#breadcrumb\"},\"inLanguage\":\"ar\",\"potentialAction\":[{\"@type\":\"ReadAction\",\"target\":[\"https:\\\/\\\/cosmeticstoredz.com\\\/produit\\\/arvea-coloration-a-faible-taux-dammoniaue-8-0-blond-clair-naturel\\\/\"]}]},{\"@type\":\"ImageObject\",\"inLanguage\":\"ar\",\"@id\":\"https:\\\/\\\/cosmeticstoredz.com\\\/produit\\\/arvea-coloration-a-faible-taux-dammoniaue-8-0-blond-clair-naturel\\\/#primaryimage\",\"url\":\"https:\\\/\\\/cosmeticstoredz.com\\\/wp-content\\\/uploads\\\/2026\\\/02\\\/ARVEA-76.png\",\"contentUrl\":\"https:\\\/\\\/cosmeticstoredz.com\\\/wp-content\\\/uploads\\\/2026\\\/02\\\/ARVEA-76.png\",\"width\":1563,\"height\":1563},{\"@type\":\"BreadcrumbList\",\"@id\":\"https:\\\/\\\/cosmeticstoredz.com\\\/produit\\\/arvea-coloration-a-faible-taux-dammoniaue-8-0-blond-clair-naturel\\\/#breadcrumb\",\"itemListElement\":[{\"@type\":\"ListItem\",\"position\":1,\"name\":\"Accueil\",\"item\":\"https:\\\/\\\/cosmeticstoredz.com\\\/\"},{\"@type\":\"ListItem\",\"position\":2,\"name\":\"Boutique\",\"item\":\"https:\\\/\\\/cosmeticstoredz.com\\\/boutique\\\/\"},{\"@type\":\"ListItem\",\"position\":3,\"name\":\"ARVEA COLORATION A FAIBLE TAUX D&rsquo;AMMONIAUE 8.0 BLOND CLAIR NATUREL\"}]},{\"@type\":\"WebSite\",\"@id\":\"https:\\\/\\\/cosmeticstoredz.com\\\/#website\",\"url\":\"https:\\\/\\\/cosmeticstoredz.com\\\/\",\"name\":\"Cosmetic Store\",\"description\":\"\",\"publisher\":{\"@id\":\"https:\\\/\\\/cosmeticstoredz.com\\\/#organization\"},\"potentialAction\":[{\"@type\":\"SearchAction\",\"target\":{\"@type\":\"EntryPoint\",\"urlTemplate\":\"https:\\\/\\\/cosmeticstoredz.com\\\/?s={search_term_string}\"},\"query-input\":{\"@type\":\"PropertyValueSpecification\",\"valueRequired\":true,\"valueName\":\"search_term_string\"}}],\"inLanguage\":\"ar\"},{\"@type\":\"Organization\",\"@id\":\"https:\\\/\\\/cosmeticstoredz.com\\\/#organization\",\"name\":\"Cosmetic Store\",\"url\":\"https:\\\/\\\/cosmeticstoredz.com\\\/\",\"logo\":{\"@type\":\"ImageObject\",\"inLanguage\":\"ar\",\"@id\":\"https:\\\/\\\/cosmeticstoredz.com\\\/#\\\/schema\\\/logo\\\/image\\\/\",\"url\":\"https:\\\/\\\/cosmeticstoredz.com\\\/wp-content\\\/uploads\\\/2026\\\/02\\\/cropped-LOGO_CS-512x512-1-1-e1771275285345.webp\",\"contentUrl\":\"https:\\\/\\\/cosmeticstoredz.com\\\/wp-content\\\/uploads\\\/2026\\\/02\\\/cropped-LOGO_CS-512x512-1-1-e1771275285345.webp\",\"width\":265,\"height\":319,\"caption\":\"Cosmetic Store\"},\"image\":{\"@id\":\"https:\\\/\\\/cosmeticstoredz.com\\\/#\\\/schema\\\/logo\\\/image\\\/\"},\"sameAs\":[\"https:\\\/\\\/www.facebook.com\\\/profile.php?id=61564954260683\",\"https:\\\/\\\/www.instagram.com\\\/cosmetic.storedz\\\/\"]}]}<\/script>\n<!-- \/ Yoast SEO plugin. -->","yoast_head_json":{"title":"ARVEA COLORATION A FAIBLE TAUX D'AMMONIAUE 8.0 BLOND CLAIR NATUREL - Cosmetic Store","robots":{"index":"index","follow":"follow","max-snippet":"max-snippet:-1","max-image-preview":"max-image-preview:large","max-video-preview":"max-video-preview:-1"},"canonical":"https:\/\/cosmeticstoredz.com\/ar\/product\/arvea-coloration-a-faible-taux-dammoniaue-8-0-blond-clair-naturel\/","og_locale":"ar_AR","og_type":"article","og_title":"ARVEA COLORATION A FAIBLE TAUX D'AMMONIAUE 8.0 BLOND CLAIR NATUREL - Cosmetic Store","og_description":"La coloration capillaire\u00a0ARVEA COLORATION A FAIBLE TAUX D&rsquo;AMMONIAQUE 8.0 BLOND CLAIR NATUREL\u00a0est une coloration permanente con\u00e7ue pour offrir une couleur","og_url":"https:\/\/cosmeticstoredz.com\/ar\/product\/arvea-coloration-a-faible-taux-dammoniaue-8-0-blond-clair-naturel\/","og_site_name":"Cosmetic Store","article_publisher":"https:\/\/www.facebook.com\/profile.php?id=61564954260683","article_modified_time":"2026-04-18T19:19:10+00:00","og_image":[{"width":1563,"height":1563,"url":"https:\/\/cosmeticstoredz.com\/wp-content\/uploads\/2026\/02\/ARVEA-76.png","type":"image\/png"}],"twitter_card":"summary_large_image","schema":{"@context":"https:\/\/schema.org","@graph":[{"@type":"WebPage","@id":"https:\/\/cosmeticstoredz.com\/produit\/arvea-coloration-a-faible-taux-dammoniaue-8-0-blond-clair-naturel\/","url":"https:\/\/cosmeticstoredz.com\/produit\/arvea-coloration-a-faible-taux-dammoniaue-8-0-blond-clair-naturel\/","name":"ARVEA COLORATION A FAIBLE TAUX D'AMMONIAUE 8.0 BLOND CLAIR NATUREL - Cosmetic Store","isPartOf":{"@id":"https:\/\/cosmeticstoredz.com\/#website"},"primaryImageOfPage":{"@id":"https:\/\/cosmeticstoredz.com\/produit\/arvea-coloration-a-faible-taux-dammoniaue-8-0-blond-clair-naturel\/#primaryimage"},"image":{"@id":"https:\/\/cosmeticstoredz.com\/produit\/arvea-coloration-a-faible-taux-dammoniaue-8-0-blond-clair-naturel\/#primaryimage"},"thumbnailUrl":"https:\/\/cosmeticstoredz.com\/wp-content\/uploads\/2026\/02\/ARVEA-76.png","datePublished":"2025-12-11T11:59:57+00:00","dateModified":"2026-04-18T19:19:10+00:00","breadcrumb":{"@id":"https:\/\/cosmeticstoredz.com\/produit\/arvea-coloration-a-faible-taux-dammoniaue-8-0-blond-clair-naturel\/#breadcrumb"},"inLanguage":"ar","potentialAction":[{"@type":"ReadAction","target":["https:\/\/cosmeticstoredz.com\/produit\/arvea-coloration-a-faible-taux-dammoniaue-8-0-blond-clair-naturel\/"]}]},{"@type":"ImageObject","inLanguage":"ar","@id":"https:\/\/cosmeticstoredz.com\/produit\/arvea-coloration-a-faible-taux-dammoniaue-8-0-blond-clair-naturel\/#primaryimage","url":"https:\/\/cosmeticstoredz.com\/wp-content\/uploads\/2026\/02\/ARVEA-76.png","contentUrl":"https:\/\/cosmeticstoredz.com\/wp-content\/uploads\/2026\/02\/ARVEA-76.png","width":1563,"height":1563},{"@type":"BreadcrumbList","@id":"https:\/\/cosmeticstoredz.com\/produit\/arvea-coloration-a-faible-taux-dammoniaue-8-0-blond-clair-naturel\/#breadcrumb","itemListElement":[{"@type":"ListItem","position":1,"name":"Accueil","item":"https:\/\/cosmeticstoredz.com\/"},{"@type":"ListItem","position":2,"name":"Boutique","item":"https:\/\/cosmeticstoredz.com\/boutique\/"},{"@type":"ListItem","position":3,"name":"ARVEA COLORATION A FAIBLE TAUX D&rsquo;AMMONIAUE 8.0 BLOND CLAIR NATUREL"}]},{"@type":"WebSite","@id":"https:\/\/cosmeticstoredz.com\/#website","url":"https:\/\/cosmeticstoredz.com\/","name":"Cosmetic Store","description":"","publisher":{"@id":"https:\/\/cosmeticstoredz.com\/#organization"},"potentialAction":[{"@type":"SearchAction","target":{"@type":"EntryPoint","urlTemplate":"https:\/\/cosmeticstoredz.com\/?s={search_term_string}"},"query-input":{"@type":"PropertyValueSpecification","valueRequired":true,"valueName":"search_term_string"}}],"inLanguage":"ar"},{"@type":"Organization","@id":"https:\/\/cosmeticstoredz.com\/#organization","name":"Cosmetic Store","url":"https:\/\/cosmeticstoredz.com\/","logo":{"@type":"ImageObject","inLanguage":"ar","@id":"https:\/\/cosmeticstoredz.com\/#\/schema\/logo\/image\/","url":"https:\/\/cosmeticstoredz.com\/wp-content\/uploads\/2026\/02\/cropped-LOGO_CS-512x512-1-1-e1771275285345.webp","contentUrl":"https:\/\/cosmeticstoredz.com\/wp-content\/uploads\/2026\/02\/cropped-LOGO_CS-512x512-1-1-e1771275285345.webp","width":265,"height":319,"caption":"Cosmetic Store"},"image":{"@id":"https:\/\/cosmeticstoredz.com\/#\/schema\/logo\/image\/"},"sameAs":["https:\/\/www.facebook.com\/profile.php?id=61564954260683","https:\/\/www.instagram.com\/cosmetic.storedz\/"]}]}},"_links":{"self":[{"href":"https:\/\/cosmeticstoredz.com\/ar\/wp-json\/wp\/v2\/product\/15426","targetHints":{"allow":["GET"]}}],"collection":[{"href":"https:\/\/cosmeticstoredz.com\/ar\/wp-json\/wp\/v2\/product"}],"about":[{"href":"https:\/\/cosmeticstoredz.com\/ar\/wp-json\/wp\/v2\/types\/product"}],"replies":[{"embeddable":true,"href":"https:\/\/cosmeticstoredz.com\/ar\/wp-json\/wp\/v2\/comments?post=15426"}],"version-history":[{"count":1,"href":"https:\/\/cosmeticstoredz.com\/ar\/wp-json\/wp\/v2\/product\/15426\/revisions"}],"predecessor-version":[{"id":23502,"href":"https:\/\/cosmeticstoredz.com\/ar\/wp-json\/wp\/v2\/product\/15426\/revisions\/23502"}],"wp:featuredmedia":[{"embeddable":true,"href":"https:\/\/cosmeticstoredz.com\/ar\/wp-json\/wp\/v2\/media\/23501"}],"wp:attachment":[{"href":"https:\/\/cosmeticstoredz.com\/ar\/wp-json\/wp\/v2\/media?parent=15426"}],"wp:term":[{"taxonomy":"product_brand","embeddable":true,"href":"https:\/\/cosmeticstoredz.com\/ar\/wp-json\/wp\/v2\/product_brand?post=15426"},{"taxonomy":"product_cat","embeddable":true,"href":"https:\/\/cosmeticstoredz.com\/ar\/wp-json\/wp\/v2\/product_cat?post=15426"},{"taxonomy":"product_tag","embeddable":true,"href":"https:\/\/cosmeticstoredz.com\/ar\/wp-json\/wp\/v2\/product_tag?post=15426"}],"curies":[{"name":"wp","href":"https:\/\/api.w.org\/{rel}","templated":true}]}}