{"id":1534,"date":"2026-02-16T08:49:33","date_gmt":"2026-02-16T08:49:33","guid":{"rendered":"https:\/\/test.fitnessworldgym27.com\/?post_type=product&#038;p=1534"},"modified":"2026-03-30T19:25:15","modified_gmt":"2026-03-30T19:25:15","slug":"garnier-ultra-doux-apres-shampoing-tresors-de-miel","status":"publish","type":"product","link":"https:\/\/cosmeticstoredz.com\/ar\/product\/garnier-ultra-doux-apres-shampoing-tresors-de-miel\/","title":{"rendered":"GARNIER ULTRA DOUX APRES SHAMPOING TRESORS DE MIEL"},"content":{"rendered":"<p><strong>Apr\u00e8s-shampooing Garnier Ultra DOUX \u00e0 la gel\u00e9e royale, au miel et \u00e0 la propolis<\/strong> pour cheveux fragiles, cassants.<\/p>\n<p><strong>R\u00e9sultat<\/strong> : imm\u00e9diatement d\u00e9m\u00eal\u00e9s et nourris, mieux prot\u00e9g\u00e9s et r\u00e9par\u00e9s jusqu&rsquo;aux pointes, vos cheveux sont renforc\u00e9s. Ils sont plus r\u00e9sistants et plus brillants, vraiment plus faciles \u00e0 coiffer. Doux au toucher ils rayonnent de beaut\u00e9.<\/p>\n<p><strong>Application<\/strong> : Apr\u00e8s le shampooing, appliquez sur cheveux essor\u00e9s, des mi-longueurs jusqu&rsquo;aux pointes. Peignez avec les doigts puis rincez.<\/p>\n<p>&nbsp;<\/p>","protected":false},"excerpt":{"rendered":"<p><strong>Apr\u00e8s-shampooing Garnier Ultra DOUX \u00e0 la gel\u00e9e royale, au miel et \u00e0 la propolis<\/strong> pour cheveux fragiles, cassants. R\u00e9sultat : imm\u00e9diatement d\u00e9m\u00eal\u00e9s et nourris, mieux prot\u00e9g\u00e9s et r\u00e9par\u00e9s jusqu&rsquo;aux pointes, vos cheveux sont renforc\u00e9s. Ils sont plus r\u00e9sistants et plus brillants, vraiment plus faciles \u00e0 coiffer. Doux au toucher ils rayonnent de beaut\u00e9.<\/p>","protected":false},"featured_media":1607,"comment_status":"open","ping_status":"closed","template":"","meta":[],"product_brand":[],"product_cat":[160,192,75,191,72,95,92],"product_tag":[125],"class_list":{"0":"post-1534","1":"product","2":"type-product","3":"status-publish","4":"has-post-thumbnail","6":"product_cat-apres-shampoing-f","7":"product_cat-apres-shampoing-h","8":"product_cat-femme","9":"product_cat-garnier","10":"product_cat-homme","11":"product_cat-soin-cheveux-f","12":"product_cat-soin-cheveux-h","13":"product_tag-made-in-france","15":"first","16":"instock","17":"shipping-taxable","18":"purchasable","19":"product-type-simple"},"_links":{"self":[{"href":"https:\/\/cosmeticstoredz.com\/ar\/wp-json\/wp\/v2\/product\/1534","targetHints":{"allow":["GET"]}}],"collection":[{"href":"https:\/\/cosmeticstoredz.com\/ar\/wp-json\/wp\/v2\/product"}],"about":[{"href":"https:\/\/cosmeticstoredz.com\/ar\/wp-json\/wp\/v2\/types\/product"}],"replies":[{"embeddable":true,"href":"https:\/\/cosmeticstoredz.com\/ar\/wp-json\/wp\/v2\/comments?post=1534"}],"version-history":[{"count":1,"href":"https:\/\/cosmeticstoredz.com\/ar\/wp-json\/wp\/v2\/product\/1534\/revisions"}],"predecessor-version":[{"id":1608,"href":"https:\/\/cosmeticstoredz.com\/ar\/wp-json\/wp\/v2\/product\/1534\/revisions\/1608"}],"wp:featuredmedia":[{"embeddable":true,"href":"https:\/\/cosmeticstoredz.com\/ar\/wp-json\/wp\/v2\/media\/1607"}],"wp:attachment":[{"href":"https:\/\/cosmeticstoredz.com\/ar\/wp-json\/wp\/v2\/media?parent=1534"}],"wp:term":[{"taxonomy":"product_brand","embeddable":true,"href":"https:\/\/cosmeticstoredz.com\/ar\/wp-json\/wp\/v2\/product_brand?post=1534"},{"taxonomy":"product_cat","embeddable":true,"href":"https:\/\/cosmeticstoredz.com\/ar\/wp-json\/wp\/v2\/product_cat?post=1534"},{"taxonomy":"product_tag","embeddable":true,"href":"https:\/\/cosmeticstoredz.com\/ar\/wp-json\/wp\/v2\/product_tag?post=1534"}],"curies":[{"name":"wp","href":"https:\/\/api.w.org\/{rel}","templated":true}]}}