{"id":1530,"date":"2026-02-16T08:49:33","date_gmt":"2026-02-16T08:49:33","guid":{"rendered":"https:\/\/test.fitnessworldgym27.com\/?post_type=product&#038;p=1530"},"modified":"2026-03-30T19:25:15","modified_gmt":"2026-03-30T19:25:15","slug":"garnier-hair-food-shampoing-macadamia","status":"publish","type":"product","link":"https:\/\/cosmeticstoredz.com\/ar\/product\/garnier-hair-food-shampoing-macadamia\/","title":{"rendered":"GARNIER HAIR FOOD SHAMPOING MACADAMIA"},"content":{"rendered":"<p><strong>Shampooing Hair Food Macadamia &#8211; Lissant<\/strong><br \/>\nFructis cr\u00e9e son 1er shampooing vegan \u00e0 96% d&rsquo;ingr\u00e9dients d&rsquo;origine naturelle : Hair Food. Une formule riche, qui nourrit, lave en douceur et lisse le cheveu, sans l\u2019alourdir.<\/p>\n<p>Fructis s&rsquo;engage :<br \/>\n&#8211; OUI : notre formule est vegan* et test\u00e9e dermatologiquement, dans un flacon recyclable***<br \/>\n&#8211; SANS : silicone pour un toucher naturel<\/p>\n<p><b>Application<\/b> : Comme tous les shampooings : appliquez, faites mousser et rincez<\/p>","protected":false},"excerpt":{"rendered":"<p>Le <strong>shampooing ultra-nourrissant lissant Hair Food Macadamia<\/strong> nourrit intens\u00e9ment les cheveux et contr\u00f4le les frisottis. Avec formule v\u00e9gan (sans ingr\u00e9dients d&rsquo;origine animale ni d\u00e9riv\u00e9s) et 98% d&rsquo;ingr\u00e9dients d&rsquo;origine naturelle. Sa texture l\u00e9g\u00e8re nettoie et r\u00e9pare en douceur vos cheveux. N&rsquo;alourdit pas. R\u00e9sultat: des cheveux intens\u00e9ment nourris et sains.<\/p>","protected":false},"featured_media":1599,"comment_status":"open","ping_status":"closed","template":"","meta":[],"product_brand":[],"product_cat":[75,191,72,111,159,95,92],"product_tag":[125],"class_list":{"0":"post-1530","1":"product","2":"type-product","3":"status-publish","4":"has-post-thumbnail","6":"product_cat-femme","7":"product_cat-garnier","8":"product_cat-homme","9":"product_cat-shampoing-f","10":"product_cat-shampoing-h","11":"product_cat-soin-cheveux-f","12":"product_cat-soin-cheveux-h","13":"product_tag-made-in-france","15":"first","16":"instock","17":"shipping-taxable","18":"purchasable","19":"product-type-simple"},"_links":{"self":[{"href":"https:\/\/cosmeticstoredz.com\/ar\/wp-json\/wp\/v2\/product\/1530","targetHints":{"allow":["GET"]}}],"collection":[{"href":"https:\/\/cosmeticstoredz.com\/ar\/wp-json\/wp\/v2\/product"}],"about":[{"href":"https:\/\/cosmeticstoredz.com\/ar\/wp-json\/wp\/v2\/types\/product"}],"replies":[{"embeddable":true,"href":"https:\/\/cosmeticstoredz.com\/ar\/wp-json\/wp\/v2\/comments?post=1530"}],"version-history":[{"count":1,"href":"https:\/\/cosmeticstoredz.com\/ar\/wp-json\/wp\/v2\/product\/1530\/revisions"}],"predecessor-version":[{"id":1600,"href":"https:\/\/cosmeticstoredz.com\/ar\/wp-json\/wp\/v2\/product\/1530\/revisions\/1600"}],"wp:featuredmedia":[{"embeddable":true,"href":"https:\/\/cosmeticstoredz.com\/ar\/wp-json\/wp\/v2\/media\/1599"}],"wp:attachment":[{"href":"https:\/\/cosmeticstoredz.com\/ar\/wp-json\/wp\/v2\/media?parent=1530"}],"wp:term":[{"taxonomy":"product_brand","embeddable":true,"href":"https:\/\/cosmeticstoredz.com\/ar\/wp-json\/wp\/v2\/product_brand?post=1530"},{"taxonomy":"product_cat","embeddable":true,"href":"https:\/\/cosmeticstoredz.com\/ar\/wp-json\/wp\/v2\/product_cat?post=1530"},{"taxonomy":"product_tag","embeddable":true,"href":"https:\/\/cosmeticstoredz.com\/ar\/wp-json\/wp\/v2\/product_tag?post=1530"}],"curies":[{"name":"wp","href":"https:\/\/api.w.org\/{rel}","templated":true}]}}