{"id":1529,"date":"2026-02-16T08:49:33","date_gmt":"2026-02-16T08:49:33","guid":{"rendered":"https:\/\/test.fitnessworldgym27.com\/?post_type=product&#038;p=1529"},"modified":"2026-03-30T19:25:15","modified_gmt":"2026-03-30T19:25:15","slug":"garnier-hair-food-shampoing-banane","status":"publish","type":"product","link":"https:\/\/cosmeticstoredz.com\/ar\/product\/garnier-hair-food-shampoing-banane\/","title":{"rendered":"GARNIER HAIR FOOD SHAMPOING BANANE"},"content":{"rendered":"<p><strong>Shampooing Hair Food Banane &#8211; Nourrissant<\/strong><br \/>\nFructis cr\u00e9e son 1<sup>er<\/sup>\u00a0shampooing v\u00e9gan \u00e0 96% d\u2019ingr\u00e9dients d\u2019origine naturelle : Hair Food. Une formule riche, qui nourrit et lave en douceur le cheveu, sans l\u2019alourdir.<\/p>\n<p>Fructis s&rsquo;engage :<br \/>\n&#8211; OUI : notre formule est vegan* et test\u00e9e dermatologiquement, dans un flacon recyclable***<br \/>\n&#8211; SANS : silicone pour un toucher naturel<\/p>\n<p><strong>Application<\/strong> :\u00a0Comme tous les shampooings : Appliquez, faites mousser et rincez !<\/p>\n<p><i>Les listes d\u2019ingr\u00e9dients entrant dans la composition des produits de notre marque sont r\u00e9guli\u00e8rement mises \u00e0 jour. Avant d\u2019utiliser un produit de notre marque, vous \u00eates invit\u00e9s \u00e0 lire la liste d\u2019ingr\u00e9dients figurant sur son emballage afin de vous assurer que les ingr\u00e9dients sont adapt\u00e9s \u00e0 votre utilisation personnelle.<\/i><\/p>","protected":false},"excerpt":{"rendered":"<p><strong>Shampooing Hair Food Banane &#8211; Nourrissant<\/strong><br \/>\nFructis cr\u00e9e son 1<sup>er<\/sup>\u00a0shampooing v\u00e9gan \u00e0 96% d\u2019ingr\u00e9dients d\u2019origine naturelle : Hair Food. Une formule riche, qui nourrit et lave en douceur le cheveu, sans l\u2019alourdir.<\/p>\n<p>Fructis s&rsquo;engage :<br \/>\n&#8211; OUI : notre formule est vegan* et test\u00e9e dermatologiquement, dans un flacon recyclable***<br \/>\n&#8211; SANS : silicone pour un toucher naturel<\/p>","protected":false},"featured_media":1597,"comment_status":"open","ping_status":"closed","template":"","meta":[],"product_brand":[],"product_cat":[75,191,72,111,159,95,92],"product_tag":[125],"class_list":{"0":"post-1529","1":"product","2":"type-product","3":"status-publish","4":"has-post-thumbnail","6":"product_cat-femme","7":"product_cat-garnier","8":"product_cat-homme","9":"product_cat-shampoing-f","10":"product_cat-shampoing-h","11":"product_cat-soin-cheveux-f","12":"product_cat-soin-cheveux-h","13":"product_tag-made-in-france","15":"first","16":"outofstock","17":"shipping-taxable","18":"purchasable","19":"product-type-simple"},"_links":{"self":[{"href":"https:\/\/cosmeticstoredz.com\/ar\/wp-json\/wp\/v2\/product\/1529","targetHints":{"allow":["GET"]}}],"collection":[{"href":"https:\/\/cosmeticstoredz.com\/ar\/wp-json\/wp\/v2\/product"}],"about":[{"href":"https:\/\/cosmeticstoredz.com\/ar\/wp-json\/wp\/v2\/types\/product"}],"replies":[{"embeddable":true,"href":"https:\/\/cosmeticstoredz.com\/ar\/wp-json\/wp\/v2\/comments?post=1529"}],"version-history":[{"count":1,"href":"https:\/\/cosmeticstoredz.com\/ar\/wp-json\/wp\/v2\/product\/1529\/revisions"}],"predecessor-version":[{"id":1598,"href":"https:\/\/cosmeticstoredz.com\/ar\/wp-json\/wp\/v2\/product\/1529\/revisions\/1598"}],"wp:featuredmedia":[{"embeddable":true,"href":"https:\/\/cosmeticstoredz.com\/ar\/wp-json\/wp\/v2\/media\/1597"}],"wp:attachment":[{"href":"https:\/\/cosmeticstoredz.com\/ar\/wp-json\/wp\/v2\/media?parent=1529"}],"wp:term":[{"taxonomy":"product_brand","embeddable":true,"href":"https:\/\/cosmeticstoredz.com\/ar\/wp-json\/wp\/v2\/product_brand?post=1529"},{"taxonomy":"product_cat","embeddable":true,"href":"https:\/\/cosmeticstoredz.com\/ar\/wp-json\/wp\/v2\/product_cat?post=1529"},{"taxonomy":"product_tag","embeddable":true,"href":"https:\/\/cosmeticstoredz.com\/ar\/wp-json\/wp\/v2\/product_tag?post=1529"}],"curies":[{"name":"wp","href":"https:\/\/api.w.org\/{rel}","templated":true}]}}