{"id":1527,"date":"2026-02-16T08:49:33","date_gmt":"2026-02-16T08:49:33","guid":{"rendered":"https:\/\/test.fitnessworldgym27.com\/?post_type=product&#038;p=1527"},"modified":"2026-04-27T15:54:53","modified_gmt":"2026-04-27T15:54:53","slug":"garnier-hair-food-apres-shampoing-aloe-vera","status":"publish","type":"product","link":"https:\/\/cosmeticstoredz.com\/ar\/product\/garnier-hair-food-apres-shampoing-aloe-vera\/","title":{"rendered":"GARNIER HAIR FOOD APRES SHAMPOING ALOE VERA"},"content":{"rendered":"<p><strong>D\u00e9m\u00ealant Hairfood Aloe Vera &#8211; Hydratant<\/strong><\/p>\n<p>Fructis cr\u00e9e son 1er d\u00e9m\u00ealant vegan \u00e0 98 % d&rsquo;ingr\u00e9dients d&rsquo;origine naturelle : Hair Food. Enrichie en Aloe Vera, sa texture fondante p\u00e9n\u00e8tre instantan\u00e9ment et se rince facilement pour hydrater et d\u00e9m\u00ealer rapidement. Pour des cheveux hydrat\u00e9s en profondeur et en pleine sant\u00e9 !<\/p>\n<p>Fructis s&rsquo;engage :<br \/>\n&#8211; OUI : notre formule est vegan*, recyclable**, test\u00e9e dermatologiquement, fabriqu\u00e9e dans une usine engag\u00e9e en faveur du d\u00e9veloppement durable.<br \/>\n&#8211; SANS : silicone pour un toucher naturel.<\/p>\n<p><strong>Application :\u00a0<\/strong><\/p>\n<div class=\"container\">\n<div class=\"row\">\n<div class=\"col-xs-12 col-sm-12 product-note-collapse-list\">\n<div class=\"collapse-list row pdp-collapse\">\n<div class=\"col-xs-12 col-sm-7 col-md-8 collapse-content\">\n<div class=\"product-note\">\n<div id=\"how_to_use\" class=\"collapse collapse-active\">\n<div id=\"collapse51470\" class=\"collapse__content collapse__content--collapsed\">\n<div class=\"product-note__description richtext\">\n<ul>\n<li>1) Versez une noisette d&rsquo;apr\u00e8s-shampooing dans vos mains.<\/li>\n<li>2) Appliquez le produit sur cheveux lav\u00e9s et rinc\u00e9s.<\/li>\n<li>3) R\u00e9partissez le produit sur l&rsquo;ensemble de la chevelure, des pointes vers les racines.<\/li>\n<li>4) Bien insister sur les pointes pour plus de d\u00e9m\u00ealage.<\/li>\n<li>5) Rincez abondamment jusqu&rsquo;\u00e0 ce que vos cheveux \u00ab\u00a0crissent\u00a0\u00bb sous les doigts. En cas de contact avec les yeux, les rincer imm\u00e9diatement.<\/li>\n<\/ul>\n<p><strong>R\u00e9sultat<\/strong> : Extr\u00eamement faciles \u00e0 coiffer, vos cheveux retrouvent une douceur irr\u00e9sistible. Sans \u00eatre alourdis, ils sont incroyablement brillants et \u00e9clatants<\/p>\n<p>&nbsp;<\/p>\n<\/div>\n<\/div>\n<\/div>\n<\/div>\n<div class=\"product-note\">\n<div id=\"ingredients\" class=\"collapse\"><\/div>\n<\/div>\n<div id=\"environmental_impact\" class=\"container sustainability-wrapper scroll-target\">\n<div class=\"row\">\n<div class=\"col-xs-12 col-sm-12\">\n<div class=\"sustainability-container\">\n<div class=\"sustainabilit_popup\"><\/div>\n<div class=\"product-note\">\n<div class=\"collapse\"><\/div>\n<\/div>\n<\/div>\n<\/div>\n<\/div>\n<\/div>\n<\/div>\n<\/div>\n<\/div>\n<\/div>\n<\/div>\n<div id=\"f583911645a14443ac3e85a3a60a8ebe\"><\/div>\n<div id=\"routine\" class=\"container routine scroll-target\">\n<div class=\"routine-wrap\">\n<div class=\"quick-container\">\n<div class=\"product-push-wrap\">\n<div class=\"product-push-wrap__titles\">\n<div><\/div>\n<\/div>\n<\/div>\n<\/div>\n<\/div>\n<\/div>","protected":false},"excerpt":{"rendered":"<p><strong>D\u00e9m\u00ealant Hairfood Aloe Vera &#8211; Hydratant<\/strong><\/p>\n<p>Fructis cr\u00e9e son 1er d\u00e9m\u00ealant vegan \u00e0 98 % d&rsquo;ingr\u00e9dients d&rsquo;origine naturelle : Hair Food. Enrichie en Aloe Vera, sa texture fondante p\u00e9n\u00e8tre instantan\u00e9ment et se rince facilement pour hydrater et d\u00e9m\u00ealer rapidement. Pour des cheveux hydrat\u00e9s en profondeur et en pleine sant\u00e9 !<\/p>","protected":false},"featured_media":1593,"comment_status":"open","ping_status":"closed","template":"","meta":[],"product_brand":[],"product_cat":[160,192,75,191,72,95,92],"product_tag":[125],"class_list":{"0":"post-1527","1":"product","2":"type-product","3":"status-publish","4":"has-post-thumbnail","6":"product_cat-apres-shampoing-f","7":"product_cat-apres-shampoing-h","8":"product_cat-femme","9":"product_cat-garnier","10":"product_cat-homme","11":"product_cat-soin-cheveux-f","12":"product_cat-soin-cheveux-h","13":"product_tag-made-in-france","15":"first","16":"outofstock","17":"shipping-taxable","18":"purchasable","19":"product-type-simple"},"yoast_head":"<!-- This site is optimized with the Yoast SEO plugin v27.3 - https:\/\/yoast.com\/product\/yoast-seo-wordpress\/ -->\n<title>GARNIER HAIR FOOD APRES SHAMPOING ALOE VERA - Cosmetic Store<\/title>\n<meta name=\"robots\" content=\"index, follow, max-snippet:-1, max-image-preview:large, max-video-preview:-1\" \/>\n<link rel=\"canonical\" href=\"https:\/\/cosmeticstoredz.com\/ar\/product\/garnier-hair-food-apres-shampoing-aloe-vera\/\" \/>\n<meta property=\"og:locale\" content=\"ar_AR\" \/>\n<meta property=\"og:type\" content=\"article\" \/>\n<meta property=\"og:title\" content=\"GARNIER HAIR FOOD APRES SHAMPOING ALOE VERA - Cosmetic Store\" \/>\n<meta property=\"og:description\" content=\"D\u00e9m\u00ealant Hairfood Aloe Vera - Hydratant  Fructis cr\u00e9e son 1er d\u00e9m\u00ealant vegan \u00e0 98 % d&#039;ingr\u00e9dients d&#039;origine naturelle : Hair Food. Enrichie en Aloe Vera, sa texture fondante p\u00e9n\u00e8tre instantan\u00e9ment et se rince facilement pour hydrater et d\u00e9m\u00ealer rapidement. Pour des cheveux hydrat\u00e9s en profondeur et en pleine sant\u00e9 !\" \/>\n<meta property=\"og:url\" content=\"https:\/\/cosmeticstoredz.com\/ar\/product\/garnier-hair-food-apres-shampoing-aloe-vera\/\" \/>\n<meta property=\"og:site_name\" content=\"Cosmetic Store\" \/>\n<meta property=\"article:publisher\" content=\"https:\/\/www.facebook.com\/profile.php?id=61564954260683\" \/>\n<meta property=\"article:modified_time\" content=\"2026-04-27T15:54:53+00:00\" \/>\n<meta property=\"og:image\" content=\"https:\/\/cosmeticstoredz.com\/wp-content\/uploads\/2026\/02\/CC-282.png\" \/>\n\t<meta property=\"og:image:width\" content=\"1563\" \/>\n\t<meta property=\"og:image:height\" content=\"1563\" \/>\n\t<meta property=\"og:image:type\" content=\"image\/png\" \/>\n<meta name=\"twitter:card\" content=\"summary_large_image\" \/>\n<meta name=\"twitter:label1\" content=\"\u0648\u0642\u062a \u0627\u0644\u0642\u0631\u0627\u0621\u0629 \u0627\u0644\u0645\u064f\u0642\u062f\u0651\u0631\" \/>\n\t<meta name=\"twitter:data1\" content=\"\u062f\u0642\u064a\u0642\u0629 \u0648\u0627\u062d\u062f\u0629\" \/>\n<script type=\"application\/ld+json\" class=\"yoast-schema-graph\">{\"@context\":\"https:\\\/\\\/schema.org\",\"@graph\":[{\"@type\":\"WebPage\",\"@id\":\"https:\\\/\\\/cosmeticstoredz.com\\\/produit\\\/garnier-hair-food-apres-shampoing-aloe-vera\\\/\",\"url\":\"https:\\\/\\\/cosmeticstoredz.com\\\/produit\\\/garnier-hair-food-apres-shampoing-aloe-vera\\\/\",\"name\":\"GARNIER HAIR FOOD APRES SHAMPOING ALOE VERA - Cosmetic Store\",\"isPartOf\":{\"@id\":\"https:\\\/\\\/cosmeticstoredz.com\\\/#website\"},\"primaryImageOfPage\":{\"@id\":\"https:\\\/\\\/cosmeticstoredz.com\\\/produit\\\/garnier-hair-food-apres-shampoing-aloe-vera\\\/#primaryimage\"},\"image\":{\"@id\":\"https:\\\/\\\/cosmeticstoredz.com\\\/produit\\\/garnier-hair-food-apres-shampoing-aloe-vera\\\/#primaryimage\"},\"thumbnailUrl\":\"https:\\\/\\\/cosmeticstoredz.com\\\/wp-content\\\/uploads\\\/2026\\\/02\\\/CC-282.png\",\"datePublished\":\"2026-02-16T08:49:33+00:00\",\"dateModified\":\"2026-04-27T15:54:53+00:00\",\"breadcrumb\":{\"@id\":\"https:\\\/\\\/cosmeticstoredz.com\\\/produit\\\/garnier-hair-food-apres-shampoing-aloe-vera\\\/#breadcrumb\"},\"inLanguage\":\"ar\",\"potentialAction\":[{\"@type\":\"ReadAction\",\"target\":[\"https:\\\/\\\/cosmeticstoredz.com\\\/produit\\\/garnier-hair-food-apres-shampoing-aloe-vera\\\/\"]}]},{\"@type\":\"ImageObject\",\"inLanguage\":\"ar\",\"@id\":\"https:\\\/\\\/cosmeticstoredz.com\\\/produit\\\/garnier-hair-food-apres-shampoing-aloe-vera\\\/#primaryimage\",\"url\":\"https:\\\/\\\/cosmeticstoredz.com\\\/wp-content\\\/uploads\\\/2026\\\/02\\\/CC-282.png\",\"contentUrl\":\"https:\\\/\\\/cosmeticstoredz.com\\\/wp-content\\\/uploads\\\/2026\\\/02\\\/CC-282.png\",\"width\":1563,\"height\":1563},{\"@type\":\"BreadcrumbList\",\"@id\":\"https:\\\/\\\/cosmeticstoredz.com\\\/produit\\\/garnier-hair-food-apres-shampoing-aloe-vera\\\/#breadcrumb\",\"itemListElement\":[{\"@type\":\"ListItem\",\"position\":1,\"name\":\"Accueil\",\"item\":\"https:\\\/\\\/cosmeticstoredz.com\\\/\"},{\"@type\":\"ListItem\",\"position\":2,\"name\":\"Boutique\",\"item\":\"https:\\\/\\\/cosmeticstoredz.com\\\/boutique\\\/\"},{\"@type\":\"ListItem\",\"position\":3,\"name\":\"GARNIER HAIR FOOD APRES SHAMPOING ALOE VERA\"}]},{\"@type\":\"WebSite\",\"@id\":\"https:\\\/\\\/cosmeticstoredz.com\\\/#website\",\"url\":\"https:\\\/\\\/cosmeticstoredz.com\\\/\",\"name\":\"Cosmetic Store\",\"description\":\"\",\"publisher\":{\"@id\":\"https:\\\/\\\/cosmeticstoredz.com\\\/#organization\"},\"potentialAction\":[{\"@type\":\"SearchAction\",\"target\":{\"@type\":\"EntryPoint\",\"urlTemplate\":\"https:\\\/\\\/cosmeticstoredz.com\\\/?s={search_term_string}\"},\"query-input\":{\"@type\":\"PropertyValueSpecification\",\"valueRequired\":true,\"valueName\":\"search_term_string\"}}],\"inLanguage\":\"ar\"},{\"@type\":\"Organization\",\"@id\":\"https:\\\/\\\/cosmeticstoredz.com\\\/#organization\",\"name\":\"Cosmetic Store\",\"url\":\"https:\\\/\\\/cosmeticstoredz.com\\\/\",\"logo\":{\"@type\":\"ImageObject\",\"inLanguage\":\"ar\",\"@id\":\"https:\\\/\\\/cosmeticstoredz.com\\\/#\\\/schema\\\/logo\\\/image\\\/\",\"url\":\"https:\\\/\\\/cosmeticstoredz.com\\\/wp-content\\\/uploads\\\/2026\\\/02\\\/cropped-LOGO_CS-512x512-1-1-e1771275285345.webp\",\"contentUrl\":\"https:\\\/\\\/cosmeticstoredz.com\\\/wp-content\\\/uploads\\\/2026\\\/02\\\/cropped-LOGO_CS-512x512-1-1-e1771275285345.webp\",\"width\":265,\"height\":319,\"caption\":\"Cosmetic Store\"},\"image\":{\"@id\":\"https:\\\/\\\/cosmeticstoredz.com\\\/#\\\/schema\\\/logo\\\/image\\\/\"},\"sameAs\":[\"https:\\\/\\\/www.facebook.com\\\/profile.php?id=61564954260683\",\"https:\\\/\\\/www.instagram.com\\\/cosmetic.storedz\\\/\"]}]}<\/script>\n<!-- \/ Yoast SEO plugin. -->","yoast_head_json":{"title":"GARNIER HAIR FOOD APRES SHAMPOING ALOE VERA - Cosmetic Store","robots":{"index":"index","follow":"follow","max-snippet":"max-snippet:-1","max-image-preview":"max-image-preview:large","max-video-preview":"max-video-preview:-1"},"canonical":"https:\/\/cosmeticstoredz.com\/ar\/product\/garnier-hair-food-apres-shampoing-aloe-vera\/","og_locale":"ar_AR","og_type":"article","og_title":"GARNIER HAIR FOOD APRES SHAMPOING ALOE VERA - Cosmetic Store","og_description":"D\u00e9m\u00ealant Hairfood Aloe Vera - Hydratant  Fructis cr\u00e9e son 1er d\u00e9m\u00ealant vegan \u00e0 98 % d'ingr\u00e9dients d'origine naturelle : Hair Food. Enrichie en Aloe Vera, sa texture fondante p\u00e9n\u00e8tre instantan\u00e9ment et se rince facilement pour hydrater et d\u00e9m\u00ealer rapidement. Pour des cheveux hydrat\u00e9s en profondeur et en pleine sant\u00e9 !","og_url":"https:\/\/cosmeticstoredz.com\/ar\/product\/garnier-hair-food-apres-shampoing-aloe-vera\/","og_site_name":"Cosmetic Store","article_publisher":"https:\/\/www.facebook.com\/profile.php?id=61564954260683","article_modified_time":"2026-04-27T15:54:53+00:00","og_image":[{"width":1563,"height":1563,"url":"https:\/\/cosmeticstoredz.com\/wp-content\/uploads\/2026\/02\/CC-282.png","type":"image\/png"}],"twitter_card":"summary_large_image","twitter_misc":{"\u0648\u0642\u062a \u0627\u0644\u0642\u0631\u0627\u0621\u0629 \u0627\u0644\u0645\u064f\u0642\u062f\u0651\u0631":"\u062f\u0642\u064a\u0642\u0629 \u0648\u0627\u062d\u062f\u0629"},"schema":{"@context":"https:\/\/schema.org","@graph":[{"@type":"WebPage","@id":"https:\/\/cosmeticstoredz.com\/produit\/garnier-hair-food-apres-shampoing-aloe-vera\/","url":"https:\/\/cosmeticstoredz.com\/produit\/garnier-hair-food-apres-shampoing-aloe-vera\/","name":"GARNIER HAIR FOOD APRES SHAMPOING ALOE VERA - Cosmetic Store","isPartOf":{"@id":"https:\/\/cosmeticstoredz.com\/#website"},"primaryImageOfPage":{"@id":"https:\/\/cosmeticstoredz.com\/produit\/garnier-hair-food-apres-shampoing-aloe-vera\/#primaryimage"},"image":{"@id":"https:\/\/cosmeticstoredz.com\/produit\/garnier-hair-food-apres-shampoing-aloe-vera\/#primaryimage"},"thumbnailUrl":"https:\/\/cosmeticstoredz.com\/wp-content\/uploads\/2026\/02\/CC-282.png","datePublished":"2026-02-16T08:49:33+00:00","dateModified":"2026-04-27T15:54:53+00:00","breadcrumb":{"@id":"https:\/\/cosmeticstoredz.com\/produit\/garnier-hair-food-apres-shampoing-aloe-vera\/#breadcrumb"},"inLanguage":"ar","potentialAction":[{"@type":"ReadAction","target":["https:\/\/cosmeticstoredz.com\/produit\/garnier-hair-food-apres-shampoing-aloe-vera\/"]}]},{"@type":"ImageObject","inLanguage":"ar","@id":"https:\/\/cosmeticstoredz.com\/produit\/garnier-hair-food-apres-shampoing-aloe-vera\/#primaryimage","url":"https:\/\/cosmeticstoredz.com\/wp-content\/uploads\/2026\/02\/CC-282.png","contentUrl":"https:\/\/cosmeticstoredz.com\/wp-content\/uploads\/2026\/02\/CC-282.png","width":1563,"height":1563},{"@type":"BreadcrumbList","@id":"https:\/\/cosmeticstoredz.com\/produit\/garnier-hair-food-apres-shampoing-aloe-vera\/#breadcrumb","itemListElement":[{"@type":"ListItem","position":1,"name":"Accueil","item":"https:\/\/cosmeticstoredz.com\/"},{"@type":"ListItem","position":2,"name":"Boutique","item":"https:\/\/cosmeticstoredz.com\/boutique\/"},{"@type":"ListItem","position":3,"name":"GARNIER HAIR FOOD APRES SHAMPOING ALOE VERA"}]},{"@type":"WebSite","@id":"https:\/\/cosmeticstoredz.com\/#website","url":"https:\/\/cosmeticstoredz.com\/","name":"Cosmetic Store","description":"","publisher":{"@id":"https:\/\/cosmeticstoredz.com\/#organization"},"potentialAction":[{"@type":"SearchAction","target":{"@type":"EntryPoint","urlTemplate":"https:\/\/cosmeticstoredz.com\/?s={search_term_string}"},"query-input":{"@type":"PropertyValueSpecification","valueRequired":true,"valueName":"search_term_string"}}],"inLanguage":"ar"},{"@type":"Organization","@id":"https:\/\/cosmeticstoredz.com\/#organization","name":"Cosmetic Store","url":"https:\/\/cosmeticstoredz.com\/","logo":{"@type":"ImageObject","inLanguage":"ar","@id":"https:\/\/cosmeticstoredz.com\/#\/schema\/logo\/image\/","url":"https:\/\/cosmeticstoredz.com\/wp-content\/uploads\/2026\/02\/cropped-LOGO_CS-512x512-1-1-e1771275285345.webp","contentUrl":"https:\/\/cosmeticstoredz.com\/wp-content\/uploads\/2026\/02\/cropped-LOGO_CS-512x512-1-1-e1771275285345.webp","width":265,"height":319,"caption":"Cosmetic Store"},"image":{"@id":"https:\/\/cosmeticstoredz.com\/#\/schema\/logo\/image\/"},"sameAs":["https:\/\/www.facebook.com\/profile.php?id=61564954260683","https:\/\/www.instagram.com\/cosmetic.storedz\/"]}]}},"_links":{"self":[{"href":"https:\/\/cosmeticstoredz.com\/ar\/wp-json\/wp\/v2\/product\/1527","targetHints":{"allow":["GET"]}}],"collection":[{"href":"https:\/\/cosmeticstoredz.com\/ar\/wp-json\/wp\/v2\/product"}],"about":[{"href":"https:\/\/cosmeticstoredz.com\/ar\/wp-json\/wp\/v2\/types\/product"}],"replies":[{"embeddable":true,"href":"https:\/\/cosmeticstoredz.com\/ar\/wp-json\/wp\/v2\/comments?post=1527"}],"version-history":[{"count":1,"href":"https:\/\/cosmeticstoredz.com\/ar\/wp-json\/wp\/v2\/product\/1527\/revisions"}],"predecessor-version":[{"id":1594,"href":"https:\/\/cosmeticstoredz.com\/ar\/wp-json\/wp\/v2\/product\/1527\/revisions\/1594"}],"wp:featuredmedia":[{"embeddable":true,"href":"https:\/\/cosmeticstoredz.com\/ar\/wp-json\/wp\/v2\/media\/1593"}],"wp:attachment":[{"href":"https:\/\/cosmeticstoredz.com\/ar\/wp-json\/wp\/v2\/media?parent=1527"}],"wp:term":[{"taxonomy":"product_brand","embeddable":true,"href":"https:\/\/cosmeticstoredz.com\/ar\/wp-json\/wp\/v2\/product_brand?post=1527"},{"taxonomy":"product_cat","embeddable":true,"href":"https:\/\/cosmeticstoredz.com\/ar\/wp-json\/wp\/v2\/product_cat?post=1527"},{"taxonomy":"product_tag","embeddable":true,"href":"https:\/\/cosmeticstoredz.com\/ar\/wp-json\/wp\/v2\/product_tag?post=1527"}],"curies":[{"name":"wp","href":"https:\/\/api.w.org\/{rel}","templated":true}]}}