{"id":15172,"date":"2025-12-09T18:11:52","date_gmt":"2025-12-09T18:11:52","guid":{"rendered":"https:\/\/test.fitnessworldgym27.com\/?post_type=product&#038;p=15172"},"modified":"2026-04-04T07:53:57","modified_gmt":"2026-04-04T07:53:57","slug":"arvea-haut-couvrance-fond-de-teint-spf20-n3","status":"publish","type":"product","link":"https:\/\/cosmeticstoredz.com\/ar\/product\/arvea-haut-couvrance-fond-de-teint-spf20-n3\/","title":{"rendered":"ARVEA HAUT COUVRANCE FOND DE TEINT SPF20 N3"},"content":{"rendered":"<p>Le fond de teint SPF 20 d\u2019ARVEA offre une haute couvrance pour un teint parfait et un fini ultra-naturel longue tenue. Sa formule non\u00a0com\u00e9dog\u00e8ne convient \u00e0 tous les types de peau et sa texture facile \u00e0 \u00e9taler procure une application agr\u00e9able. Enrichi en Aloe vera, provitamine B5\u00a0et en glyc\u00e9rine, il hydrate et apaise la peau.<\/p>\n<p>Le fond de teint SPF 20 assure aussi une protection solaire moyenne contre les UVB et UVA et il est d\u00e9clin\u00e9 en 3 teintes qui s\u2019adaptent \u00e0 un\u00a0large spectre de carnations : FT1 beige ivoire, FT2 beige bl\u00e9 et FT3 Beige ros\u00e9.<\/p>","protected":false},"excerpt":{"rendered":"<p>Le fond de teint SPF 20 d\u2019ARVEA offre une haute couvrance pour un teint parfait et un fini ultra-naturel longue<\/p>","protected":false},"featured_media":23468,"comment_status":"closed","ping_status":"closed","template":"","meta":[],"product_brand":[],"product_cat":[390,75,187,122,123],"product_tag":[],"class_list":{"0":"post-15172","1":"product","2":"type-product","3":"status-publish","4":"has-post-thumbnail","6":"product_cat-arvea","7":"product_cat-femme","8":"product_cat-fond-de-teint","9":"product_cat-make-up","10":"product_cat-teint","12":"first","13":"outofstock","14":"shipping-taxable","15":"purchasable","16":"product-type-simple"},"_links":{"self":[{"href":"https:\/\/cosmeticstoredz.com\/ar\/wp-json\/wp\/v2\/product\/15172","targetHints":{"allow":["GET"]}}],"collection":[{"href":"https:\/\/cosmeticstoredz.com\/ar\/wp-json\/wp\/v2\/product"}],"about":[{"href":"https:\/\/cosmeticstoredz.com\/ar\/wp-json\/wp\/v2\/types\/product"}],"replies":[{"embeddable":true,"href":"https:\/\/cosmeticstoredz.com\/ar\/wp-json\/wp\/v2\/comments?post=15172"}],"version-history":[{"count":1,"href":"https:\/\/cosmeticstoredz.com\/ar\/wp-json\/wp\/v2\/product\/15172\/revisions"}],"predecessor-version":[{"id":23469,"href":"https:\/\/cosmeticstoredz.com\/ar\/wp-json\/wp\/v2\/product\/15172\/revisions\/23469"}],"wp:featuredmedia":[{"embeddable":true,"href":"https:\/\/cosmeticstoredz.com\/ar\/wp-json\/wp\/v2\/media\/23468"}],"wp:attachment":[{"href":"https:\/\/cosmeticstoredz.com\/ar\/wp-json\/wp\/v2\/media?parent=15172"}],"wp:term":[{"taxonomy":"product_brand","embeddable":true,"href":"https:\/\/cosmeticstoredz.com\/ar\/wp-json\/wp\/v2\/product_brand?post=15172"},{"taxonomy":"product_cat","embeddable":true,"href":"https:\/\/cosmeticstoredz.com\/ar\/wp-json\/wp\/v2\/product_cat?post=15172"},{"taxonomy":"product_tag","embeddable":true,"href":"https:\/\/cosmeticstoredz.com\/ar\/wp-json\/wp\/v2\/product_tag?post=15172"}],"curies":[{"name":"wp","href":"https:\/\/api.w.org\/{rel}","templated":true}]}}