{"id":15169,"date":"2025-12-09T18:07:50","date_gmt":"2025-12-09T18:07:50","guid":{"rendered":"https:\/\/test.fitnessworldgym27.com\/?post_type=product&#038;p=15169"},"modified":"2026-04-18T19:19:14","modified_gmt":"2026-04-18T19:19:14","slug":"arvea-gel-nettoyant-visage-nettoie-et-purifie-pour-peaux-mixtes-a-grasses-a-laloe-vera-200ml","status":"publish","type":"product","link":"https:\/\/cosmeticstoredz.com\/ar\/product\/arvea-gel-nettoyant-visage-nettoie-et-purifie-pour-peaux-mixtes-a-grasses-a-laloe-vera-200ml\/","title":{"rendered":"ARVEA GEL NETTOYANT VISAGE NETTOIE ET PURIFIE POUR PEAUX MIXTES A GRASSES A L&rsquo;ALOE VERA 200ML"},"content":{"rendered":"<p>Le gel nettoyant ARVEA est un gel transparent riche en Aloe Vera. Il peut s\u2019utiliser quotidiennement pour nettoyer le visage en douceur et \u00e9liminer les impuret\u00e9s de la peau. Sa formule d\u00e9sobstrue les pores et purifie le visage tout en respectant le pH de la peau pour une peau nette, fra\u00eeche et purifi\u00e9e.<\/p>","protected":false},"excerpt":{"rendered":"<p>Le gel nettoyant ARVEA est un gel transparent riche en Aloe Vera. Il peut s\u2019utiliser quotidiennement pour nettoyer le visage<\/p>","protected":false},"featured_media":23461,"comment_status":"closed","ping_status":"closed","template":"","meta":[],"product_brand":[],"product_cat":[390,75,89,76],"product_tag":[],"class_list":{"0":"post-15169","1":"product","2":"type-product","3":"status-publish","4":"has-post-thumbnail","6":"product_cat-arvea","7":"product_cat-femme","8":"product_cat-gel-nettoyant-f-gel-nettoyant-f","9":"product_cat-soin-visage-f","11":"first","12":"instock","13":"shipping-taxable","14":"purchasable","15":"product-type-simple"},"yoast_head":"<!-- This site is optimized with the Yoast SEO plugin v27.3 - https:\/\/yoast.com\/product\/yoast-seo-wordpress\/ -->\n<title>ARVEA GEL NETTOYANT VISAGE NETTOIE ET PURIFIE POUR PEAUX MIXTES A GRASSES A L&#039;ALOE VERA 200ML - Cosmetic Store<\/title>\n<meta name=\"robots\" content=\"index, follow, max-snippet:-1, max-image-preview:large, max-video-preview:-1\" \/>\n<link rel=\"canonical\" href=\"https:\/\/cosmeticstoredz.com\/ar\/product\/arvea-gel-nettoyant-visage-nettoie-et-purifie-pour-peaux-mixtes-a-grasses-a-laloe-vera-200ml\/\" \/>\n<meta property=\"og:locale\" content=\"ar_AR\" \/>\n<meta property=\"og:type\" content=\"article\" \/>\n<meta property=\"og:title\" content=\"ARVEA GEL NETTOYANT VISAGE NETTOIE ET PURIFIE POUR PEAUX MIXTES A GRASSES A L&#039;ALOE VERA 200ML - Cosmetic Store\" \/>\n<meta property=\"og:description\" content=\"Le gel nettoyant ARVEA est un gel transparent riche en Aloe Vera. Il peut s\u2019utiliser quotidiennement pour nettoyer le visage\" \/>\n<meta property=\"og:url\" content=\"https:\/\/cosmeticstoredz.com\/ar\/product\/arvea-gel-nettoyant-visage-nettoie-et-purifie-pour-peaux-mixtes-a-grasses-a-laloe-vera-200ml\/\" \/>\n<meta property=\"og:site_name\" content=\"Cosmetic Store\" \/>\n<meta property=\"article:publisher\" content=\"https:\/\/www.facebook.com\/profile.php?id=61564954260683\" \/>\n<meta property=\"article:modified_time\" content=\"2026-04-18T19:19:14+00:00\" \/>\n<meta property=\"og:image\" content=\"https:\/\/cosmeticstoredz.com\/wp-content\/uploads\/2026\/02\/CC-4-14.png\" \/>\n\t<meta property=\"og:image:width\" content=\"1563\" \/>\n\t<meta property=\"og:image:height\" content=\"1563\" \/>\n\t<meta property=\"og:image:type\" content=\"image\/png\" \/>\n<meta name=\"twitter:card\" content=\"summary_large_image\" \/>\n<script type=\"application\/ld+json\" class=\"yoast-schema-graph\">{\"@context\":\"https:\\\/\\\/schema.org\",\"@graph\":[{\"@type\":\"WebPage\",\"@id\":\"https:\\\/\\\/cosmeticstoredz.com\\\/produit\\\/arvea-gel-nettoyant-visage-nettoie-et-purifie-pour-peaux-mixtes-a-grasses-a-laloe-vera-200ml\\\/\",\"url\":\"https:\\\/\\\/cosmeticstoredz.com\\\/produit\\\/arvea-gel-nettoyant-visage-nettoie-et-purifie-pour-peaux-mixtes-a-grasses-a-laloe-vera-200ml\\\/\",\"name\":\"ARVEA GEL NETTOYANT VISAGE NETTOIE ET PURIFIE POUR PEAUX MIXTES A GRASSES A L'ALOE VERA 200ML - Cosmetic Store\",\"isPartOf\":{\"@id\":\"https:\\\/\\\/cosmeticstoredz.com\\\/#website\"},\"primaryImageOfPage\":{\"@id\":\"https:\\\/\\\/cosmeticstoredz.com\\\/produit\\\/arvea-gel-nettoyant-visage-nettoie-et-purifie-pour-peaux-mixtes-a-grasses-a-laloe-vera-200ml\\\/#primaryimage\"},\"image\":{\"@id\":\"https:\\\/\\\/cosmeticstoredz.com\\\/produit\\\/arvea-gel-nettoyant-visage-nettoie-et-purifie-pour-peaux-mixtes-a-grasses-a-laloe-vera-200ml\\\/#primaryimage\"},\"thumbnailUrl\":\"https:\\\/\\\/cosmeticstoredz.com\\\/wp-content\\\/uploads\\\/2026\\\/02\\\/CC-4-14.png\",\"datePublished\":\"2025-12-09T18:07:50+00:00\",\"dateModified\":\"2026-04-18T19:19:14+00:00\",\"breadcrumb\":{\"@id\":\"https:\\\/\\\/cosmeticstoredz.com\\\/produit\\\/arvea-gel-nettoyant-visage-nettoie-et-purifie-pour-peaux-mixtes-a-grasses-a-laloe-vera-200ml\\\/#breadcrumb\"},\"inLanguage\":\"ar\",\"potentialAction\":[{\"@type\":\"ReadAction\",\"target\":[\"https:\\\/\\\/cosmeticstoredz.com\\\/produit\\\/arvea-gel-nettoyant-visage-nettoie-et-purifie-pour-peaux-mixtes-a-grasses-a-laloe-vera-200ml\\\/\"]}]},{\"@type\":\"ImageObject\",\"inLanguage\":\"ar\",\"@id\":\"https:\\\/\\\/cosmeticstoredz.com\\\/produit\\\/arvea-gel-nettoyant-visage-nettoie-et-purifie-pour-peaux-mixtes-a-grasses-a-laloe-vera-200ml\\\/#primaryimage\",\"url\":\"https:\\\/\\\/cosmeticstoredz.com\\\/wp-content\\\/uploads\\\/2026\\\/02\\\/CC-4-14.png\",\"contentUrl\":\"https:\\\/\\\/cosmeticstoredz.com\\\/wp-content\\\/uploads\\\/2026\\\/02\\\/CC-4-14.png\",\"width\":1563,\"height\":1563},{\"@type\":\"BreadcrumbList\",\"@id\":\"https:\\\/\\\/cosmeticstoredz.com\\\/produit\\\/arvea-gel-nettoyant-visage-nettoie-et-purifie-pour-peaux-mixtes-a-grasses-a-laloe-vera-200ml\\\/#breadcrumb\",\"itemListElement\":[{\"@type\":\"ListItem\",\"position\":1,\"name\":\"Accueil\",\"item\":\"https:\\\/\\\/cosmeticstoredz.com\\\/\"},{\"@type\":\"ListItem\",\"position\":2,\"name\":\"Boutique\",\"item\":\"https:\\\/\\\/cosmeticstoredz.com\\\/boutique\\\/\"},{\"@type\":\"ListItem\",\"position\":3,\"name\":\"ARVEA GEL NETTOYANT VISAGE NETTOIE ET PURIFIE POUR PEAUX MIXTES A GRASSES A L&rsquo;ALOE VERA 200ML\"}]},{\"@type\":\"WebSite\",\"@id\":\"https:\\\/\\\/cosmeticstoredz.com\\\/#website\",\"url\":\"https:\\\/\\\/cosmeticstoredz.com\\\/\",\"name\":\"Cosmetic Store\",\"description\":\"\",\"publisher\":{\"@id\":\"https:\\\/\\\/cosmeticstoredz.com\\\/#organization\"},\"potentialAction\":[{\"@type\":\"SearchAction\",\"target\":{\"@type\":\"EntryPoint\",\"urlTemplate\":\"https:\\\/\\\/cosmeticstoredz.com\\\/?s={search_term_string}\"},\"query-input\":{\"@type\":\"PropertyValueSpecification\",\"valueRequired\":true,\"valueName\":\"search_term_string\"}}],\"inLanguage\":\"ar\"},{\"@type\":\"Organization\",\"@id\":\"https:\\\/\\\/cosmeticstoredz.com\\\/#organization\",\"name\":\"Cosmetic Store\",\"url\":\"https:\\\/\\\/cosmeticstoredz.com\\\/\",\"logo\":{\"@type\":\"ImageObject\",\"inLanguage\":\"ar\",\"@id\":\"https:\\\/\\\/cosmeticstoredz.com\\\/#\\\/schema\\\/logo\\\/image\\\/\",\"url\":\"https:\\\/\\\/cosmeticstoredz.com\\\/wp-content\\\/uploads\\\/2026\\\/02\\\/cropped-LOGO_CS-512x512-1-1-e1771275285345.webp\",\"contentUrl\":\"https:\\\/\\\/cosmeticstoredz.com\\\/wp-content\\\/uploads\\\/2026\\\/02\\\/cropped-LOGO_CS-512x512-1-1-e1771275285345.webp\",\"width\":265,\"height\":319,\"caption\":\"Cosmetic Store\"},\"image\":{\"@id\":\"https:\\\/\\\/cosmeticstoredz.com\\\/#\\\/schema\\\/logo\\\/image\\\/\"},\"sameAs\":[\"https:\\\/\\\/www.facebook.com\\\/profile.php?id=61564954260683\",\"https:\\\/\\\/www.instagram.com\\\/cosmetic.storedz\\\/\"]}]}<\/script>\n<!-- \/ Yoast SEO plugin. -->","yoast_head_json":{"title":"ARVEA GEL NETTOYANT VISAGE NETTOIE ET PURIFIE POUR PEAUX MIXTES A GRASSES A L'ALOE VERA 200ML - Cosmetic Store","robots":{"index":"index","follow":"follow","max-snippet":"max-snippet:-1","max-image-preview":"max-image-preview:large","max-video-preview":"max-video-preview:-1"},"canonical":"https:\/\/cosmeticstoredz.com\/ar\/product\/arvea-gel-nettoyant-visage-nettoie-et-purifie-pour-peaux-mixtes-a-grasses-a-laloe-vera-200ml\/","og_locale":"ar_AR","og_type":"article","og_title":"ARVEA GEL NETTOYANT VISAGE NETTOIE ET PURIFIE POUR PEAUX MIXTES A GRASSES A L'ALOE VERA 200ML - Cosmetic Store","og_description":"Le gel nettoyant ARVEA est un gel transparent riche en Aloe Vera. Il peut s\u2019utiliser quotidiennement pour nettoyer le visage","og_url":"https:\/\/cosmeticstoredz.com\/ar\/product\/arvea-gel-nettoyant-visage-nettoie-et-purifie-pour-peaux-mixtes-a-grasses-a-laloe-vera-200ml\/","og_site_name":"Cosmetic Store","article_publisher":"https:\/\/www.facebook.com\/profile.php?id=61564954260683","article_modified_time":"2026-04-18T19:19:14+00:00","og_image":[{"width":1563,"height":1563,"url":"https:\/\/cosmeticstoredz.com\/wp-content\/uploads\/2026\/02\/CC-4-14.png","type":"image\/png"}],"twitter_card":"summary_large_image","schema":{"@context":"https:\/\/schema.org","@graph":[{"@type":"WebPage","@id":"https:\/\/cosmeticstoredz.com\/produit\/arvea-gel-nettoyant-visage-nettoie-et-purifie-pour-peaux-mixtes-a-grasses-a-laloe-vera-200ml\/","url":"https:\/\/cosmeticstoredz.com\/produit\/arvea-gel-nettoyant-visage-nettoie-et-purifie-pour-peaux-mixtes-a-grasses-a-laloe-vera-200ml\/","name":"ARVEA GEL NETTOYANT VISAGE NETTOIE ET PURIFIE POUR PEAUX MIXTES A GRASSES A L'ALOE VERA 200ML - Cosmetic Store","isPartOf":{"@id":"https:\/\/cosmeticstoredz.com\/#website"},"primaryImageOfPage":{"@id":"https:\/\/cosmeticstoredz.com\/produit\/arvea-gel-nettoyant-visage-nettoie-et-purifie-pour-peaux-mixtes-a-grasses-a-laloe-vera-200ml\/#primaryimage"},"image":{"@id":"https:\/\/cosmeticstoredz.com\/produit\/arvea-gel-nettoyant-visage-nettoie-et-purifie-pour-peaux-mixtes-a-grasses-a-laloe-vera-200ml\/#primaryimage"},"thumbnailUrl":"https:\/\/cosmeticstoredz.com\/wp-content\/uploads\/2026\/02\/CC-4-14.png","datePublished":"2025-12-09T18:07:50+00:00","dateModified":"2026-04-18T19:19:14+00:00","breadcrumb":{"@id":"https:\/\/cosmeticstoredz.com\/produit\/arvea-gel-nettoyant-visage-nettoie-et-purifie-pour-peaux-mixtes-a-grasses-a-laloe-vera-200ml\/#breadcrumb"},"inLanguage":"ar","potentialAction":[{"@type":"ReadAction","target":["https:\/\/cosmeticstoredz.com\/produit\/arvea-gel-nettoyant-visage-nettoie-et-purifie-pour-peaux-mixtes-a-grasses-a-laloe-vera-200ml\/"]}]},{"@type":"ImageObject","inLanguage":"ar","@id":"https:\/\/cosmeticstoredz.com\/produit\/arvea-gel-nettoyant-visage-nettoie-et-purifie-pour-peaux-mixtes-a-grasses-a-laloe-vera-200ml\/#primaryimage","url":"https:\/\/cosmeticstoredz.com\/wp-content\/uploads\/2026\/02\/CC-4-14.png","contentUrl":"https:\/\/cosmeticstoredz.com\/wp-content\/uploads\/2026\/02\/CC-4-14.png","width":1563,"height":1563},{"@type":"BreadcrumbList","@id":"https:\/\/cosmeticstoredz.com\/produit\/arvea-gel-nettoyant-visage-nettoie-et-purifie-pour-peaux-mixtes-a-grasses-a-laloe-vera-200ml\/#breadcrumb","itemListElement":[{"@type":"ListItem","position":1,"name":"Accueil","item":"https:\/\/cosmeticstoredz.com\/"},{"@type":"ListItem","position":2,"name":"Boutique","item":"https:\/\/cosmeticstoredz.com\/boutique\/"},{"@type":"ListItem","position":3,"name":"ARVEA GEL NETTOYANT VISAGE NETTOIE ET PURIFIE POUR PEAUX MIXTES A GRASSES A L&rsquo;ALOE VERA 200ML"}]},{"@type":"WebSite","@id":"https:\/\/cosmeticstoredz.com\/#website","url":"https:\/\/cosmeticstoredz.com\/","name":"Cosmetic Store","description":"","publisher":{"@id":"https:\/\/cosmeticstoredz.com\/#organization"},"potentialAction":[{"@type":"SearchAction","target":{"@type":"EntryPoint","urlTemplate":"https:\/\/cosmeticstoredz.com\/?s={search_term_string}"},"query-input":{"@type":"PropertyValueSpecification","valueRequired":true,"valueName":"search_term_string"}}],"inLanguage":"ar"},{"@type":"Organization","@id":"https:\/\/cosmeticstoredz.com\/#organization","name":"Cosmetic Store","url":"https:\/\/cosmeticstoredz.com\/","logo":{"@type":"ImageObject","inLanguage":"ar","@id":"https:\/\/cosmeticstoredz.com\/#\/schema\/logo\/image\/","url":"https:\/\/cosmeticstoredz.com\/wp-content\/uploads\/2026\/02\/cropped-LOGO_CS-512x512-1-1-e1771275285345.webp","contentUrl":"https:\/\/cosmeticstoredz.com\/wp-content\/uploads\/2026\/02\/cropped-LOGO_CS-512x512-1-1-e1771275285345.webp","width":265,"height":319,"caption":"Cosmetic Store"},"image":{"@id":"https:\/\/cosmeticstoredz.com\/#\/schema\/logo\/image\/"},"sameAs":["https:\/\/www.facebook.com\/profile.php?id=61564954260683","https:\/\/www.instagram.com\/cosmetic.storedz\/"]}]}},"_links":{"self":[{"href":"https:\/\/cosmeticstoredz.com\/ar\/wp-json\/wp\/v2\/product\/15169","targetHints":{"allow":["GET"]}}],"collection":[{"href":"https:\/\/cosmeticstoredz.com\/ar\/wp-json\/wp\/v2\/product"}],"about":[{"href":"https:\/\/cosmeticstoredz.com\/ar\/wp-json\/wp\/v2\/types\/product"}],"replies":[{"embeddable":true,"href":"https:\/\/cosmeticstoredz.com\/ar\/wp-json\/wp\/v2\/comments?post=15169"}],"version-history":[{"count":1,"href":"https:\/\/cosmeticstoredz.com\/ar\/wp-json\/wp\/v2\/product\/15169\/revisions"}],"predecessor-version":[{"id":23462,"href":"https:\/\/cosmeticstoredz.com\/ar\/wp-json\/wp\/v2\/product\/15169\/revisions\/23462"}],"wp:featuredmedia":[{"embeddable":true,"href":"https:\/\/cosmeticstoredz.com\/ar\/wp-json\/wp\/v2\/media\/23461"}],"wp:attachment":[{"href":"https:\/\/cosmeticstoredz.com\/ar\/wp-json\/wp\/v2\/media?parent=15169"}],"wp:term":[{"taxonomy":"product_brand","embeddable":true,"href":"https:\/\/cosmeticstoredz.com\/ar\/wp-json\/wp\/v2\/product_brand?post=15169"},{"taxonomy":"product_cat","embeddable":true,"href":"https:\/\/cosmeticstoredz.com\/ar\/wp-json\/wp\/v2\/product_cat?post=15169"},{"taxonomy":"product_tag","embeddable":true,"href":"https:\/\/cosmeticstoredz.com\/ar\/wp-json\/wp\/v2\/product_tag?post=15169"}],"curies":[{"name":"wp","href":"https:\/\/api.w.org\/{rel}","templated":true}]}}