{"id":15167,"date":"2025-12-09T17:55:37","date_gmt":"2025-12-09T17:55:37","guid":{"rendered":"https:\/\/test.fitnessworldgym27.com\/?post_type=product&#038;p=15167"},"modified":"2026-03-30T19:28:21","modified_gmt":"2026-03-30T19:28:21","slug":"viola-serum-disciplinant-chevx-a-pellicules","status":"publish","type":"product","link":"https:\/\/cosmeticstoredz.com\/ar\/product\/viola-serum-disciplinant-chevx-a-pellicules\/","title":{"rendered":"VIOLA SERUM DISCIPLINANT CHEVX A PELLICULES"},"content":{"rendered":"<p>SPECIAL POINTES \u2013<\/p>\n<p><em>ULTRA-FRA\u00ceCHE<\/em><\/p>\n<p>SANS RIN\u00c7AGE<\/p>\n<p><strong>RAFRA\u00ceCHISSANT AU MENTHOL<\/strong><\/p>\n<p><em>VOLUME &amp;\u00a0<\/em><em>DENSIT\u00c9<\/em><\/p>\n<p><strong>CHEVEUX NORMAUX A PELLICULES<\/strong><\/p>\n<p>Prot\u00e9gez chaque brin de cheveux contre les frisottis. Ing\u00e9nieusement formul\u00e9 avec un m\u00e9lange de silicones parfaitement unique, enrichi d\u2019un agent rafra\u00eechissant AU MENTHOL. Ce s\u00e9rum pour cheveux frisott\u00e9s dompter les cheveux rebelles et donne plus de lustre. Adapt\u00e9 \u00e0 tous les types de cheveux. Convient aux cheveux NORMAUX A PELLICULES.<\/p>","protected":false},"excerpt":{"rendered":"<p>SPECIAL POINTES \u2013 ULTRA-FRA\u00ceCHE SANS RIN\u00c7AGE RAFRA\u00ceCHISSANT AU MENTHOL VOLUME &amp;\u00a0DENSIT\u00c9 CHEVEUX NORMAUX A PELLICULES Prot\u00e9gez chaque brin de cheveux<\/p>","protected":false},"featured_media":23457,"comment_status":"closed","ping_status":"closed","template":"","meta":[],"product_brand":[],"product_cat":[75,116,95,325],"product_tag":[],"class_list":{"0":"post-15167","1":"product","2":"type-product","3":"status-publish","4":"has-post-thumbnail","6":"product_cat-femme","7":"product_cat-serum-fch","8":"product_cat-soin-cheveux-f","9":"product_cat-viola","11":"first","12":"instock","13":"shipping-taxable","14":"purchasable","15":"product-type-simple"},"_links":{"self":[{"href":"https:\/\/cosmeticstoredz.com\/ar\/wp-json\/wp\/v2\/product\/15167","targetHints":{"allow":["GET"]}}],"collection":[{"href":"https:\/\/cosmeticstoredz.com\/ar\/wp-json\/wp\/v2\/product"}],"about":[{"href":"https:\/\/cosmeticstoredz.com\/ar\/wp-json\/wp\/v2\/types\/product"}],"replies":[{"embeddable":true,"href":"https:\/\/cosmeticstoredz.com\/ar\/wp-json\/wp\/v2\/comments?post=15167"}],"version-history":[{"count":1,"href":"https:\/\/cosmeticstoredz.com\/ar\/wp-json\/wp\/v2\/product\/15167\/revisions"}],"predecessor-version":[{"id":23458,"href":"https:\/\/cosmeticstoredz.com\/ar\/wp-json\/wp\/v2\/product\/15167\/revisions\/23458"}],"wp:featuredmedia":[{"embeddable":true,"href":"https:\/\/cosmeticstoredz.com\/ar\/wp-json\/wp\/v2\/media\/23457"}],"wp:attachment":[{"href":"https:\/\/cosmeticstoredz.com\/ar\/wp-json\/wp\/v2\/media?parent=15167"}],"wp:term":[{"taxonomy":"product_brand","embeddable":true,"href":"https:\/\/cosmeticstoredz.com\/ar\/wp-json\/wp\/v2\/product_brand?post=15167"},{"taxonomy":"product_cat","embeddable":true,"href":"https:\/\/cosmeticstoredz.com\/ar\/wp-json\/wp\/v2\/product_cat?post=15167"},{"taxonomy":"product_tag","embeddable":true,"href":"https:\/\/cosmeticstoredz.com\/ar\/wp-json\/wp\/v2\/product_tag?post=15167"}],"curies":[{"name":"wp","href":"https:\/\/api.w.org\/{rel}","templated":true}]}}