{"id":15166,"date":"2025-12-09T17:55:36","date_gmt":"2025-12-09T17:55:36","guid":{"rendered":"https:\/\/test.fitnessworldgym27.com\/?post_type=product&#038;p=15166"},"modified":"2026-03-30T19:28:20","modified_gmt":"2026-03-30T19:28:20","slug":"viola-shp-175ml-anti-oxydant-care-detox","status":"publish","type":"product","link":"https:\/\/cosmeticstoredz.com\/ar\/product\/viola-shp-175ml-anti-oxydant-care-detox\/","title":{"rendered":"VIOLA  SHP 175ML ANTI-OXYDANT CARE DETOX"},"content":{"rendered":"<p><strong>VIOLA ANTI \u2013 OXYDANT<\/strong><\/p>\n<p>ANTI -RESIDUS<\/p>\n<p>NETTOYAGE EN PROFONDEUR<\/p>\n<p><strong>CARE DETOX<\/strong><\/p>\n<p>PURIFIE ET APAISE<\/p>\n<p>CHEVEUX STRESSES, FATIGUES ET REGRAISSANT VITE<\/p>\n<p>Le shampooing\u00a0<strong>EMBELLISSEUR VIOLA<\/strong>\u00a0donne une Protection et un \u00e9clat illuminant, Renforce en profondeur, nettoie fibre par fibre et apaise les cheveux fatigu\u00e9s<\/p>\n<p>Le shampooing embellisseur VIOLA avec des \u00e9clats de perle d\u00e9barrasse la fibre des impuret\u00e9s qui emp\u00eachent la r\u00e9flexion de la lumi\u00e8re et l\u2019enrobe d\u2019un soin hydratant pour intensifier et prolonger l\u2019\u00e9clat Purifie les cheveux du m\u00e9tal apr\u00e8s tout service de coloration, de balayage ou d\u2019\u00e9claircissement<\/p>","protected":false},"excerpt":{"rendered":"<p>VIOLA ANTI \u2013 OXYDANT ANTI -RESIDUS NETTOYAGE EN PROFONDEUR CARE DETOX PURIFIE ET APAISE CHEVEUX STRESSES, FATIGUES ET REGRAISSANT VITE<\/p>","protected":false},"featured_media":23455,"comment_status":"closed","ping_status":"closed","template":"","meta":[],"product_brand":[],"product_cat":[75,111,95,325],"product_tag":[],"class_list":{"0":"post-15166","1":"product","2":"type-product","3":"status-publish","4":"has-post-thumbnail","6":"product_cat-femme","7":"product_cat-shampoing-f","8":"product_cat-soin-cheveux-f","9":"product_cat-viola","11":"first","12":"instock","13":"shipping-taxable","14":"purchasable","15":"product-type-simple"},"_links":{"self":[{"href":"https:\/\/cosmeticstoredz.com\/ar\/wp-json\/wp\/v2\/product\/15166","targetHints":{"allow":["GET"]}}],"collection":[{"href":"https:\/\/cosmeticstoredz.com\/ar\/wp-json\/wp\/v2\/product"}],"about":[{"href":"https:\/\/cosmeticstoredz.com\/ar\/wp-json\/wp\/v2\/types\/product"}],"replies":[{"embeddable":true,"href":"https:\/\/cosmeticstoredz.com\/ar\/wp-json\/wp\/v2\/comments?post=15166"}],"version-history":[{"count":1,"href":"https:\/\/cosmeticstoredz.com\/ar\/wp-json\/wp\/v2\/product\/15166\/revisions"}],"predecessor-version":[{"id":23456,"href":"https:\/\/cosmeticstoredz.com\/ar\/wp-json\/wp\/v2\/product\/15166\/revisions\/23456"}],"wp:featuredmedia":[{"embeddable":true,"href":"https:\/\/cosmeticstoredz.com\/ar\/wp-json\/wp\/v2\/media\/23455"}],"wp:attachment":[{"href":"https:\/\/cosmeticstoredz.com\/ar\/wp-json\/wp\/v2\/media?parent=15166"}],"wp:term":[{"taxonomy":"product_brand","embeddable":true,"href":"https:\/\/cosmeticstoredz.com\/ar\/wp-json\/wp\/v2\/product_brand?post=15166"},{"taxonomy":"product_cat","embeddable":true,"href":"https:\/\/cosmeticstoredz.com\/ar\/wp-json\/wp\/v2\/product_cat?post=15166"},{"taxonomy":"product_tag","embeddable":true,"href":"https:\/\/cosmeticstoredz.com\/ar\/wp-json\/wp\/v2\/product_tag?post=15166"}],"curies":[{"name":"wp","href":"https:\/\/api.w.org\/{rel}","templated":true}]}}