{"id":15155,"date":"2025-12-09T17:54:05","date_gmt":"2025-12-09T17:54:05","guid":{"rendered":"https:\/\/test.fitnessworldgym27.com\/?post_type=product&#038;p=15155"},"modified":"2026-04-12T15:25:38","modified_gmt":"2026-04-12T15:25:38","slug":"mere-nature-glow-booster-serum-visage-vitamine-c-12","status":"publish","type":"product","link":"https:\/\/cosmeticstoredz.com\/ar\/product\/mere-nature-glow-booster-serum-visage-vitamine-c-12\/","title":{"rendered":"MERE NATURE GLOW BOOSTER SERUM VISAGE VITAMINE C 12%"},"content":{"rendered":"<div class=\"woocommerce-product-details__short-description\">\n<p>le S\u00e9rum M\u00e8re Nature \u00e0 la Vitamine C, un pr\u00e9cieux alli\u00e9 pour une peau \u00e9clatante. Sa formule r\u00e9g\u00e9n\u00e9rante anti-rides et riche en activateurs d\u2019\u00e9clat transforme votre peau. Appliquez g\u00e9n\u00e9reusement sur une peau propre et profitez des bienfaits de ce s\u00e9rum de 30ml. Chaque goutte vous rapproche d\u2019une peau visiblement plus jeune et revitalis\u00e9e. Offrez \u00e0 votre peau un rituel de jeunesse avec M\u00e8re Nature.<\/p>\n<\/div>\n<form class=\"cart\" action=\"https:\/\/pharmacie-denni.dz\/product\/serum-vitamine-c-mere-nature-eclat-et-regeneration\/\" enctype=\"multipart\/form-data\" method=\"post\">\n<div class=\"quantity\"><\/div>\n<\/form>","protected":false},"excerpt":{"rendered":"<p>le S\u00e9rum M\u00e8re Nature \u00e0 la Vitamine C, un pr\u00e9cieux alli\u00e9 pour une peau \u00e9clatante. Sa formule r\u00e9g\u00e9n\u00e9rante anti-rides et<\/p>","protected":false},"featured_media":23432,"comment_status":"closed","ping_status":"closed","template":"","meta":[],"product_brand":[462],"product_cat":[75,394,77,76],"product_tag":[],"class_list":{"0":"post-15155","1":"product","2":"type-product","3":"status-publish","4":"has-post-thumbnail","6":"product_brand-mere-nature","7":"product_cat-femme","8":"product_cat-mere-nature","9":"product_cat-serum-fv","10":"product_cat-soin-visage-f","12":"first","13":"instock","14":"shipping-taxable","15":"purchasable","16":"product-type-simple"},"yoast_head":"<!-- This site is optimized with the Yoast SEO plugin v27.3 - https:\/\/yoast.com\/product\/yoast-seo-wordpress\/ -->\n<title>MERE NATURE GLOW BOOSTER SERUM VISAGE VITAMINE C 12% - Cosmetic Store<\/title>\n<meta name=\"robots\" content=\"index, follow, max-snippet:-1, max-image-preview:large, max-video-preview:-1\" \/>\n<link rel=\"canonical\" href=\"https:\/\/cosmeticstoredz.com\/ar\/product\/mere-nature-glow-booster-serum-visage-vitamine-c-12\/\" \/>\n<meta property=\"og:locale\" content=\"ar_AR\" \/>\n<meta property=\"og:type\" content=\"article\" \/>\n<meta property=\"og:title\" content=\"MERE NATURE GLOW BOOSTER SERUM VISAGE VITAMINE C 12% - Cosmetic Store\" \/>\n<meta property=\"og:description\" content=\"le S\u00e9rum M\u00e8re Nature \u00e0 la Vitamine C, un pr\u00e9cieux alli\u00e9 pour une peau \u00e9clatante. Sa formule r\u00e9g\u00e9n\u00e9rante anti-rides et\" \/>\n<meta property=\"og:url\" content=\"https:\/\/cosmeticstoredz.com\/ar\/product\/mere-nature-glow-booster-serum-visage-vitamine-c-12\/\" \/>\n<meta property=\"og:site_name\" content=\"Cosmetic Store\" \/>\n<meta property=\"article:publisher\" content=\"https:\/\/www.facebook.com\/profile.php?id=61564954260683\" \/>\n<meta property=\"article:modified_time\" content=\"2026-04-12T15:25:38+00:00\" \/>\n<meta property=\"og:image\" content=\"https:\/\/cosmeticstoredz.com\/wp-content\/uploads\/2026\/02\/CC-17-10.png\" \/>\n\t<meta property=\"og:image:width\" content=\"1563\" \/>\n\t<meta property=\"og:image:height\" content=\"1563\" \/>\n\t<meta property=\"og:image:type\" content=\"image\/png\" \/>\n<meta name=\"twitter:card\" content=\"summary_large_image\" \/>\n<script type=\"application\/ld+json\" class=\"yoast-schema-graph\">{\"@context\":\"https:\\\/\\\/schema.org\",\"@graph\":[{\"@type\":\"WebPage\",\"@id\":\"https:\\\/\\\/cosmeticstoredz.com\\\/produit\\\/mere-nature-glow-booster-serum-visage-vitamine-c-12\\\/\",\"url\":\"https:\\\/\\\/cosmeticstoredz.com\\\/produit\\\/mere-nature-glow-booster-serum-visage-vitamine-c-12\\\/\",\"name\":\"MERE NATURE GLOW BOOSTER SERUM VISAGE VITAMINE C 12% - Cosmetic Store\",\"isPartOf\":{\"@id\":\"https:\\\/\\\/cosmeticstoredz.com\\\/#website\"},\"primaryImageOfPage\":{\"@id\":\"https:\\\/\\\/cosmeticstoredz.com\\\/produit\\\/mere-nature-glow-booster-serum-visage-vitamine-c-12\\\/#primaryimage\"},\"image\":{\"@id\":\"https:\\\/\\\/cosmeticstoredz.com\\\/produit\\\/mere-nature-glow-booster-serum-visage-vitamine-c-12\\\/#primaryimage\"},\"thumbnailUrl\":\"https:\\\/\\\/cosmeticstoredz.com\\\/wp-content\\\/uploads\\\/2026\\\/02\\\/CC-17-10.png\",\"datePublished\":\"2025-12-09T17:54:05+00:00\",\"dateModified\":\"2026-04-12T15:25:38+00:00\",\"breadcrumb\":{\"@id\":\"https:\\\/\\\/cosmeticstoredz.com\\\/produit\\\/mere-nature-glow-booster-serum-visage-vitamine-c-12\\\/#breadcrumb\"},\"inLanguage\":\"ar\",\"potentialAction\":[{\"@type\":\"ReadAction\",\"target\":[\"https:\\\/\\\/cosmeticstoredz.com\\\/produit\\\/mere-nature-glow-booster-serum-visage-vitamine-c-12\\\/\"]}]},{\"@type\":\"ImageObject\",\"inLanguage\":\"ar\",\"@id\":\"https:\\\/\\\/cosmeticstoredz.com\\\/produit\\\/mere-nature-glow-booster-serum-visage-vitamine-c-12\\\/#primaryimage\",\"url\":\"https:\\\/\\\/cosmeticstoredz.com\\\/wp-content\\\/uploads\\\/2026\\\/02\\\/CC-17-10.png\",\"contentUrl\":\"https:\\\/\\\/cosmeticstoredz.com\\\/wp-content\\\/uploads\\\/2026\\\/02\\\/CC-17-10.png\",\"width\":1563,\"height\":1563},{\"@type\":\"BreadcrumbList\",\"@id\":\"https:\\\/\\\/cosmeticstoredz.com\\\/produit\\\/mere-nature-glow-booster-serum-visage-vitamine-c-12\\\/#breadcrumb\",\"itemListElement\":[{\"@type\":\"ListItem\",\"position\":1,\"name\":\"Accueil\",\"item\":\"https:\\\/\\\/cosmeticstoredz.com\\\/\"},{\"@type\":\"ListItem\",\"position\":2,\"name\":\"Boutique\",\"item\":\"https:\\\/\\\/cosmeticstoredz.com\\\/boutique\\\/\"},{\"@type\":\"ListItem\",\"position\":3,\"name\":\"MERE NATURE GLOW BOOSTER SERUM VISAGE VITAMINE C 12%\"}]},{\"@type\":\"WebSite\",\"@id\":\"https:\\\/\\\/cosmeticstoredz.com\\\/#website\",\"url\":\"https:\\\/\\\/cosmeticstoredz.com\\\/\",\"name\":\"Cosmetic Store\",\"description\":\"\",\"publisher\":{\"@id\":\"https:\\\/\\\/cosmeticstoredz.com\\\/#organization\"},\"potentialAction\":[{\"@type\":\"SearchAction\",\"target\":{\"@type\":\"EntryPoint\",\"urlTemplate\":\"https:\\\/\\\/cosmeticstoredz.com\\\/?s={search_term_string}\"},\"query-input\":{\"@type\":\"PropertyValueSpecification\",\"valueRequired\":true,\"valueName\":\"search_term_string\"}}],\"inLanguage\":\"ar\"},{\"@type\":\"Organization\",\"@id\":\"https:\\\/\\\/cosmeticstoredz.com\\\/#organization\",\"name\":\"Cosmetic Store\",\"url\":\"https:\\\/\\\/cosmeticstoredz.com\\\/\",\"logo\":{\"@type\":\"ImageObject\",\"inLanguage\":\"ar\",\"@id\":\"https:\\\/\\\/cosmeticstoredz.com\\\/#\\\/schema\\\/logo\\\/image\\\/\",\"url\":\"https:\\\/\\\/cosmeticstoredz.com\\\/wp-content\\\/uploads\\\/2026\\\/02\\\/cropped-LOGO_CS-512x512-1-1-e1771275285345.webp\",\"contentUrl\":\"https:\\\/\\\/cosmeticstoredz.com\\\/wp-content\\\/uploads\\\/2026\\\/02\\\/cropped-LOGO_CS-512x512-1-1-e1771275285345.webp\",\"width\":265,\"height\":319,\"caption\":\"Cosmetic Store\"},\"image\":{\"@id\":\"https:\\\/\\\/cosmeticstoredz.com\\\/#\\\/schema\\\/logo\\\/image\\\/\"},\"sameAs\":[\"https:\\\/\\\/www.facebook.com\\\/profile.php?id=61564954260683\",\"https:\\\/\\\/www.instagram.com\\\/cosmetic.storedz\\\/\"]}]}<\/script>\n<!-- \/ Yoast SEO plugin. -->","yoast_head_json":{"title":"MERE NATURE GLOW BOOSTER SERUM VISAGE VITAMINE C 12% - Cosmetic Store","robots":{"index":"index","follow":"follow","max-snippet":"max-snippet:-1","max-image-preview":"max-image-preview:large","max-video-preview":"max-video-preview:-1"},"canonical":"https:\/\/cosmeticstoredz.com\/ar\/product\/mere-nature-glow-booster-serum-visage-vitamine-c-12\/","og_locale":"ar_AR","og_type":"article","og_title":"MERE NATURE GLOW BOOSTER SERUM VISAGE VITAMINE C 12% - Cosmetic Store","og_description":"le S\u00e9rum M\u00e8re Nature \u00e0 la Vitamine C, un pr\u00e9cieux alli\u00e9 pour une peau \u00e9clatante. Sa formule r\u00e9g\u00e9n\u00e9rante anti-rides et","og_url":"https:\/\/cosmeticstoredz.com\/ar\/product\/mere-nature-glow-booster-serum-visage-vitamine-c-12\/","og_site_name":"Cosmetic Store","article_publisher":"https:\/\/www.facebook.com\/profile.php?id=61564954260683","article_modified_time":"2026-04-12T15:25:38+00:00","og_image":[{"width":1563,"height":1563,"url":"https:\/\/cosmeticstoredz.com\/wp-content\/uploads\/2026\/02\/CC-17-10.png","type":"image\/png"}],"twitter_card":"summary_large_image","schema":{"@context":"https:\/\/schema.org","@graph":[{"@type":"WebPage","@id":"https:\/\/cosmeticstoredz.com\/produit\/mere-nature-glow-booster-serum-visage-vitamine-c-12\/","url":"https:\/\/cosmeticstoredz.com\/produit\/mere-nature-glow-booster-serum-visage-vitamine-c-12\/","name":"MERE NATURE GLOW BOOSTER SERUM VISAGE VITAMINE C 12% - Cosmetic Store","isPartOf":{"@id":"https:\/\/cosmeticstoredz.com\/#website"},"primaryImageOfPage":{"@id":"https:\/\/cosmeticstoredz.com\/produit\/mere-nature-glow-booster-serum-visage-vitamine-c-12\/#primaryimage"},"image":{"@id":"https:\/\/cosmeticstoredz.com\/produit\/mere-nature-glow-booster-serum-visage-vitamine-c-12\/#primaryimage"},"thumbnailUrl":"https:\/\/cosmeticstoredz.com\/wp-content\/uploads\/2026\/02\/CC-17-10.png","datePublished":"2025-12-09T17:54:05+00:00","dateModified":"2026-04-12T15:25:38+00:00","breadcrumb":{"@id":"https:\/\/cosmeticstoredz.com\/produit\/mere-nature-glow-booster-serum-visage-vitamine-c-12\/#breadcrumb"},"inLanguage":"ar","potentialAction":[{"@type":"ReadAction","target":["https:\/\/cosmeticstoredz.com\/produit\/mere-nature-glow-booster-serum-visage-vitamine-c-12\/"]}]},{"@type":"ImageObject","inLanguage":"ar","@id":"https:\/\/cosmeticstoredz.com\/produit\/mere-nature-glow-booster-serum-visage-vitamine-c-12\/#primaryimage","url":"https:\/\/cosmeticstoredz.com\/wp-content\/uploads\/2026\/02\/CC-17-10.png","contentUrl":"https:\/\/cosmeticstoredz.com\/wp-content\/uploads\/2026\/02\/CC-17-10.png","width":1563,"height":1563},{"@type":"BreadcrumbList","@id":"https:\/\/cosmeticstoredz.com\/produit\/mere-nature-glow-booster-serum-visage-vitamine-c-12\/#breadcrumb","itemListElement":[{"@type":"ListItem","position":1,"name":"Accueil","item":"https:\/\/cosmeticstoredz.com\/"},{"@type":"ListItem","position":2,"name":"Boutique","item":"https:\/\/cosmeticstoredz.com\/boutique\/"},{"@type":"ListItem","position":3,"name":"MERE NATURE GLOW BOOSTER SERUM VISAGE VITAMINE C 12%"}]},{"@type":"WebSite","@id":"https:\/\/cosmeticstoredz.com\/#website","url":"https:\/\/cosmeticstoredz.com\/","name":"Cosmetic Store","description":"","publisher":{"@id":"https:\/\/cosmeticstoredz.com\/#organization"},"potentialAction":[{"@type":"SearchAction","target":{"@type":"EntryPoint","urlTemplate":"https:\/\/cosmeticstoredz.com\/?s={search_term_string}"},"query-input":{"@type":"PropertyValueSpecification","valueRequired":true,"valueName":"search_term_string"}}],"inLanguage":"ar"},{"@type":"Organization","@id":"https:\/\/cosmeticstoredz.com\/#organization","name":"Cosmetic Store","url":"https:\/\/cosmeticstoredz.com\/","logo":{"@type":"ImageObject","inLanguage":"ar","@id":"https:\/\/cosmeticstoredz.com\/#\/schema\/logo\/image\/","url":"https:\/\/cosmeticstoredz.com\/wp-content\/uploads\/2026\/02\/cropped-LOGO_CS-512x512-1-1-e1771275285345.webp","contentUrl":"https:\/\/cosmeticstoredz.com\/wp-content\/uploads\/2026\/02\/cropped-LOGO_CS-512x512-1-1-e1771275285345.webp","width":265,"height":319,"caption":"Cosmetic Store"},"image":{"@id":"https:\/\/cosmeticstoredz.com\/#\/schema\/logo\/image\/"},"sameAs":["https:\/\/www.facebook.com\/profile.php?id=61564954260683","https:\/\/www.instagram.com\/cosmetic.storedz\/"]}]}},"_links":{"self":[{"href":"https:\/\/cosmeticstoredz.com\/ar\/wp-json\/wp\/v2\/product\/15155","targetHints":{"allow":["GET"]}}],"collection":[{"href":"https:\/\/cosmeticstoredz.com\/ar\/wp-json\/wp\/v2\/product"}],"about":[{"href":"https:\/\/cosmeticstoredz.com\/ar\/wp-json\/wp\/v2\/types\/product"}],"replies":[{"embeddable":true,"href":"https:\/\/cosmeticstoredz.com\/ar\/wp-json\/wp\/v2\/comments?post=15155"}],"version-history":[{"count":1,"href":"https:\/\/cosmeticstoredz.com\/ar\/wp-json\/wp\/v2\/product\/15155\/revisions"}],"predecessor-version":[{"id":23433,"href":"https:\/\/cosmeticstoredz.com\/ar\/wp-json\/wp\/v2\/product\/15155\/revisions\/23433"}],"wp:featuredmedia":[{"embeddable":true,"href":"https:\/\/cosmeticstoredz.com\/ar\/wp-json\/wp\/v2\/media\/23432"}],"wp:attachment":[{"href":"https:\/\/cosmeticstoredz.com\/ar\/wp-json\/wp\/v2\/media?parent=15155"}],"wp:term":[{"taxonomy":"product_brand","embeddable":true,"href":"https:\/\/cosmeticstoredz.com\/ar\/wp-json\/wp\/v2\/product_brand?post=15155"},{"taxonomy":"product_cat","embeddable":true,"href":"https:\/\/cosmeticstoredz.com\/ar\/wp-json\/wp\/v2\/product_cat?post=15155"},{"taxonomy":"product_tag","embeddable":true,"href":"https:\/\/cosmeticstoredz.com\/ar\/wp-json\/wp\/v2\/product_tag?post=15155"}],"curies":[{"name":"wp","href":"https:\/\/api.w.org\/{rel}","templated":true}]}}