{"id":15154,"date":"2025-12-09T17:54:05","date_gmt":"2025-12-09T17:54:05","guid":{"rendered":"https:\/\/test.fitnessworldgym27.com\/?post_type=product&#038;p=15154"},"modified":"2026-03-30T19:27:18","modified_gmt":"2026-03-30T19:27:18","slug":"mere-nature-face-serum-vitamine-eb5","status":"publish","type":"product","link":"https:\/\/cosmeticstoredz.com\/ar\/product\/mere-nature-face-serum-vitamine-eb5\/","title":{"rendered":"MERE NATURE FACE SERUM VITAMINE E+B5"},"content":{"rendered":"<p><strong data-start=\"69\" data-end=\"122\">le S\u00e9rum Vitamine E + B5 de M\u00e8re Nature<\/strong><br data-start=\"122\" data-end=\"125\" \/>Un soin essentiel pour une peau douce, hydrat\u00e9e et prot\u00e9g\u00e9e. Gr\u00e2ce \u00e0 sa formule riche en vitamines, il nourrit la peau en profondeur, pr\u00e9vient l\u2019apparition des signes de vieillissement et laisse le teint \u00e9clatant de sant\u00e9.<\/p>","protected":false},"excerpt":{"rendered":"<p>le S\u00e9rum Vitamine E + B5 de M\u00e8re NatureUn soin essentiel pour une peau douce, hydrat\u00e9e et prot\u00e9g\u00e9e. Gr\u00e2ce \u00e0<\/p>","protected":false},"featured_media":23430,"comment_status":"closed","ping_status":"closed","template":"","meta":[],"product_brand":[],"product_cat":[75,394,77,76],"product_tag":[],"class_list":{"0":"post-15154","1":"product","2":"type-product","3":"status-publish","4":"has-post-thumbnail","6":"product_cat-femme","7":"product_cat-mere-nature","8":"product_cat-serum-fv","9":"product_cat-soin-visage-f","11":"first","12":"instock","13":"shipping-taxable","14":"purchasable","15":"product-type-simple"},"_links":{"self":[{"href":"https:\/\/cosmeticstoredz.com\/ar\/wp-json\/wp\/v2\/product\/15154","targetHints":{"allow":["GET"]}}],"collection":[{"href":"https:\/\/cosmeticstoredz.com\/ar\/wp-json\/wp\/v2\/product"}],"about":[{"href":"https:\/\/cosmeticstoredz.com\/ar\/wp-json\/wp\/v2\/types\/product"}],"replies":[{"embeddable":true,"href":"https:\/\/cosmeticstoredz.com\/ar\/wp-json\/wp\/v2\/comments?post=15154"}],"version-history":[{"count":1,"href":"https:\/\/cosmeticstoredz.com\/ar\/wp-json\/wp\/v2\/product\/15154\/revisions"}],"predecessor-version":[{"id":23431,"href":"https:\/\/cosmeticstoredz.com\/ar\/wp-json\/wp\/v2\/product\/15154\/revisions\/23431"}],"wp:featuredmedia":[{"embeddable":true,"href":"https:\/\/cosmeticstoredz.com\/ar\/wp-json\/wp\/v2\/media\/23430"}],"wp:attachment":[{"href":"https:\/\/cosmeticstoredz.com\/ar\/wp-json\/wp\/v2\/media?parent=15154"}],"wp:term":[{"taxonomy":"product_brand","embeddable":true,"href":"https:\/\/cosmeticstoredz.com\/ar\/wp-json\/wp\/v2\/product_brand?post=15154"},{"taxonomy":"product_cat","embeddable":true,"href":"https:\/\/cosmeticstoredz.com\/ar\/wp-json\/wp\/v2\/product_cat?post=15154"},{"taxonomy":"product_tag","embeddable":true,"href":"https:\/\/cosmeticstoredz.com\/ar\/wp-json\/wp\/v2\/product_tag?post=15154"}],"curies":[{"name":"wp","href":"https:\/\/api.w.org\/{rel}","templated":true}]}}