{"id":15152,"date":"2025-12-09T17:54:04","date_gmt":"2025-12-09T17:54:04","guid":{"rendered":"https:\/\/test.fitnessworldgym27.com\/?post_type=product&#038;p=15152"},"modified":"2026-03-30T19:27:18","modified_gmt":"2026-03-30T19:27:18","slug":"mere-nature-face-serum-acide-salicylique-02","status":"publish","type":"product","link":"https:\/\/cosmeticstoredz.com\/ar\/product\/mere-nature-face-serum-acide-salicylique-02\/","title":{"rendered":"MERE NATURE FACE SERUM ACIDE SALICYLIQUE 02%"},"content":{"rendered":"<p><strong data-start=\"114\" data-end=\"185\">M\u00e8re Nature S\u00e9rum Anti-Imperfection \u00e0 l\u2019Acide Salicylique (30 ml)<\/strong><br data-start=\"185\" data-end=\"188\" \/>Un s\u00e9rum purifiant sp\u00e9cialement con\u00e7u pour r\u00e9duire les imperfections, resserrer les pores et lisser le grain de peau. Gr\u00e2ce \u00e0 l\u2019acide salicylique, il exfolie en douceur, \u00e9limine l\u2019exc\u00e8s de s\u00e9bum et aide \u00e0 pr\u00e9venir les boutons. Sa texture l\u00e9g\u00e8re laisse la peau nette, fra\u00eeche et plus uniforme. Id\u00e9al pour les peaux grasses, mixtes ou \u00e0 tendance acn\u00e9ique<\/p>","protected":false},"excerpt":{"rendered":"<p>M\u00e8re Nature S\u00e9rum Anti-Imperfection \u00e0 l\u2019Acide Salicylique (30 ml)Un s\u00e9rum purifiant sp\u00e9cialement con\u00e7u pour r\u00e9duire les imperfections, resserrer les pores<\/p>","protected":false},"featured_media":23426,"comment_status":"closed","ping_status":"closed","template":"","meta":[],"product_brand":[],"product_cat":[390,75,77,76],"product_tag":[],"class_list":{"0":"post-15152","1":"product","2":"type-product","3":"status-publish","4":"has-post-thumbnail","6":"product_cat-arvea","7":"product_cat-femme","8":"product_cat-serum-fv","9":"product_cat-soin-visage-f","11":"first","12":"instock","13":"shipping-taxable","14":"purchasable","15":"product-type-simple"},"_links":{"self":[{"href":"https:\/\/cosmeticstoredz.com\/ar\/wp-json\/wp\/v2\/product\/15152","targetHints":{"allow":["GET"]}}],"collection":[{"href":"https:\/\/cosmeticstoredz.com\/ar\/wp-json\/wp\/v2\/product"}],"about":[{"href":"https:\/\/cosmeticstoredz.com\/ar\/wp-json\/wp\/v2\/types\/product"}],"replies":[{"embeddable":true,"href":"https:\/\/cosmeticstoredz.com\/ar\/wp-json\/wp\/v2\/comments?post=15152"}],"version-history":[{"count":1,"href":"https:\/\/cosmeticstoredz.com\/ar\/wp-json\/wp\/v2\/product\/15152\/revisions"}],"predecessor-version":[{"id":23427,"href":"https:\/\/cosmeticstoredz.com\/ar\/wp-json\/wp\/v2\/product\/15152\/revisions\/23427"}],"wp:featuredmedia":[{"embeddable":true,"href":"https:\/\/cosmeticstoredz.com\/ar\/wp-json\/wp\/v2\/media\/23426"}],"wp:attachment":[{"href":"https:\/\/cosmeticstoredz.com\/ar\/wp-json\/wp\/v2\/media?parent=15152"}],"wp:term":[{"taxonomy":"product_brand","embeddable":true,"href":"https:\/\/cosmeticstoredz.com\/ar\/wp-json\/wp\/v2\/product_brand?post=15152"},{"taxonomy":"product_cat","embeddable":true,"href":"https:\/\/cosmeticstoredz.com\/ar\/wp-json\/wp\/v2\/product_cat?post=15152"},{"taxonomy":"product_tag","embeddable":true,"href":"https:\/\/cosmeticstoredz.com\/ar\/wp-json\/wp\/v2\/product_tag?post=15152"}],"curies":[{"name":"wp","href":"https:\/\/api.w.org\/{rel}","templated":true}]}}