{"id":15151,"date":"2025-12-09T17:53:57","date_gmt":"2025-12-09T17:53:57","guid":{"rendered":"https:\/\/test.fitnessworldgym27.com\/?post_type=product&#038;p=15151"},"modified":"2026-03-30T19:27:12","modified_gmt":"2026-03-30T19:27:12","slug":"make-hand-cream-75g-mains-et-ongles-abimes-a-lanoine","status":"publish","type":"product","link":"https:\/\/cosmeticstoredz.com\/ar\/product\/make-hand-cream-75g-mains-et-ongles-abimes-a-lanoine\/","title":{"rendered":"MAKE HAND CREAM  75G MAINS ET ONGLES ABIMES A LANOINE"},"content":{"rendered":"<p data-start=\"77\" data-end=\"339\"><strong data-start=\"77\" data-end=\"134\">Cr\u00e8me Mains &amp; Ongles Ab\u00eem\u00e9s \u00e0 la Lanoline 75 g<\/strong><br data-start=\"134\" data-end=\"137\" \/>Une cr\u00e8me r\u00e9paratrice sp\u00e9cialement con\u00e7ue pour les mains et ongles ab\u00eem\u00e9s. Enrichie en lanoline, elle nourrit, prot\u00e8ge et renforce la peau et les ongles, laissant les mains douces, lisses et r\u00e9par\u00e9es.<\/p>\n<p data-start=\"341\" data-end=\"444\">","protected":false},"excerpt":{"rendered":"<p>Cr\u00e8me Mains &amp; Ongles Ab\u00eem\u00e9s \u00e0 la Lanoline 75 gUne cr\u00e8me r\u00e9paratrice sp\u00e9cialement con\u00e7ue pour les mains et ongles ab\u00eem\u00e9s.<\/p>","protected":false},"featured_media":23424,"comment_status":"closed","ping_status":"closed","template":"","meta":[],"product_brand":[],"product_cat":[75],"product_tag":[],"class_list":{"0":"post-15151","1":"product","2":"type-product","3":"status-publish","4":"has-post-thumbnail","6":"product_cat-femme","8":"first","9":"instock","10":"shipping-taxable","11":"purchasable","12":"product-type-simple"},"_links":{"self":[{"href":"https:\/\/cosmeticstoredz.com\/ar\/wp-json\/wp\/v2\/product\/15151","targetHints":{"allow":["GET"]}}],"collection":[{"href":"https:\/\/cosmeticstoredz.com\/ar\/wp-json\/wp\/v2\/product"}],"about":[{"href":"https:\/\/cosmeticstoredz.com\/ar\/wp-json\/wp\/v2\/types\/product"}],"replies":[{"embeddable":true,"href":"https:\/\/cosmeticstoredz.com\/ar\/wp-json\/wp\/v2\/comments?post=15151"}],"version-history":[{"count":1,"href":"https:\/\/cosmeticstoredz.com\/ar\/wp-json\/wp\/v2\/product\/15151\/revisions"}],"predecessor-version":[{"id":23425,"href":"https:\/\/cosmeticstoredz.com\/ar\/wp-json\/wp\/v2\/product\/15151\/revisions\/23425"}],"wp:featuredmedia":[{"embeddable":true,"href":"https:\/\/cosmeticstoredz.com\/ar\/wp-json\/wp\/v2\/media\/23424"}],"wp:attachment":[{"href":"https:\/\/cosmeticstoredz.com\/ar\/wp-json\/wp\/v2\/media?parent=15151"}],"wp:term":[{"taxonomy":"product_brand","embeddable":true,"href":"https:\/\/cosmeticstoredz.com\/ar\/wp-json\/wp\/v2\/product_brand?post=15151"},{"taxonomy":"product_cat","embeddable":true,"href":"https:\/\/cosmeticstoredz.com\/ar\/wp-json\/wp\/v2\/product_cat?post=15151"},{"taxonomy":"product_tag","embeddable":true,"href":"https:\/\/cosmeticstoredz.com\/ar\/wp-json\/wp\/v2\/product_tag?post=15151"}],"curies":[{"name":"wp","href":"https:\/\/api.w.org\/{rel}","templated":true}]}}