{"id":15150,"date":"2025-12-09T17:53:57","date_gmt":"2025-12-09T17:53:57","guid":{"rendered":"https:\/\/test.fitnessworldgym27.com\/?post_type=product&#038;p=15150"},"modified":"2026-03-30T19:27:12","modified_gmt":"2026-03-30T19:27:12","slug":"make-hand-cream-75g-beurre-de-karite-et-huile-dargan-main-tres-seches","status":"publish","type":"product","link":"https:\/\/cosmeticstoredz.com\/ar\/product\/make-hand-cream-75g-beurre-de-karite-et-huile-dargan-main-tres-seches\/","title":{"rendered":"MAKE HAND CREAM  75G BEURRE DE KARITE ET HUILE D&rsquo;ARGAN MAIN TRES SECHES"},"content":{"rendered":"<p data-start=\"77\" data-end=\"343\">Une cr\u00e8me ultra-nourrissante pour mains tr\u00e8s s\u00e8ches. Enrichie en beurre de karit\u00e9 et huile d\u2019argan, elle hydrate, r\u00e9pare et adoucit intens\u00e9ment, laissant les mains souples et confortables au quotidien.<\/p>","protected":false},"excerpt":{"rendered":"<p>Une cr\u00e8me ultra-nourrissante pour mains tr\u00e8s s\u00e8ches. Enrichie en beurre de karit\u00e9 et huile d\u2019argan, elle hydrate, r\u00e9pare et adoucit<\/p>","protected":false},"featured_media":23422,"comment_status":"closed","ping_status":"closed","template":"","meta":[],"product_brand":[],"product_cat":[82,75,326,81],"product_tag":[],"class_list":{"0":"post-15150","1":"product","2":"type-product","3":"status-publish","4":"has-post-thumbnail","6":"product_cat-creme-hydratante-fc","7":"product_cat-femme","8":"product_cat-make","9":"product_cat-soin-corps-f","11":"first","12":"instock","13":"shipping-taxable","14":"purchasable","15":"product-type-simple"},"_links":{"self":[{"href":"https:\/\/cosmeticstoredz.com\/ar\/wp-json\/wp\/v2\/product\/15150","targetHints":{"allow":["GET"]}}],"collection":[{"href":"https:\/\/cosmeticstoredz.com\/ar\/wp-json\/wp\/v2\/product"}],"about":[{"href":"https:\/\/cosmeticstoredz.com\/ar\/wp-json\/wp\/v2\/types\/product"}],"replies":[{"embeddable":true,"href":"https:\/\/cosmeticstoredz.com\/ar\/wp-json\/wp\/v2\/comments?post=15150"}],"version-history":[{"count":1,"href":"https:\/\/cosmeticstoredz.com\/ar\/wp-json\/wp\/v2\/product\/15150\/revisions"}],"predecessor-version":[{"id":23423,"href":"https:\/\/cosmeticstoredz.com\/ar\/wp-json\/wp\/v2\/product\/15150\/revisions\/23423"}],"wp:featuredmedia":[{"embeddable":true,"href":"https:\/\/cosmeticstoredz.com\/ar\/wp-json\/wp\/v2\/media\/23422"}],"wp:attachment":[{"href":"https:\/\/cosmeticstoredz.com\/ar\/wp-json\/wp\/v2\/media?parent=15150"}],"wp:term":[{"taxonomy":"product_brand","embeddable":true,"href":"https:\/\/cosmeticstoredz.com\/ar\/wp-json\/wp\/v2\/product_brand?post=15150"},{"taxonomy":"product_cat","embeddable":true,"href":"https:\/\/cosmeticstoredz.com\/ar\/wp-json\/wp\/v2\/product_cat?post=15150"},{"taxonomy":"product_tag","embeddable":true,"href":"https:\/\/cosmeticstoredz.com\/ar\/wp-json\/wp\/v2\/product_tag?post=15150"}],"curies":[{"name":"wp","href":"https:\/\/api.w.org\/{rel}","templated":true}]}}