{"id":15149,"date":"2025-12-09T17:53:56","date_gmt":"2025-12-09T17:53:56","guid":{"rendered":"https:\/\/test.fitnessworldgym27.com\/?post_type=product&#038;p=15149"},"modified":"2026-03-30T19:27:12","modified_gmt":"2026-03-30T19:27:12","slug":"make-hand-cream-75g-aloe-vera-et-glycerine-anti-dessechement","status":"publish","type":"product","link":"https:\/\/cosmeticstoredz.com\/ar\/product\/make-hand-cream-75g-aloe-vera-et-glycerine-anti-dessechement\/","title":{"rendered":"MAKE HAND CREAM  75G ALOE VERA ET GLYCERINE ANTI DESSECHEMENT"},"content":{"rendered":"<p>Une cr\u00e8me hydratante qui prot\u00e8ge et nourrit les mains s\u00e8ches. Enrichie en aloe vera et glyc\u00e9rine, elle apaise, adoucit et pr\u00e9vient le dess\u00e8chement, laissant la peau souple et confortable au quotidien.<\/p>","protected":false},"excerpt":{"rendered":"<p>Une cr\u00e8me hydratante qui prot\u00e8ge et nourrit les mains s\u00e8ches. Enrichie en aloe vera et glyc\u00e9rine, elle apaise, adoucit et<\/p>","protected":false},"featured_media":23420,"comment_status":"closed","ping_status":"closed","template":"","meta":[],"product_brand":[],"product_cat":[82,75,326,81],"product_tag":[],"class_list":{"0":"post-15149","1":"product","2":"type-product","3":"status-publish","4":"has-post-thumbnail","6":"product_cat-creme-hydratante-fc","7":"product_cat-femme","8":"product_cat-make","9":"product_cat-soin-corps-f","11":"first","12":"instock","13":"shipping-taxable","14":"purchasable","15":"product-type-simple"},"_links":{"self":[{"href":"https:\/\/cosmeticstoredz.com\/ar\/wp-json\/wp\/v2\/product\/15149","targetHints":{"allow":["GET"]}}],"collection":[{"href":"https:\/\/cosmeticstoredz.com\/ar\/wp-json\/wp\/v2\/product"}],"about":[{"href":"https:\/\/cosmeticstoredz.com\/ar\/wp-json\/wp\/v2\/types\/product"}],"replies":[{"embeddable":true,"href":"https:\/\/cosmeticstoredz.com\/ar\/wp-json\/wp\/v2\/comments?post=15149"}],"version-history":[{"count":1,"href":"https:\/\/cosmeticstoredz.com\/ar\/wp-json\/wp\/v2\/product\/15149\/revisions"}],"predecessor-version":[{"id":23421,"href":"https:\/\/cosmeticstoredz.com\/ar\/wp-json\/wp\/v2\/product\/15149\/revisions\/23421"}],"wp:featuredmedia":[{"embeddable":true,"href":"https:\/\/cosmeticstoredz.com\/ar\/wp-json\/wp\/v2\/media\/23420"}],"wp:attachment":[{"href":"https:\/\/cosmeticstoredz.com\/ar\/wp-json\/wp\/v2\/media?parent=15149"}],"wp:term":[{"taxonomy":"product_brand","embeddable":true,"href":"https:\/\/cosmeticstoredz.com\/ar\/wp-json\/wp\/v2\/product_brand?post=15149"},{"taxonomy":"product_cat","embeddable":true,"href":"https:\/\/cosmeticstoredz.com\/ar\/wp-json\/wp\/v2\/product_cat?post=15149"},{"taxonomy":"product_tag","embeddable":true,"href":"https:\/\/cosmeticstoredz.com\/ar\/wp-json\/wp\/v2\/product_tag?post=15149"}],"curies":[{"name":"wp","href":"https:\/\/api.w.org\/{rel}","templated":true}]}}