{"id":15143,"date":"2025-12-09T17:53:54","date_gmt":"2025-12-09T17:53:54","guid":{"rendered":"https:\/\/test.fitnessworldgym27.com\/?post_type=product&#038;p=15143"},"modified":"2026-03-30T19:27:11","modified_gmt":"2026-03-30T19:27:11","slug":"maison-serai-brume-intime-100ml-powder-kiss","status":"publish","type":"product","link":"https:\/\/cosmeticstoredz.com\/ar\/product\/maison-serai-brume-intime-100ml-powder-kiss\/","title":{"rendered":"MAISON SERAI BRUME INTIME 100ML POWDER KISS"},"content":{"rendered":"<p>Une brume d\u00e9licate sp\u00e9cialement con\u00e7ue pour le bien-\u00eatre intime f\u00e9minin. Elle rafra\u00eechit, prot\u00e8ge et laisse une sensation de douceur et de confort tout au long de la journ\u00e9e, avec un parfum l\u00e9ger et agr\u00e9able.<\/p>","protected":false},"excerpt":{"rendered":"<p>Une brume d\u00e9licate sp\u00e9cialement con\u00e7ue pour le bien-\u00eatre intime f\u00e9minin. Elle rafra\u00eechit, prot\u00e8ge et laisse une sensation de douceur et<\/p>","protected":false},"featured_media":23408,"comment_status":"closed","ping_status":"closed","template":"","meta":[],"product_brand":[],"product_cat":[101,75,393,78,81],"product_tag":[],"class_list":{"0":"post-15143","1":"product","2":"type-product","3":"status-publish","4":"has-post-thumbnail","6":"product_cat-brume","7":"product_cat-femme","8":"product_cat-maison-serai","9":"product_cat-parfum-f","10":"product_cat-soin-corps-f","12":"first","13":"instock","14":"shipping-taxable","15":"purchasable","16":"product-type-simple"},"_links":{"self":[{"href":"https:\/\/cosmeticstoredz.com\/ar\/wp-json\/wp\/v2\/product\/15143","targetHints":{"allow":["GET"]}}],"collection":[{"href":"https:\/\/cosmeticstoredz.com\/ar\/wp-json\/wp\/v2\/product"}],"about":[{"href":"https:\/\/cosmeticstoredz.com\/ar\/wp-json\/wp\/v2\/types\/product"}],"replies":[{"embeddable":true,"href":"https:\/\/cosmeticstoredz.com\/ar\/wp-json\/wp\/v2\/comments?post=15143"}],"version-history":[{"count":1,"href":"https:\/\/cosmeticstoredz.com\/ar\/wp-json\/wp\/v2\/product\/15143\/revisions"}],"predecessor-version":[{"id":23409,"href":"https:\/\/cosmeticstoredz.com\/ar\/wp-json\/wp\/v2\/product\/15143\/revisions\/23409"}],"wp:featuredmedia":[{"embeddable":true,"href":"https:\/\/cosmeticstoredz.com\/ar\/wp-json\/wp\/v2\/media\/23408"}],"wp:attachment":[{"href":"https:\/\/cosmeticstoredz.com\/ar\/wp-json\/wp\/v2\/media?parent=15143"}],"wp:term":[{"taxonomy":"product_brand","embeddable":true,"href":"https:\/\/cosmeticstoredz.com\/ar\/wp-json\/wp\/v2\/product_brand?post=15143"},{"taxonomy":"product_cat","embeddable":true,"href":"https:\/\/cosmeticstoredz.com\/ar\/wp-json\/wp\/v2\/product_cat?post=15143"},{"taxonomy":"product_tag","embeddable":true,"href":"https:\/\/cosmeticstoredz.com\/ar\/wp-json\/wp\/v2\/product_tag?post=15143"}],"curies":[{"name":"wp","href":"https:\/\/api.w.org\/{rel}","templated":true}]}}