{"id":15142,"date":"2025-12-09T17:53:53","date_gmt":"2025-12-09T17:53:53","guid":{"rendered":"https:\/\/test.fitnessworldgym27.com\/?post_type=product&#038;p=15142"},"modified":"2026-03-30T19:27:11","modified_gmt":"2026-03-30T19:27:11","slug":"maison-serai-brume-intime-100ml-feminine-glow","status":"publish","type":"product","link":"https:\/\/cosmeticstoredz.com\/ar\/product\/maison-serai-brume-intime-100ml-feminine-glow\/","title":{"rendered":"MAISON SERAI BRUME INTIME 100ML FEMININE GLOW"},"content":{"rendered":"<p data-start=\"77\" data-end=\"342\">Une brume d\u00e9licate sp\u00e9cialement con\u00e7ue pour le bien-\u00eatre intime f\u00e9minin. Elle rafra\u00eechit, prot\u00e8ge et laisse une sensation de douceur et de confort tout au long de la journ\u00e9e, avec un parfum l\u00e9ger et agr\u00e9able.<\/p>\n<p data-start=\"344\" data-end=\"450\">","protected":false},"excerpt":{"rendered":"<p>Une brume d\u00e9licate sp\u00e9cialement con\u00e7ue pour le bien-\u00eatre intime f\u00e9minin. Elle rafra\u00eechit, prot\u00e8ge et laisse une sensation de douceur et<\/p>","protected":false},"featured_media":23406,"comment_status":"closed","ping_status":"closed","template":"","meta":[],"product_brand":[],"product_cat":[101,75,393,78],"product_tag":[],"class_list":{"0":"post-15142","1":"product","2":"type-product","3":"status-publish","4":"has-post-thumbnail","6":"product_cat-brume","7":"product_cat-femme","8":"product_cat-maison-serai","9":"product_cat-parfum-f","11":"first","12":"instock","13":"shipping-taxable","14":"purchasable","15":"product-type-simple"},"_links":{"self":[{"href":"https:\/\/cosmeticstoredz.com\/ar\/wp-json\/wp\/v2\/product\/15142","targetHints":{"allow":["GET"]}}],"collection":[{"href":"https:\/\/cosmeticstoredz.com\/ar\/wp-json\/wp\/v2\/product"}],"about":[{"href":"https:\/\/cosmeticstoredz.com\/ar\/wp-json\/wp\/v2\/types\/product"}],"replies":[{"embeddable":true,"href":"https:\/\/cosmeticstoredz.com\/ar\/wp-json\/wp\/v2\/comments?post=15142"}],"version-history":[{"count":1,"href":"https:\/\/cosmeticstoredz.com\/ar\/wp-json\/wp\/v2\/product\/15142\/revisions"}],"predecessor-version":[{"id":23407,"href":"https:\/\/cosmeticstoredz.com\/ar\/wp-json\/wp\/v2\/product\/15142\/revisions\/23407"}],"wp:featuredmedia":[{"embeddable":true,"href":"https:\/\/cosmeticstoredz.com\/ar\/wp-json\/wp\/v2\/media\/23406"}],"wp:attachment":[{"href":"https:\/\/cosmeticstoredz.com\/ar\/wp-json\/wp\/v2\/media?parent=15142"}],"wp:term":[{"taxonomy":"product_brand","embeddable":true,"href":"https:\/\/cosmeticstoredz.com\/ar\/wp-json\/wp\/v2\/product_brand?post=15142"},{"taxonomy":"product_cat","embeddable":true,"href":"https:\/\/cosmeticstoredz.com\/ar\/wp-json\/wp\/v2\/product_cat?post=15142"},{"taxonomy":"product_tag","embeddable":true,"href":"https:\/\/cosmeticstoredz.com\/ar\/wp-json\/wp\/v2\/product_tag?post=15142"}],"curies":[{"name":"wp","href":"https:\/\/api.w.org\/{rel}","templated":true}]}}