{"id":15139,"date":"2025-12-09T17:51:27","date_gmt":"2025-12-09T17:51:27","guid":{"rendered":"https:\/\/test.fitnessworldgym27.com\/?post_type=product&#038;p=15139"},"modified":"2026-03-30T19:25:37","modified_gmt":"2026-03-30T19:25:37","slug":"olymiel-hair-shampoo-family-care-300ml","status":"publish","type":"product","link":"https:\/\/cosmeticstoredz.com\/ar\/product\/olymiel-hair-shampoo-family-care-300ml\/","title":{"rendered":"OLYMIEL HAIR SHAMPOO FAMILY CARE 300ML"},"content":{"rendered":"<p data-start=\"54\" data-end=\"323\"><strong data-start=\"54\" data-end=\"86\">Apr\u00e8s-Shampooing FAMILY CARE<\/strong><br data-start=\"86\" data-end=\"89\" \/>Un soin d\u00e9m\u00ealant adapt\u00e9 \u00e0 toute la famille, qui assouplit et adoucit les cheveux. Sa formule \u00e0 l\u2019huile d\u2019olive hydrosoluble et au beurre de karit\u00e9 nourrit sans alourdir, laissant les cheveux doux, souples et brillants jour apr\u00e8s jour.<\/p>","protected":false},"excerpt":{"rendered":"<p>Apr\u00e8s-Shampooing FAMILY CAREUn soin d\u00e9m\u00ealant adapt\u00e9 \u00e0 toute la famille, qui assouplit et adoucit les cheveux. Sa formule \u00e0 l\u2019huile<\/p>","protected":false},"featured_media":23400,"comment_status":"closed","ping_status":"closed","template":"","meta":[],"product_brand":[],"product_cat":[160,192,390,75,72,95,92],"product_tag":[],"class_list":{"0":"post-15139","1":"product","2":"type-product","3":"status-publish","4":"has-post-thumbnail","6":"product_cat-apres-shampoing-f","7":"product_cat-apres-shampoing-h","8":"product_cat-arvea","9":"product_cat-femme","10":"product_cat-homme","11":"product_cat-soin-cheveux-f","12":"product_cat-soin-cheveux-h","14":"first","15":"instock","16":"shipping-taxable","17":"purchasable","18":"product-type-simple"},"_links":{"self":[{"href":"https:\/\/cosmeticstoredz.com\/ar\/wp-json\/wp\/v2\/product\/15139","targetHints":{"allow":["GET"]}}],"collection":[{"href":"https:\/\/cosmeticstoredz.com\/ar\/wp-json\/wp\/v2\/product"}],"about":[{"href":"https:\/\/cosmeticstoredz.com\/ar\/wp-json\/wp\/v2\/types\/product"}],"replies":[{"embeddable":true,"href":"https:\/\/cosmeticstoredz.com\/ar\/wp-json\/wp\/v2\/comments?post=15139"}],"version-history":[{"count":1,"href":"https:\/\/cosmeticstoredz.com\/ar\/wp-json\/wp\/v2\/product\/15139\/revisions"}],"predecessor-version":[{"id":23401,"href":"https:\/\/cosmeticstoredz.com\/ar\/wp-json\/wp\/v2\/product\/15139\/revisions\/23401"}],"wp:featuredmedia":[{"embeddable":true,"href":"https:\/\/cosmeticstoredz.com\/ar\/wp-json\/wp\/v2\/media\/23400"}],"wp:attachment":[{"href":"https:\/\/cosmeticstoredz.com\/ar\/wp-json\/wp\/v2\/media?parent=15139"}],"wp:term":[{"taxonomy":"product_brand","embeddable":true,"href":"https:\/\/cosmeticstoredz.com\/ar\/wp-json\/wp\/v2\/product_brand?post=15139"},{"taxonomy":"product_cat","embeddable":true,"href":"https:\/\/cosmeticstoredz.com\/ar\/wp-json\/wp\/v2\/product_cat?post=15139"},{"taxonomy":"product_tag","embeddable":true,"href":"https:\/\/cosmeticstoredz.com\/ar\/wp-json\/wp\/v2\/product_tag?post=15139"}],"curies":[{"name":"wp","href":"https:\/\/api.w.org\/{rel}","templated":true}]}}