{"id":15137,"date":"2025-12-09T17:51:27","date_gmt":"2025-12-09T17:51:27","guid":{"rendered":"https:\/\/test.fitnessworldgym27.com\/?post_type=product&#038;p=15137"},"modified":"2026-03-30T19:25:37","modified_gmt":"2026-03-30T19:25:37","slug":"olymiel-hair-conditioner-family-care-300ml","status":"publish","type":"product","link":"https:\/\/cosmeticstoredz.com\/ar\/product\/olymiel-hair-conditioner-family-care-300ml\/","title":{"rendered":"OLYMIEL HAIR CONDITIONER FAMILY CARE 300ML"},"content":{"rendered":"<p data-start=\"64\" data-end=\"508\">Un apr\u00e8s-shampooing doux et adapt\u00e9 \u00e0 toute la famille, con\u00e7u pour tous types de cheveux. Il facilite le d\u00e9m\u00ealage, assouplit la fibre capillaire et offre un toucher ultra-soyeux. Enrichi en huile d\u2019olive hydrosoluble et en beurre de karit\u00e9, il nourrit sans alourdir et aide les cheveux \u00e0 retrouver douceur, souplesse et brillance<\/p>","protected":false},"excerpt":{"rendered":"<p>Un apr\u00e8s-shampooing doux et adapt\u00e9 \u00e0 toute la famille, con\u00e7u pour tous types de cheveux. Il facilite le d\u00e9m\u00ealage, assouplit<\/p>","protected":false},"featured_media":23396,"comment_status":"closed","ping_status":"closed","template":"","meta":[],"product_brand":[],"product_cat":[160,390,75,95],"product_tag":[],"class_list":{"0":"post-15137","1":"product","2":"type-product","3":"status-publish","4":"has-post-thumbnail","6":"product_cat-apres-shampoing-f","7":"product_cat-arvea","8":"product_cat-femme","9":"product_cat-soin-cheveux-f","11":"first","12":"instock","13":"shipping-taxable","14":"purchasable","15":"product-type-simple"},"_links":{"self":[{"href":"https:\/\/cosmeticstoredz.com\/ar\/wp-json\/wp\/v2\/product\/15137","targetHints":{"allow":["GET"]}}],"collection":[{"href":"https:\/\/cosmeticstoredz.com\/ar\/wp-json\/wp\/v2\/product"}],"about":[{"href":"https:\/\/cosmeticstoredz.com\/ar\/wp-json\/wp\/v2\/types\/product"}],"replies":[{"embeddable":true,"href":"https:\/\/cosmeticstoredz.com\/ar\/wp-json\/wp\/v2\/comments?post=15137"}],"version-history":[{"count":1,"href":"https:\/\/cosmeticstoredz.com\/ar\/wp-json\/wp\/v2\/product\/15137\/revisions"}],"predecessor-version":[{"id":23397,"href":"https:\/\/cosmeticstoredz.com\/ar\/wp-json\/wp\/v2\/product\/15137\/revisions\/23397"}],"wp:featuredmedia":[{"embeddable":true,"href":"https:\/\/cosmeticstoredz.com\/ar\/wp-json\/wp\/v2\/media\/23396"}],"wp:attachment":[{"href":"https:\/\/cosmeticstoredz.com\/ar\/wp-json\/wp\/v2\/media?parent=15137"}],"wp:term":[{"taxonomy":"product_brand","embeddable":true,"href":"https:\/\/cosmeticstoredz.com\/ar\/wp-json\/wp\/v2\/product_brand?post=15137"},{"taxonomy":"product_cat","embeddable":true,"href":"https:\/\/cosmeticstoredz.com\/ar\/wp-json\/wp\/v2\/product_cat?post=15137"},{"taxonomy":"product_tag","embeddable":true,"href":"https:\/\/cosmeticstoredz.com\/ar\/wp-json\/wp\/v2\/product_tag?post=15137"}],"curies":[{"name":"wp","href":"https:\/\/api.w.org\/{rel}","templated":true}]}}