{"id":15135,"date":"2025-12-09T17:50:50","date_gmt":"2025-12-09T17:50:50","guid":{"rendered":"https:\/\/test.fitnessworldgym27.com\/?post_type=product&#038;p=15135"},"modified":"2026-03-30T19:25:17","modified_gmt":"2026-03-30T19:25:17","slug":"garnier-ultra-doux-masque-remede-pure-huile-davocat-et-beurre-de-karite-340ml","status":"publish","type":"product","link":"https:\/\/cosmeticstoredz.com\/ar\/product\/garnier-ultra-doux-masque-remede-pure-huile-davocat-et-beurre-de-karite-340ml\/","title":{"rendered":"GARNIER ULTRA DOUX MASQUE REMEDE  PURE HUILE D&rsquo;AVOCAT ET BEURRE DE KARITE 340ML"},"content":{"rendered":"<p>Ultra Doux r\u00e9invente sa formule nourrissante iconique, plus concentr\u00e9e en Huile d\u2019Avocat ! Ce masque nourrit les cheveux secs, les rends plus doux et combat les frisottis, en 1 minute. Adapt\u00e9 pour les cheveux secs, boucl\u00e9s \u00e0 cr\u00e9pus, sans les alourdir<\/p>","protected":false},"excerpt":{"rendered":"<p>Ultra Doux r\u00e9invente sa formule nourrissante iconique, plus concentr\u00e9e en Huile d\u2019Avocat ! Ce masque nourrit les cheveux secs, les<\/p>","protected":false},"featured_media":23392,"comment_status":"closed","ping_status":"closed","template":"","meta":[],"product_brand":[],"product_cat":[75,191,155,95],"product_tag":[],"class_list":{"0":"post-15135","1":"product","2":"type-product","3":"status-publish","4":"has-post-thumbnail","6":"product_cat-femme","7":"product_cat-garnier","8":"product_cat-masque","9":"product_cat-soin-cheveux-f","11":"first","12":"instock","13":"shipping-taxable","14":"purchasable","15":"product-type-simple"},"_links":{"self":[{"href":"https:\/\/cosmeticstoredz.com\/ar\/wp-json\/wp\/v2\/product\/15135","targetHints":{"allow":["GET"]}}],"collection":[{"href":"https:\/\/cosmeticstoredz.com\/ar\/wp-json\/wp\/v2\/product"}],"about":[{"href":"https:\/\/cosmeticstoredz.com\/ar\/wp-json\/wp\/v2\/types\/product"}],"replies":[{"embeddable":true,"href":"https:\/\/cosmeticstoredz.com\/ar\/wp-json\/wp\/v2\/comments?post=15135"}],"version-history":[{"count":1,"href":"https:\/\/cosmeticstoredz.com\/ar\/wp-json\/wp\/v2\/product\/15135\/revisions"}],"predecessor-version":[{"id":23393,"href":"https:\/\/cosmeticstoredz.com\/ar\/wp-json\/wp\/v2\/product\/15135\/revisions\/23393"}],"wp:featuredmedia":[{"embeddable":true,"href":"https:\/\/cosmeticstoredz.com\/ar\/wp-json\/wp\/v2\/media\/23392"}],"wp:attachment":[{"href":"https:\/\/cosmeticstoredz.com\/ar\/wp-json\/wp\/v2\/media?parent=15135"}],"wp:term":[{"taxonomy":"product_brand","embeddable":true,"href":"https:\/\/cosmeticstoredz.com\/ar\/wp-json\/wp\/v2\/product_brand?post=15135"},{"taxonomy":"product_cat","embeddable":true,"href":"https:\/\/cosmeticstoredz.com\/ar\/wp-json\/wp\/v2\/product_cat?post=15135"},{"taxonomy":"product_tag","embeddable":true,"href":"https:\/\/cosmeticstoredz.com\/ar\/wp-json\/wp\/v2\/product_tag?post=15135"}],"curies":[{"name":"wp","href":"https:\/\/api.w.org\/{rel}","templated":true}]}}