{"id":15127,"date":"2025-12-09T17:50:01","date_gmt":"2025-12-09T17:50:01","guid":{"rendered":"https:\/\/test.fitnessworldgym27.com\/?post_type=product&#038;p=15127"},"modified":"2026-03-30T19:24:47","modified_gmt":"2026-03-30T19:24:47","slug":"arvea-shampooing-sans-sulfate-care-and-repair-250ml","status":"publish","type":"product","link":"https:\/\/cosmeticstoredz.com\/ar\/product\/arvea-shampooing-sans-sulfate-care-and-repair-250ml\/","title":{"rendered":"ARVEA SHAMPOOING SANS SULFATE CARE AND REPAIR 250ML"},"content":{"rendered":"<p>Le\u00a0<strong class=\"Yjhzub\" data-complete=\"true\" data-processed=\"true\">Shampooing Sans Sulfate Care &amp; Repair 250ml d&rsquo;ARVEA<\/strong>\u00a0<mark class=\"HxTRcb\" data-complete=\"true\" data-sae=\"\">est un produit con\u00e7u pour nettoyer d\u00e9licatement les cheveux tout en pr\u00e9servant l&rsquo;effet des traitements capillaires comme le lissage \u00e0 la k\u00e9ratine, ou pour les cheveux ab\u00eem\u00e9s, color\u00e9s, secs ou sensibles<\/mark>.<span class=\"uJ19be notranslate\" data-wiz-uids=\"DySeGf_e,DySeGf_f,DySeGf_g\" data-complete=\"true\" data-processed=\"true\"><span class=\"vKEkVd\" data-animation-atomic=\"\" data-sae=\"\">\u00a0<\/span><\/span><\/p>","protected":false},"excerpt":{"rendered":"<p>Le\u00a0Shampooing Sans Sulfate Care &amp; Repair 250ml d&rsquo;ARVEA\u00a0est un produit con\u00e7u pour nettoyer d\u00e9licatement les cheveux tout en pr\u00e9servant l&rsquo;effet<\/p>","protected":false},"featured_media":23374,"comment_status":"closed","ping_status":"closed","template":"","meta":[],"product_brand":[],"product_cat":[390,75,72,111,159,95,92],"product_tag":[],"class_list":{"0":"post-15127","1":"product","2":"type-product","3":"status-publish","4":"has-post-thumbnail","6":"product_cat-arvea","7":"product_cat-femme","8":"product_cat-homme","9":"product_cat-shampoing-f","10":"product_cat-shampoing-h","11":"product_cat-soin-cheveux-f","12":"product_cat-soin-cheveux-h","14":"first","15":"instock","16":"shipping-taxable","17":"purchasable","18":"product-type-simple"},"_links":{"self":[{"href":"https:\/\/cosmeticstoredz.com\/ar\/wp-json\/wp\/v2\/product\/15127","targetHints":{"allow":["GET"]}}],"collection":[{"href":"https:\/\/cosmeticstoredz.com\/ar\/wp-json\/wp\/v2\/product"}],"about":[{"href":"https:\/\/cosmeticstoredz.com\/ar\/wp-json\/wp\/v2\/types\/product"}],"replies":[{"embeddable":true,"href":"https:\/\/cosmeticstoredz.com\/ar\/wp-json\/wp\/v2\/comments?post=15127"}],"version-history":[{"count":1,"href":"https:\/\/cosmeticstoredz.com\/ar\/wp-json\/wp\/v2\/product\/15127\/revisions"}],"predecessor-version":[{"id":23375,"href":"https:\/\/cosmeticstoredz.com\/ar\/wp-json\/wp\/v2\/product\/15127\/revisions\/23375"}],"wp:featuredmedia":[{"embeddable":true,"href":"https:\/\/cosmeticstoredz.com\/ar\/wp-json\/wp\/v2\/media\/23374"}],"wp:attachment":[{"href":"https:\/\/cosmeticstoredz.com\/ar\/wp-json\/wp\/v2\/media?parent=15127"}],"wp:term":[{"taxonomy":"product_brand","embeddable":true,"href":"https:\/\/cosmeticstoredz.com\/ar\/wp-json\/wp\/v2\/product_brand?post=15127"},{"taxonomy":"product_cat","embeddable":true,"href":"https:\/\/cosmeticstoredz.com\/ar\/wp-json\/wp\/v2\/product_cat?post=15127"},{"taxonomy":"product_tag","embeddable":true,"href":"https:\/\/cosmeticstoredz.com\/ar\/wp-json\/wp\/v2\/product_tag?post=15127"}],"curies":[{"name":"wp","href":"https:\/\/api.w.org\/{rel}","templated":true}]}}