{"id":15122,"date":"2025-12-09T17:49:59","date_gmt":"2025-12-09T17:49:59","guid":{"rendered":"https:\/\/test.fitnessworldgym27.com\/?post_type=product&#038;p=15122"},"modified":"2026-04-18T19:19:16","modified_gmt":"2026-04-18T19:19:16","slug":"arvea-savon-noir-enrichi-a-huile-dolive-185g","status":"publish","type":"product","link":"https:\/\/cosmeticstoredz.com\/ar\/product\/arvea-savon-noir-enrichi-a-huile-dolive-185g\/","title":{"rendered":"ARVEA SAVON NOIR ENRICHI A &lsquo;HUILE D&rsquo;OLIVE 185G"},"content":{"rendered":"<div class=\"last-paragraph-no-margin text-left\">\n<p>Le savon noir ARVEA nettoie la peau en profondeur, il est utilis\u00e9 pour ses vertus hydratantes et exfoliantes malgr\u00e9 l\u2019absence des grains. Il pr\u00e9pare\u00a0la peau \u00e0 l&rsquo;exfoliation des cellules mortes et des toxines. Il purifie et pr\u00e9serve notre \u00e9piderme pour une peau plus douce et plus nette.<\/p>\n<p>&nbsp;<\/p>\n<\/div>\n<div>\n<div class=\"margin-25px-top\"><\/div>\n<\/div>\n<div class=\"row d-flex alt-font align-items-center\">\n<div class=\"flex-grow-1 text-left\"><\/div>\n<\/div>","protected":false},"excerpt":{"rendered":"<p>Le savon noir ARVEA nettoie la peau en profondeur, il est utilis\u00e9 pour ses vertus hydratantes et exfoliantes malgr\u00e9 l\u2019absence<\/p>","protected":false},"featured_media":23364,"comment_status":"closed","ping_status":"closed","template":"","meta":[],"product_brand":[],"product_cat":[390,75,72,102,81,73],"product_tag":[],"class_list":{"0":"post-15122","1":"product","2":"type-product","3":"status-publish","4":"has-post-thumbnail","6":"product_cat-arvea","7":"product_cat-femme","8":"product_cat-homme","9":"product_cat-savon","10":"product_cat-soin-corps-f","11":"product_cat-soin-corps-h","13":"first","14":"instock","15":"shipping-taxable","16":"purchasable","17":"product-type-simple"},"yoast_head":"<!-- This site is optimized with the Yoast SEO plugin v27.3 - https:\/\/yoast.com\/product\/yoast-seo-wordpress\/ -->\n<title>ARVEA SAVON NOIR ENRICHI A &#039;HUILE D&#039;OLIVE 185G - Cosmetic Store<\/title>\n<meta name=\"robots\" content=\"index, follow, max-snippet:-1, max-image-preview:large, max-video-preview:-1\" \/>\n<link rel=\"canonical\" href=\"https:\/\/cosmeticstoredz.com\/ar\/product\/arvea-savon-noir-enrichi-a-huile-dolive-185g\/\" \/>\n<meta property=\"og:locale\" content=\"ar_AR\" \/>\n<meta property=\"og:type\" content=\"article\" \/>\n<meta property=\"og:title\" content=\"ARVEA SAVON NOIR ENRICHI A &#039;HUILE D&#039;OLIVE 185G - Cosmetic Store\" \/>\n<meta property=\"og:description\" content=\"Le savon noir ARVEA nettoie la peau en profondeur, il est utilis\u00e9 pour ses vertus hydratantes et exfoliantes malgr\u00e9 l\u2019absence\" \/>\n<meta property=\"og:url\" content=\"https:\/\/cosmeticstoredz.com\/ar\/product\/arvea-savon-noir-enrichi-a-huile-dolive-185g\/\" \/>\n<meta property=\"og:site_name\" content=\"Cosmetic Store\" \/>\n<meta property=\"article:publisher\" content=\"https:\/\/www.facebook.com\/profile.php?id=61564954260683\" \/>\n<meta property=\"article:modified_time\" content=\"2026-04-18T19:19:16+00:00\" \/>\n<meta property=\"og:image\" content=\"https:\/\/cosmeticstoredz.com\/wp-content\/uploads\/2026\/02\/CC-47-10.png\" \/>\n\t<meta property=\"og:image:width\" content=\"1563\" \/>\n\t<meta property=\"og:image:height\" content=\"1563\" \/>\n\t<meta property=\"og:image:type\" content=\"image\/png\" \/>\n<meta name=\"twitter:card\" content=\"summary_large_image\" \/>\n<script type=\"application\/ld+json\" class=\"yoast-schema-graph\">{\"@context\":\"https:\\\/\\\/schema.org\",\"@graph\":[{\"@type\":\"WebPage\",\"@id\":\"https:\\\/\\\/cosmeticstoredz.com\\\/produit\\\/arvea-savon-noir-enrichi-a-huile-dolive-185g\\\/\",\"url\":\"https:\\\/\\\/cosmeticstoredz.com\\\/produit\\\/arvea-savon-noir-enrichi-a-huile-dolive-185g\\\/\",\"name\":\"ARVEA SAVON NOIR ENRICHI A 'HUILE D'OLIVE 185G - Cosmetic Store\",\"isPartOf\":{\"@id\":\"https:\\\/\\\/cosmeticstoredz.com\\\/#website\"},\"primaryImageOfPage\":{\"@id\":\"https:\\\/\\\/cosmeticstoredz.com\\\/produit\\\/arvea-savon-noir-enrichi-a-huile-dolive-185g\\\/#primaryimage\"},\"image\":{\"@id\":\"https:\\\/\\\/cosmeticstoredz.com\\\/produit\\\/arvea-savon-noir-enrichi-a-huile-dolive-185g\\\/#primaryimage\"},\"thumbnailUrl\":\"https:\\\/\\\/cosmeticstoredz.com\\\/wp-content\\\/uploads\\\/2026\\\/02\\\/CC-47-10.png\",\"datePublished\":\"2025-12-09T17:49:59+00:00\",\"dateModified\":\"2026-04-18T19:19:16+00:00\",\"breadcrumb\":{\"@id\":\"https:\\\/\\\/cosmeticstoredz.com\\\/produit\\\/arvea-savon-noir-enrichi-a-huile-dolive-185g\\\/#breadcrumb\"},\"inLanguage\":\"ar\",\"potentialAction\":[{\"@type\":\"ReadAction\",\"target\":[\"https:\\\/\\\/cosmeticstoredz.com\\\/produit\\\/arvea-savon-noir-enrichi-a-huile-dolive-185g\\\/\"]}]},{\"@type\":\"ImageObject\",\"inLanguage\":\"ar\",\"@id\":\"https:\\\/\\\/cosmeticstoredz.com\\\/produit\\\/arvea-savon-noir-enrichi-a-huile-dolive-185g\\\/#primaryimage\",\"url\":\"https:\\\/\\\/cosmeticstoredz.com\\\/wp-content\\\/uploads\\\/2026\\\/02\\\/CC-47-10.png\",\"contentUrl\":\"https:\\\/\\\/cosmeticstoredz.com\\\/wp-content\\\/uploads\\\/2026\\\/02\\\/CC-47-10.png\",\"width\":1563,\"height\":1563},{\"@type\":\"BreadcrumbList\",\"@id\":\"https:\\\/\\\/cosmeticstoredz.com\\\/produit\\\/arvea-savon-noir-enrichi-a-huile-dolive-185g\\\/#breadcrumb\",\"itemListElement\":[{\"@type\":\"ListItem\",\"position\":1,\"name\":\"Accueil\",\"item\":\"https:\\\/\\\/cosmeticstoredz.com\\\/\"},{\"@type\":\"ListItem\",\"position\":2,\"name\":\"Boutique\",\"item\":\"https:\\\/\\\/cosmeticstoredz.com\\\/boutique\\\/\"},{\"@type\":\"ListItem\",\"position\":3,\"name\":\"ARVEA SAVON NOIR ENRICHI A &lsquo;HUILE D&rsquo;OLIVE 185G\"}]},{\"@type\":\"WebSite\",\"@id\":\"https:\\\/\\\/cosmeticstoredz.com\\\/#website\",\"url\":\"https:\\\/\\\/cosmeticstoredz.com\\\/\",\"name\":\"Cosmetic Store\",\"description\":\"\",\"publisher\":{\"@id\":\"https:\\\/\\\/cosmeticstoredz.com\\\/#organization\"},\"potentialAction\":[{\"@type\":\"SearchAction\",\"target\":{\"@type\":\"EntryPoint\",\"urlTemplate\":\"https:\\\/\\\/cosmeticstoredz.com\\\/?s={search_term_string}\"},\"query-input\":{\"@type\":\"PropertyValueSpecification\",\"valueRequired\":true,\"valueName\":\"search_term_string\"}}],\"inLanguage\":\"ar\"},{\"@type\":\"Organization\",\"@id\":\"https:\\\/\\\/cosmeticstoredz.com\\\/#organization\",\"name\":\"Cosmetic Store\",\"url\":\"https:\\\/\\\/cosmeticstoredz.com\\\/\",\"logo\":{\"@type\":\"ImageObject\",\"inLanguage\":\"ar\",\"@id\":\"https:\\\/\\\/cosmeticstoredz.com\\\/#\\\/schema\\\/logo\\\/image\\\/\",\"url\":\"https:\\\/\\\/cosmeticstoredz.com\\\/wp-content\\\/uploads\\\/2026\\\/02\\\/cropped-LOGO_CS-512x512-1-1-e1771275285345.webp\",\"contentUrl\":\"https:\\\/\\\/cosmeticstoredz.com\\\/wp-content\\\/uploads\\\/2026\\\/02\\\/cropped-LOGO_CS-512x512-1-1-e1771275285345.webp\",\"width\":265,\"height\":319,\"caption\":\"Cosmetic Store\"},\"image\":{\"@id\":\"https:\\\/\\\/cosmeticstoredz.com\\\/#\\\/schema\\\/logo\\\/image\\\/\"},\"sameAs\":[\"https:\\\/\\\/www.facebook.com\\\/profile.php?id=61564954260683\",\"https:\\\/\\\/www.instagram.com\\\/cosmetic.storedz\\\/\"]}]}<\/script>\n<!-- \/ Yoast SEO plugin. -->","yoast_head_json":{"title":"ARVEA SAVON NOIR ENRICHI A 'HUILE D'OLIVE 185G - Cosmetic Store","robots":{"index":"index","follow":"follow","max-snippet":"max-snippet:-1","max-image-preview":"max-image-preview:large","max-video-preview":"max-video-preview:-1"},"canonical":"https:\/\/cosmeticstoredz.com\/ar\/product\/arvea-savon-noir-enrichi-a-huile-dolive-185g\/","og_locale":"ar_AR","og_type":"article","og_title":"ARVEA SAVON NOIR ENRICHI A 'HUILE D'OLIVE 185G - Cosmetic Store","og_description":"Le savon noir ARVEA nettoie la peau en profondeur, il est utilis\u00e9 pour ses vertus hydratantes et exfoliantes malgr\u00e9 l\u2019absence","og_url":"https:\/\/cosmeticstoredz.com\/ar\/product\/arvea-savon-noir-enrichi-a-huile-dolive-185g\/","og_site_name":"Cosmetic Store","article_publisher":"https:\/\/www.facebook.com\/profile.php?id=61564954260683","article_modified_time":"2026-04-18T19:19:16+00:00","og_image":[{"width":1563,"height":1563,"url":"https:\/\/cosmeticstoredz.com\/wp-content\/uploads\/2026\/02\/CC-47-10.png","type":"image\/png"}],"twitter_card":"summary_large_image","schema":{"@context":"https:\/\/schema.org","@graph":[{"@type":"WebPage","@id":"https:\/\/cosmeticstoredz.com\/produit\/arvea-savon-noir-enrichi-a-huile-dolive-185g\/","url":"https:\/\/cosmeticstoredz.com\/produit\/arvea-savon-noir-enrichi-a-huile-dolive-185g\/","name":"ARVEA SAVON NOIR ENRICHI A 'HUILE D'OLIVE 185G - Cosmetic Store","isPartOf":{"@id":"https:\/\/cosmeticstoredz.com\/#website"},"primaryImageOfPage":{"@id":"https:\/\/cosmeticstoredz.com\/produit\/arvea-savon-noir-enrichi-a-huile-dolive-185g\/#primaryimage"},"image":{"@id":"https:\/\/cosmeticstoredz.com\/produit\/arvea-savon-noir-enrichi-a-huile-dolive-185g\/#primaryimage"},"thumbnailUrl":"https:\/\/cosmeticstoredz.com\/wp-content\/uploads\/2026\/02\/CC-47-10.png","datePublished":"2025-12-09T17:49:59+00:00","dateModified":"2026-04-18T19:19:16+00:00","breadcrumb":{"@id":"https:\/\/cosmeticstoredz.com\/produit\/arvea-savon-noir-enrichi-a-huile-dolive-185g\/#breadcrumb"},"inLanguage":"ar","potentialAction":[{"@type":"ReadAction","target":["https:\/\/cosmeticstoredz.com\/produit\/arvea-savon-noir-enrichi-a-huile-dolive-185g\/"]}]},{"@type":"ImageObject","inLanguage":"ar","@id":"https:\/\/cosmeticstoredz.com\/produit\/arvea-savon-noir-enrichi-a-huile-dolive-185g\/#primaryimage","url":"https:\/\/cosmeticstoredz.com\/wp-content\/uploads\/2026\/02\/CC-47-10.png","contentUrl":"https:\/\/cosmeticstoredz.com\/wp-content\/uploads\/2026\/02\/CC-47-10.png","width":1563,"height":1563},{"@type":"BreadcrumbList","@id":"https:\/\/cosmeticstoredz.com\/produit\/arvea-savon-noir-enrichi-a-huile-dolive-185g\/#breadcrumb","itemListElement":[{"@type":"ListItem","position":1,"name":"Accueil","item":"https:\/\/cosmeticstoredz.com\/"},{"@type":"ListItem","position":2,"name":"Boutique","item":"https:\/\/cosmeticstoredz.com\/boutique\/"},{"@type":"ListItem","position":3,"name":"ARVEA SAVON NOIR ENRICHI A &lsquo;HUILE D&rsquo;OLIVE 185G"}]},{"@type":"WebSite","@id":"https:\/\/cosmeticstoredz.com\/#website","url":"https:\/\/cosmeticstoredz.com\/","name":"Cosmetic Store","description":"","publisher":{"@id":"https:\/\/cosmeticstoredz.com\/#organization"},"potentialAction":[{"@type":"SearchAction","target":{"@type":"EntryPoint","urlTemplate":"https:\/\/cosmeticstoredz.com\/?s={search_term_string}"},"query-input":{"@type":"PropertyValueSpecification","valueRequired":true,"valueName":"search_term_string"}}],"inLanguage":"ar"},{"@type":"Organization","@id":"https:\/\/cosmeticstoredz.com\/#organization","name":"Cosmetic Store","url":"https:\/\/cosmeticstoredz.com\/","logo":{"@type":"ImageObject","inLanguage":"ar","@id":"https:\/\/cosmeticstoredz.com\/#\/schema\/logo\/image\/","url":"https:\/\/cosmeticstoredz.com\/wp-content\/uploads\/2026\/02\/cropped-LOGO_CS-512x512-1-1-e1771275285345.webp","contentUrl":"https:\/\/cosmeticstoredz.com\/wp-content\/uploads\/2026\/02\/cropped-LOGO_CS-512x512-1-1-e1771275285345.webp","width":265,"height":319,"caption":"Cosmetic Store"},"image":{"@id":"https:\/\/cosmeticstoredz.com\/#\/schema\/logo\/image\/"},"sameAs":["https:\/\/www.facebook.com\/profile.php?id=61564954260683","https:\/\/www.instagram.com\/cosmetic.storedz\/"]}]}},"_links":{"self":[{"href":"https:\/\/cosmeticstoredz.com\/ar\/wp-json\/wp\/v2\/product\/15122","targetHints":{"allow":["GET"]}}],"collection":[{"href":"https:\/\/cosmeticstoredz.com\/ar\/wp-json\/wp\/v2\/product"}],"about":[{"href":"https:\/\/cosmeticstoredz.com\/ar\/wp-json\/wp\/v2\/types\/product"}],"replies":[{"embeddable":true,"href":"https:\/\/cosmeticstoredz.com\/ar\/wp-json\/wp\/v2\/comments?post=15122"}],"version-history":[{"count":1,"href":"https:\/\/cosmeticstoredz.com\/ar\/wp-json\/wp\/v2\/product\/15122\/revisions"}],"predecessor-version":[{"id":23365,"href":"https:\/\/cosmeticstoredz.com\/ar\/wp-json\/wp\/v2\/product\/15122\/revisions\/23365"}],"wp:featuredmedia":[{"embeddable":true,"href":"https:\/\/cosmeticstoredz.com\/ar\/wp-json\/wp\/v2\/media\/23364"}],"wp:attachment":[{"href":"https:\/\/cosmeticstoredz.com\/ar\/wp-json\/wp\/v2\/media?parent=15122"}],"wp:term":[{"taxonomy":"product_brand","embeddable":true,"href":"https:\/\/cosmeticstoredz.com\/ar\/wp-json\/wp\/v2\/product_brand?post=15122"},{"taxonomy":"product_cat","embeddable":true,"href":"https:\/\/cosmeticstoredz.com\/ar\/wp-json\/wp\/v2\/product_cat?post=15122"},{"taxonomy":"product_tag","embeddable":true,"href":"https:\/\/cosmeticstoredz.com\/ar\/wp-json\/wp\/v2\/product_tag?post=15122"}],"curies":[{"name":"wp","href":"https:\/\/api.w.org\/{rel}","templated":true}]}}