{"id":15118,"date":"2025-12-09T17:49:58","date_gmt":"2025-12-09T17:49:58","guid":{"rendered":"https:\/\/test.fitnessworldgym27.com\/?post_type=product&#038;p=15118"},"modified":"2026-04-18T19:19:16","modified_gmt":"2026-04-18T19:19:16","slug":"arvea-savon-douceur-tout-types-de-peaux-90g","status":"publish","type":"product","link":"https:\/\/cosmeticstoredz.com\/ar\/product\/arvea-savon-douceur-tout-types-de-peaux-90g\/","title":{"rendered":"ARVEA SAVON DOUCEUR TOUT TYPES DE PEAUX 90G"},"content":{"rendered":"<div class=\"Y3BBE\" data-sfc-cp=\"\" data-hveid=\"CAIQAA\" data-processed=\"true\" data-complete=\"true\">Le\u00a0<strong class=\"Yjhzub\" data-complete=\"true\" data-processed=\"true\">Savon Douceur ARVEA (90g)<\/strong>\u00a0<mark class=\"HxTRcb\" data-complete=\"true\" data-sae=\"\">est con\u00e7u pour\u00a0<strong class=\"Yjhzub\" data-complete=\"true\">tous les types de peaux<\/strong>, offrant hydratation et nettoyage doux gr\u00e2ce \u00e0 des ingr\u00e9dients naturels<\/mark>.<span class=\"uJ19be notranslate\" data-wiz-uids=\"Pn4aZd_f,Pn4aZd_g,Pn4aZd_h\" data-complete=\"true\" data-processed=\"true\"><span class=\"vKEkVd\" data-animation-atomic=\"\" data-sae=\"\">\u00a0<button class=\"rBl3me\" data-amic=\"true\" data-icl-uuid=\"709249b7-22ac-4289-b6ce-8127dfc440cd\" aria-label=\"Afficher les liens associ\u00e9s\" data-wiz-attrbind=\"disabled=Pn4aZd_f\/C5gNJc;class=Pn4aZd_f\/UpSNec;\" data-ved=\"2ahUKEwiylKO-q7WRAxV8zgIHHWDZOZQQye0OegQIAhAC\"><\/button><\/span><\/span><\/div>\n<div class=\"Fsg96\" data-sfc-cp=\"\" data-complete=\"true\" data-processed=\"true\"><\/div>\n<div class=\"otQkpb\" role=\"heading\" data-animation-nesting=\"\" data-sfc-cp=\"\" data-processed=\"true\" data-sae=\"\" data-complete=\"true\">Caract\u00e9ristiques et Avantages<button class=\"rBl3me\" data-amic=\"true\" data-icl-uuid=\"e1dd5c10-5fb4-4593-b03e-3b66eb7477a8\" aria-label=\"Afficher les liens associ\u00e9s\" data-wiz-attrbind=\"disabled=Pn4aZd_m\/C5gNJc;class=Pn4aZd_m\/UpSNec;\" data-ved=\"2ahUKEwiylKO-q7WRAxV8zgIHHWDZOZQQye0OegQIAxAA\"><\/button><\/div>\n<ul class=\"KsbFXc U6u95\" data-complete=\"true\" data-processed=\"true\">\n<li data-hveid=\"CAQQAA\" data-complete=\"true\" data-sae=\"\"><span class=\"T286Pc\" data-sfc-cp=\"\" data-complete=\"true\"><strong class=\"Yjhzub\" data-complete=\"true\">Hydratation et Nettoyage<\/strong>\u00a0: Ce savon est enrichi en\u00a0<strong class=\"Yjhzub\" data-complete=\"true\">huile de gingembre<\/strong>, en\u00a0<strong class=\"Yjhzub\" data-complete=\"true\">huile de nectar de rose<\/strong>\u00a0et en\u00a0<strong class=\"Yjhzub\" data-complete=\"true\">huile de p\u00e9pins de grenade<\/strong>\u00a0pour assurer une meilleure hydratation de la peau.<\/span><\/li>\n<li data-hveid=\"CAQQAQ\" data-complete=\"true\" data-sae=\"\"><span class=\"T286Pc\" data-sfc-cp=\"\" data-complete=\"true\"><strong class=\"Yjhzub\" data-complete=\"true\">Exfoliation Douce<\/strong>\u00a0: Il contient du\u00a0<strong class=\"Yjhzub\" data-complete=\"true\">son de bl\u00e9<\/strong>, qui aide \u00e0 \u00e9liminer les cellules mortes de la peau, procurant une action lavante efficace et douce.<\/span><\/li>\n<li data-hveid=\"CAQQAg\" data-complete=\"true\" data-sae=\"\"><span class=\"T286Pc\" data-sfc-cp=\"\" data-complete=\"true\"><strong class=\"Yjhzub\" data-complete=\"true\">Polyvalence<\/strong>\u00a0: Il convient \u00e0 la fois pour le\u00a0<strong class=\"Yjhzub\" data-complete=\"true\">visage et le corps<\/strong>.<\/span><\/li>\n<li data-hveid=\"CAQQAw\" data-complete=\"true\" data-sae=\"\"><span class=\"T286Pc\" data-sfc-cp=\"\" data-complete=\"true\"><strong class=\"Yjhzub\" data-complete=\"true\">Parfum D\u00e9licat<\/strong>\u00a0: Le savon poss\u00e8de un sillage d\u00e9licat qui enveloppe la peau.<\/span><span class=\"uJ19be notranslate\" data-wiz-uids=\"Pn4aZd_17,Pn4aZd_18,Pn4aZd_19\" data-complete=\"true\"><span class=\"vKEkVd\" data-animation-atomic=\"\" data-sae=\"\">\u00a0<button class=\"rBl3me\" data-amic=\"true\" data-icl-uuid=\"432de7d5-d02d-4296-aeea-19273c00c5c0\" aria-label=\"Afficher les liens associ\u00e9s\" data-wiz-attrbind=\"disabled=Pn4aZd_17\/C5gNJc;class=Pn4aZd_17\/UpSNec;\" data-ved=\"2ahUKEwiylKO-q7WRAxV8zgIHHWDZOZQQye0OegQIBBAE\"><\/button><\/span><\/span><\/li>\n<\/ul>\n<div class=\"Fsg96\" data-sfc-cp=\"\" data-processed=\"true\" data-complete=\"true\"><\/div>\n<div data-subtree=\"aimba\" data-complete=\"true\" data-processed=\"true\"><\/div>\n<div class=\"Fsg96\" data-sfc-cp=\"\" data-complete=\"true\" data-processed=\"true\"><\/div>\n<div class=\"otQkpb\" role=\"heading\" data-animation-nesting=\"\" data-sfc-cp=\"\" data-complete=\"true\" data-processed=\"true\" data-sae=\"\">O\u00f9 Acheter<\/div>","protected":false},"excerpt":{"rendered":"<p>Le\u00a0Savon Douceur ARVEA (90g)\u00a0est con\u00e7u pour\u00a0tous les types de peaux, offrant hydratation et nettoyage doux gr\u00e2ce \u00e0 des ingr\u00e9dients naturels.\u00a0<\/p>","protected":false},"featured_media":23354,"comment_status":"closed","ping_status":"closed","template":"","meta":[],"product_brand":[],"product_cat":[390,75,72,102],"product_tag":[],"class_list":{"0":"post-15118","1":"product","2":"type-product","3":"status-publish","4":"has-post-thumbnail","6":"product_cat-arvea","7":"product_cat-femme","8":"product_cat-homme","9":"product_cat-savon","11":"first","12":"instock","13":"shipping-taxable","14":"purchasable","15":"product-type-simple"},"yoast_head":"<!-- This site is optimized with the Yoast SEO plugin v27.3 - https:\/\/yoast.com\/product\/yoast-seo-wordpress\/ -->\n<title>ARVEA SAVON DOUCEUR TOUT TYPES DE PEAUX 90G - Cosmetic Store<\/title>\n<meta name=\"robots\" content=\"index, follow, max-snippet:-1, max-image-preview:large, max-video-preview:-1\" \/>\n<link rel=\"canonical\" href=\"https:\/\/cosmeticstoredz.com\/ar\/product\/arvea-savon-douceur-tout-types-de-peaux-90g\/\" \/>\n<meta property=\"og:locale\" content=\"ar_AR\" \/>\n<meta property=\"og:type\" content=\"article\" \/>\n<meta property=\"og:title\" content=\"ARVEA SAVON DOUCEUR TOUT TYPES DE PEAUX 90G - Cosmetic Store\" \/>\n<meta property=\"og:description\" content=\"Le\u00a0Savon Douceur ARVEA (90g)\u00a0est con\u00e7u pour\u00a0tous les types de peaux, offrant hydratation et nettoyage doux gr\u00e2ce \u00e0 des ingr\u00e9dients naturels.\u00a0\" \/>\n<meta property=\"og:url\" content=\"https:\/\/cosmeticstoredz.com\/ar\/product\/arvea-savon-douceur-tout-types-de-peaux-90g\/\" \/>\n<meta property=\"og:site_name\" content=\"Cosmetic Store\" \/>\n<meta property=\"article:publisher\" content=\"https:\/\/www.facebook.com\/profile.php?id=61564954260683\" \/>\n<meta property=\"article:modified_time\" content=\"2026-04-18T19:19:16+00:00\" \/>\n<meta property=\"og:image\" content=\"https:\/\/cosmeticstoredz.com\/wp-content\/uploads\/2026\/02\/ARVEA-42.png\" \/>\n\t<meta property=\"og:image:width\" content=\"1563\" \/>\n\t<meta property=\"og:image:height\" content=\"1563\" \/>\n\t<meta property=\"og:image:type\" content=\"image\/png\" \/>\n<meta name=\"twitter:card\" content=\"summary_large_image\" \/>\n<meta name=\"twitter:label1\" content=\"\u0648\u0642\u062a \u0627\u0644\u0642\u0631\u0627\u0621\u0629 \u0627\u0644\u0645\u064f\u0642\u062f\u0651\u0631\" \/>\n\t<meta name=\"twitter:data1\" content=\"\u062f\u0642\u064a\u0642\u0629 \u0648\u0627\u062d\u062f\u0629\" \/>\n<script type=\"application\/ld+json\" class=\"yoast-schema-graph\">{\"@context\":\"https:\\\/\\\/schema.org\",\"@graph\":[{\"@type\":\"WebPage\",\"@id\":\"https:\\\/\\\/cosmeticstoredz.com\\\/produit\\\/arvea-savon-douceur-tout-types-de-peaux-90g\\\/\",\"url\":\"https:\\\/\\\/cosmeticstoredz.com\\\/produit\\\/arvea-savon-douceur-tout-types-de-peaux-90g\\\/\",\"name\":\"ARVEA SAVON DOUCEUR TOUT TYPES DE PEAUX 90G - Cosmetic Store\",\"isPartOf\":{\"@id\":\"https:\\\/\\\/cosmeticstoredz.com\\\/#website\"},\"primaryImageOfPage\":{\"@id\":\"https:\\\/\\\/cosmeticstoredz.com\\\/produit\\\/arvea-savon-douceur-tout-types-de-peaux-90g\\\/#primaryimage\"},\"image\":{\"@id\":\"https:\\\/\\\/cosmeticstoredz.com\\\/produit\\\/arvea-savon-douceur-tout-types-de-peaux-90g\\\/#primaryimage\"},\"thumbnailUrl\":\"https:\\\/\\\/cosmeticstoredz.com\\\/wp-content\\\/uploads\\\/2026\\\/02\\\/ARVEA-42.png\",\"datePublished\":\"2025-12-09T17:49:58+00:00\",\"dateModified\":\"2026-04-18T19:19:16+00:00\",\"breadcrumb\":{\"@id\":\"https:\\\/\\\/cosmeticstoredz.com\\\/produit\\\/arvea-savon-douceur-tout-types-de-peaux-90g\\\/#breadcrumb\"},\"inLanguage\":\"ar\",\"potentialAction\":[{\"@type\":\"ReadAction\",\"target\":[\"https:\\\/\\\/cosmeticstoredz.com\\\/produit\\\/arvea-savon-douceur-tout-types-de-peaux-90g\\\/\"]}]},{\"@type\":\"ImageObject\",\"inLanguage\":\"ar\",\"@id\":\"https:\\\/\\\/cosmeticstoredz.com\\\/produit\\\/arvea-savon-douceur-tout-types-de-peaux-90g\\\/#primaryimage\",\"url\":\"https:\\\/\\\/cosmeticstoredz.com\\\/wp-content\\\/uploads\\\/2026\\\/02\\\/ARVEA-42.png\",\"contentUrl\":\"https:\\\/\\\/cosmeticstoredz.com\\\/wp-content\\\/uploads\\\/2026\\\/02\\\/ARVEA-42.png\",\"width\":1563,\"height\":1563},{\"@type\":\"BreadcrumbList\",\"@id\":\"https:\\\/\\\/cosmeticstoredz.com\\\/produit\\\/arvea-savon-douceur-tout-types-de-peaux-90g\\\/#breadcrumb\",\"itemListElement\":[{\"@type\":\"ListItem\",\"position\":1,\"name\":\"Accueil\",\"item\":\"https:\\\/\\\/cosmeticstoredz.com\\\/\"},{\"@type\":\"ListItem\",\"position\":2,\"name\":\"Boutique\",\"item\":\"https:\\\/\\\/cosmeticstoredz.com\\\/boutique\\\/\"},{\"@type\":\"ListItem\",\"position\":3,\"name\":\"ARVEA SAVON DOUCEUR TOUT TYPES DE PEAUX 90G\"}]},{\"@type\":\"WebSite\",\"@id\":\"https:\\\/\\\/cosmeticstoredz.com\\\/#website\",\"url\":\"https:\\\/\\\/cosmeticstoredz.com\\\/\",\"name\":\"Cosmetic Store\",\"description\":\"\",\"publisher\":{\"@id\":\"https:\\\/\\\/cosmeticstoredz.com\\\/#organization\"},\"potentialAction\":[{\"@type\":\"SearchAction\",\"target\":{\"@type\":\"EntryPoint\",\"urlTemplate\":\"https:\\\/\\\/cosmeticstoredz.com\\\/?s={search_term_string}\"},\"query-input\":{\"@type\":\"PropertyValueSpecification\",\"valueRequired\":true,\"valueName\":\"search_term_string\"}}],\"inLanguage\":\"ar\"},{\"@type\":\"Organization\",\"@id\":\"https:\\\/\\\/cosmeticstoredz.com\\\/#organization\",\"name\":\"Cosmetic Store\",\"url\":\"https:\\\/\\\/cosmeticstoredz.com\\\/\",\"logo\":{\"@type\":\"ImageObject\",\"inLanguage\":\"ar\",\"@id\":\"https:\\\/\\\/cosmeticstoredz.com\\\/#\\\/schema\\\/logo\\\/image\\\/\",\"url\":\"https:\\\/\\\/cosmeticstoredz.com\\\/wp-content\\\/uploads\\\/2026\\\/02\\\/cropped-LOGO_CS-512x512-1-1-e1771275285345.webp\",\"contentUrl\":\"https:\\\/\\\/cosmeticstoredz.com\\\/wp-content\\\/uploads\\\/2026\\\/02\\\/cropped-LOGO_CS-512x512-1-1-e1771275285345.webp\",\"width\":265,\"height\":319,\"caption\":\"Cosmetic Store\"},\"image\":{\"@id\":\"https:\\\/\\\/cosmeticstoredz.com\\\/#\\\/schema\\\/logo\\\/image\\\/\"},\"sameAs\":[\"https:\\\/\\\/www.facebook.com\\\/profile.php?id=61564954260683\",\"https:\\\/\\\/www.instagram.com\\\/cosmetic.storedz\\\/\"]}]}<\/script>\n<!-- \/ Yoast SEO plugin. -->","yoast_head_json":{"title":"ARVEA SAVON DOUCEUR TOUT TYPES DE PEAUX 90G - Cosmetic Store","robots":{"index":"index","follow":"follow","max-snippet":"max-snippet:-1","max-image-preview":"max-image-preview:large","max-video-preview":"max-video-preview:-1"},"canonical":"https:\/\/cosmeticstoredz.com\/ar\/product\/arvea-savon-douceur-tout-types-de-peaux-90g\/","og_locale":"ar_AR","og_type":"article","og_title":"ARVEA SAVON DOUCEUR TOUT TYPES DE PEAUX 90G - Cosmetic Store","og_description":"Le\u00a0Savon Douceur ARVEA (90g)\u00a0est con\u00e7u pour\u00a0tous les types de peaux, offrant hydratation et nettoyage doux gr\u00e2ce \u00e0 des ingr\u00e9dients naturels.\u00a0","og_url":"https:\/\/cosmeticstoredz.com\/ar\/product\/arvea-savon-douceur-tout-types-de-peaux-90g\/","og_site_name":"Cosmetic Store","article_publisher":"https:\/\/www.facebook.com\/profile.php?id=61564954260683","article_modified_time":"2026-04-18T19:19:16+00:00","og_image":[{"width":1563,"height":1563,"url":"https:\/\/cosmeticstoredz.com\/wp-content\/uploads\/2026\/02\/ARVEA-42.png","type":"image\/png"}],"twitter_card":"summary_large_image","twitter_misc":{"\u0648\u0642\u062a \u0627\u0644\u0642\u0631\u0627\u0621\u0629 \u0627\u0644\u0645\u064f\u0642\u062f\u0651\u0631":"\u062f\u0642\u064a\u0642\u0629 \u0648\u0627\u062d\u062f\u0629"},"schema":{"@context":"https:\/\/schema.org","@graph":[{"@type":"WebPage","@id":"https:\/\/cosmeticstoredz.com\/produit\/arvea-savon-douceur-tout-types-de-peaux-90g\/","url":"https:\/\/cosmeticstoredz.com\/produit\/arvea-savon-douceur-tout-types-de-peaux-90g\/","name":"ARVEA SAVON DOUCEUR TOUT TYPES DE PEAUX 90G - Cosmetic Store","isPartOf":{"@id":"https:\/\/cosmeticstoredz.com\/#website"},"primaryImageOfPage":{"@id":"https:\/\/cosmeticstoredz.com\/produit\/arvea-savon-douceur-tout-types-de-peaux-90g\/#primaryimage"},"image":{"@id":"https:\/\/cosmeticstoredz.com\/produit\/arvea-savon-douceur-tout-types-de-peaux-90g\/#primaryimage"},"thumbnailUrl":"https:\/\/cosmeticstoredz.com\/wp-content\/uploads\/2026\/02\/ARVEA-42.png","datePublished":"2025-12-09T17:49:58+00:00","dateModified":"2026-04-18T19:19:16+00:00","breadcrumb":{"@id":"https:\/\/cosmeticstoredz.com\/produit\/arvea-savon-douceur-tout-types-de-peaux-90g\/#breadcrumb"},"inLanguage":"ar","potentialAction":[{"@type":"ReadAction","target":["https:\/\/cosmeticstoredz.com\/produit\/arvea-savon-douceur-tout-types-de-peaux-90g\/"]}]},{"@type":"ImageObject","inLanguage":"ar","@id":"https:\/\/cosmeticstoredz.com\/produit\/arvea-savon-douceur-tout-types-de-peaux-90g\/#primaryimage","url":"https:\/\/cosmeticstoredz.com\/wp-content\/uploads\/2026\/02\/ARVEA-42.png","contentUrl":"https:\/\/cosmeticstoredz.com\/wp-content\/uploads\/2026\/02\/ARVEA-42.png","width":1563,"height":1563},{"@type":"BreadcrumbList","@id":"https:\/\/cosmeticstoredz.com\/produit\/arvea-savon-douceur-tout-types-de-peaux-90g\/#breadcrumb","itemListElement":[{"@type":"ListItem","position":1,"name":"Accueil","item":"https:\/\/cosmeticstoredz.com\/"},{"@type":"ListItem","position":2,"name":"Boutique","item":"https:\/\/cosmeticstoredz.com\/boutique\/"},{"@type":"ListItem","position":3,"name":"ARVEA SAVON DOUCEUR TOUT TYPES DE PEAUX 90G"}]},{"@type":"WebSite","@id":"https:\/\/cosmeticstoredz.com\/#website","url":"https:\/\/cosmeticstoredz.com\/","name":"Cosmetic Store","description":"","publisher":{"@id":"https:\/\/cosmeticstoredz.com\/#organization"},"potentialAction":[{"@type":"SearchAction","target":{"@type":"EntryPoint","urlTemplate":"https:\/\/cosmeticstoredz.com\/?s={search_term_string}"},"query-input":{"@type":"PropertyValueSpecification","valueRequired":true,"valueName":"search_term_string"}}],"inLanguage":"ar"},{"@type":"Organization","@id":"https:\/\/cosmeticstoredz.com\/#organization","name":"Cosmetic Store","url":"https:\/\/cosmeticstoredz.com\/","logo":{"@type":"ImageObject","inLanguage":"ar","@id":"https:\/\/cosmeticstoredz.com\/#\/schema\/logo\/image\/","url":"https:\/\/cosmeticstoredz.com\/wp-content\/uploads\/2026\/02\/cropped-LOGO_CS-512x512-1-1-e1771275285345.webp","contentUrl":"https:\/\/cosmeticstoredz.com\/wp-content\/uploads\/2026\/02\/cropped-LOGO_CS-512x512-1-1-e1771275285345.webp","width":265,"height":319,"caption":"Cosmetic Store"},"image":{"@id":"https:\/\/cosmeticstoredz.com\/#\/schema\/logo\/image\/"},"sameAs":["https:\/\/www.facebook.com\/profile.php?id=61564954260683","https:\/\/www.instagram.com\/cosmetic.storedz\/"]}]}},"_links":{"self":[{"href":"https:\/\/cosmeticstoredz.com\/ar\/wp-json\/wp\/v2\/product\/15118","targetHints":{"allow":["GET"]}}],"collection":[{"href":"https:\/\/cosmeticstoredz.com\/ar\/wp-json\/wp\/v2\/product"}],"about":[{"href":"https:\/\/cosmeticstoredz.com\/ar\/wp-json\/wp\/v2\/types\/product"}],"replies":[{"embeddable":true,"href":"https:\/\/cosmeticstoredz.com\/ar\/wp-json\/wp\/v2\/comments?post=15118"}],"version-history":[{"count":1,"href":"https:\/\/cosmeticstoredz.com\/ar\/wp-json\/wp\/v2\/product\/15118\/revisions"}],"predecessor-version":[{"id":23355,"href":"https:\/\/cosmeticstoredz.com\/ar\/wp-json\/wp\/v2\/product\/15118\/revisions\/23355"}],"wp:featuredmedia":[{"embeddable":true,"href":"https:\/\/cosmeticstoredz.com\/ar\/wp-json\/wp\/v2\/media\/23354"}],"wp:attachment":[{"href":"https:\/\/cosmeticstoredz.com\/ar\/wp-json\/wp\/v2\/media?parent=15118"}],"wp:term":[{"taxonomy":"product_brand","embeddable":true,"href":"https:\/\/cosmeticstoredz.com\/ar\/wp-json\/wp\/v2\/product_brand?post=15118"},{"taxonomy":"product_cat","embeddable":true,"href":"https:\/\/cosmeticstoredz.com\/ar\/wp-json\/wp\/v2\/product_cat?post=15118"},{"taxonomy":"product_tag","embeddable":true,"href":"https:\/\/cosmeticstoredz.com\/ar\/wp-json\/wp\/v2\/product_tag?post=15118"}],"curies":[{"name":"wp","href":"https:\/\/api.w.org\/{rel}","templated":true}]}}