{"id":15116,"date":"2025-12-09T17:49:58","date_gmt":"2025-12-09T17:49:58","guid":{"rendered":"https:\/\/test.fitnessworldgym27.com\/?post_type=product&#038;p=15116"},"modified":"2026-03-30T19:24:46","modified_gmt":"2026-03-30T19:24:46","slug":"arvea-roll-on-stick-50ml-vanilla","status":"publish","type":"product","link":"https:\/\/cosmeticstoredz.com\/ar\/product\/arvea-roll-on-stick-50ml-vanilla\/","title":{"rendered":"ARVEA ROLL-ON STICK  50ML VANILLA"},"content":{"rendered":"<p data-start=\"77\" data-end=\"379\"><strong data-start=\"77\" data-end=\"120\">D\u00e9odorant Stick \/ Roll-On 50 ml<\/strong><br data-start=\"120\" data-end=\"123\" \/>Un d\u00e9odorant efficace qui prot\u00e8ge jusqu\u2019\u00e0 48 heures tout en respectant le processus naturel de la transpiration. Sa formule ne colle pas, ne tache pas et s\u00e8che rapidement, tout en neutralisant les mauvaises odeurs pour une sensation de fra\u00eecheur durable.<\/p>\n<p data-start=\"381\" data-end=\"476\">","protected":false},"excerpt":{"rendered":"<p>D\u00e9odorant Stick \/ Roll-On 50 mlUn d\u00e9odorant efficace qui prot\u00e8ge jusqu\u2019\u00e0 48 heures tout en respectant le processus naturel de<\/p>","protected":false},"featured_media":23350,"comment_status":"closed","ping_status":"closed","template":"","meta":[],"product_brand":[],"product_cat":[390,79,75,78,178],"product_tag":[],"class_list":{"0":"post-15116","1":"product","2":"type-product","3":"status-publish","4":"has-post-thumbnail","6":"product_cat-arvea","7":"product_cat-deodorant-f","8":"product_cat-femme","9":"product_cat-parfum-f","10":"product_cat-stick","12":"first","13":"instock","14":"shipping-taxable","15":"purchasable","16":"product-type-simple"},"_links":{"self":[{"href":"https:\/\/cosmeticstoredz.com\/ar\/wp-json\/wp\/v2\/product\/15116","targetHints":{"allow":["GET"]}}],"collection":[{"href":"https:\/\/cosmeticstoredz.com\/ar\/wp-json\/wp\/v2\/product"}],"about":[{"href":"https:\/\/cosmeticstoredz.com\/ar\/wp-json\/wp\/v2\/types\/product"}],"replies":[{"embeddable":true,"href":"https:\/\/cosmeticstoredz.com\/ar\/wp-json\/wp\/v2\/comments?post=15116"}],"version-history":[{"count":1,"href":"https:\/\/cosmeticstoredz.com\/ar\/wp-json\/wp\/v2\/product\/15116\/revisions"}],"predecessor-version":[{"id":23351,"href":"https:\/\/cosmeticstoredz.com\/ar\/wp-json\/wp\/v2\/product\/15116\/revisions\/23351"}],"wp:featuredmedia":[{"embeddable":true,"href":"https:\/\/cosmeticstoredz.com\/ar\/wp-json\/wp\/v2\/media\/23350"}],"wp:attachment":[{"href":"https:\/\/cosmeticstoredz.com\/ar\/wp-json\/wp\/v2\/media?parent=15116"}],"wp:term":[{"taxonomy":"product_brand","embeddable":true,"href":"https:\/\/cosmeticstoredz.com\/ar\/wp-json\/wp\/v2\/product_brand?post=15116"},{"taxonomy":"product_cat","embeddable":true,"href":"https:\/\/cosmeticstoredz.com\/ar\/wp-json\/wp\/v2\/product_cat?post=15116"},{"taxonomy":"product_tag","embeddable":true,"href":"https:\/\/cosmeticstoredz.com\/ar\/wp-json\/wp\/v2\/product_tag?post=15116"}],"curies":[{"name":"wp","href":"https:\/\/api.w.org\/{rel}","templated":true}]}}