{"id":15114,"date":"2025-12-09T17:49:58","date_gmt":"2025-12-09T17:49:58","guid":{"rendered":"https:\/\/test.fitnessworldgym27.com\/?post_type=product&#038;p=15114"},"modified":"2026-03-30T19:24:46","modified_gmt":"2026-03-30T19:24:46","slug":"arvea-roll-on-stick-50ml-miracle","status":"publish","type":"product","link":"https:\/\/cosmeticstoredz.com\/ar\/product\/arvea-roll-on-stick-50ml-miracle\/","title":{"rendered":"ARVEA ROLL-ON STICK  50ML MIRACLE"},"content":{"rendered":"<p>Ce Roll-On rechargeable offre une fra\u00eecheur intense et une protection jusqu\u2019\u00e0 48\u202fh. Sa formule \u00e0 base de pierre d\u2019Alun naturelle et d\u2019Aloe vera r\u00e9gule la transpiration tout en respectant la peau. Enrichi en actifs antibact\u00e9riens et anti-odeur, il laisse un fini doux et sans traces sur les v\u00eatements. Sans parab\u00e8nes, alcool ni chlorhydrate d\u2019aluminium, il convient aux peaux sensibles.<\/p>","protected":false},"excerpt":{"rendered":"<p>Ce Roll-On rechargeable offre une fra\u00eecheur intense et une protection jusqu\u2019\u00e0 48\u202fh. Sa formule \u00e0 base de pierre d\u2019Alun naturelle<\/p>","protected":false},"featured_media":23346,"comment_status":"closed","ping_status":"closed","template":"","meta":[],"product_brand":[],"product_cat":[390,75,78,73,178],"product_tag":[],"class_list":{"0":"post-15114","1":"product","2":"type-product","3":"status-publish","4":"has-post-thumbnail","6":"product_cat-arvea","7":"product_cat-femme","8":"product_cat-parfum-f","9":"product_cat-soin-corps-h","10":"product_cat-stick","12":"first","13":"instock","14":"shipping-taxable","15":"purchasable","16":"product-type-simple"},"_links":{"self":[{"href":"https:\/\/cosmeticstoredz.com\/ar\/wp-json\/wp\/v2\/product\/15114","targetHints":{"allow":["GET"]}}],"collection":[{"href":"https:\/\/cosmeticstoredz.com\/ar\/wp-json\/wp\/v2\/product"}],"about":[{"href":"https:\/\/cosmeticstoredz.com\/ar\/wp-json\/wp\/v2\/types\/product"}],"replies":[{"embeddable":true,"href":"https:\/\/cosmeticstoredz.com\/ar\/wp-json\/wp\/v2\/comments?post=15114"}],"version-history":[{"count":1,"href":"https:\/\/cosmeticstoredz.com\/ar\/wp-json\/wp\/v2\/product\/15114\/revisions"}],"predecessor-version":[{"id":23347,"href":"https:\/\/cosmeticstoredz.com\/ar\/wp-json\/wp\/v2\/product\/15114\/revisions\/23347"}],"wp:featuredmedia":[{"embeddable":true,"href":"https:\/\/cosmeticstoredz.com\/ar\/wp-json\/wp\/v2\/media\/23346"}],"wp:attachment":[{"href":"https:\/\/cosmeticstoredz.com\/ar\/wp-json\/wp\/v2\/media?parent=15114"}],"wp:term":[{"taxonomy":"product_brand","embeddable":true,"href":"https:\/\/cosmeticstoredz.com\/ar\/wp-json\/wp\/v2\/product_brand?post=15114"},{"taxonomy":"product_cat","embeddable":true,"href":"https:\/\/cosmeticstoredz.com\/ar\/wp-json\/wp\/v2\/product_cat?post=15114"},{"taxonomy":"product_tag","embeddable":true,"href":"https:\/\/cosmeticstoredz.com\/ar\/wp-json\/wp\/v2\/product_tag?post=15114"}],"curies":[{"name":"wp","href":"https:\/\/api.w.org\/{rel}","templated":true}]}}